{"id":10197,"date":"2024-09-14T19:10:18","date_gmt":"2024-09-14T23:10:18","guid":{"rendered":"https:\/\/www.nicecaribe.com\/linea-activo-organethic-copy\/"},"modified":"2026-03-29T14:15:20","modified_gmt":"2026-03-29T18:15:20","slug":"man-care-organethic","status":"publish","type":"page","link":"https:\/\/www.nicecaribe.com\/en\/man-care-organethic\/","title":{"rendered":"L\u00ednea Man Care \u2013 Organethic Pure Care"},"content":{"rendered":"<div class=\"wpb-content-wrapper\"><div class=\"vc_row wpb_row vc_row-fluid\" ><div class=\"wpb_column vc_column_container vc_col-sm-12 vc_col-has-fill\"><div class=\"vc_column-inner vc_custom_1726554428390\"><div class=\"wpb_wrapper\"><\/div><\/div><\/div><\/div><div class=\"qodef-row-grid-section-wrapper\"  ><div class=\"qodef-row-grid-section\"><div class=\"vc_row wpb_row vc_row-fluid vc_custom_1725863646678 vc_row-o-content-middle vc_row-flex\" ><div class=\"wpb_column vc_column_container vc_col-sm-12\"><div class=\"vc_column-inner\"><div class=\"wpb_wrapper\"><p style=\"font-size: 28px;color: #3e3c3c;line-height: 1.3;text-align: center;font-family:Raleway;font-weight:600;font-style:normal\" class=\"vc_custom_heading vc_do_custom_heading\" >MAN CARE<\/p><p style=\"font-size: 18px;color: #3e3c3c;line-height: 1.3;text-align: center;font-family:Raleway;font-weight:400;font-style:normal\" class=\"vc_custom_heading vc_do_custom_heading\" >The Man Care line is designed for the man who wants to take care of himself, not only in the salon, but also at home. It is suitable for daily use: the anti-dandruff properties are complemented by the moisturizing effect of the bath foam for intense and long-lasting action.<\/p><div class=\"qodef-separator-holder clearfix  qodef-separator-center\">\n\t<div class=\"qodef-separator\" style=\"border-color: #000000;border-style: solid;width: 70%;border-bottom-width: 1px;margin-top: 20px\"><\/div>\n<\/div>\n<\/div><\/div><\/div><\/div><\/div><\/div><div class=\"qodef-row-grid-section-wrapper\"  ><div class=\"qodef-row-grid-section\"><div class=\"vc_row wpb_row vc_row-fluid vc_custom_1719210636676\" ><div class=\"wpb_column vc_column_container vc_col-sm-3\"><div class=\"vc_column-inner vc_custom_1725863997867\"><div class=\"wpb_wrapper\">\n\t<div  class=\"wpb_single_image wpb_content_element vc_align_center wpb_content_element\">\n\t\t\n\t\t<figure class=\"wpb_wrapper vc_figure\">\n\t\t\t<a href=\"https:\/\/www.nicecaribe.com\/en\/hairbeard-shampoo-mancare\/\" target=\"_blank\" class=\"vc_single_image-wrapper   vc_box_border_grey\"><img loading=\"lazy\" decoding=\"async\" width=\"1000\" height=\"1000\" src=\"https:\/\/www.nicecaribe.com\/wp-content\/uploads\/2024\/09\/OPC-MAN-CARE_HAIRBEARD-shampoo_MCD11-MCD10_1000x1000.png\" class=\"vc_single_image-img attachment-full\" alt=\"\" title=\"OPC-MAN-CARE_HAIRBEARD-shampoo_MCD11-MCD10_1000x1000\" srcset=\"https:\/\/www.nicecaribe.com\/wp-content\/uploads\/2024\/09\/OPC-MAN-CARE_HAIRBEARD-shampoo_MCD11-MCD10_1000x1000.png 1000w, https:\/\/www.nicecaribe.com\/wp-content\/uploads\/2024\/09\/OPC-MAN-CARE_HAIRBEARD-shampoo_MCD11-MCD10_1000x1000-300x300.png 300w, https:\/\/www.nicecaribe.com\/wp-content\/uploads\/2024\/09\/OPC-MAN-CARE_HAIRBEARD-shampoo_MCD11-MCD10_1000x1000-150x150.png 150w, https:\/\/www.nicecaribe.com\/wp-content\/uploads\/2024\/09\/OPC-MAN-CARE_HAIRBEARD-shampoo_MCD11-MCD10_1000x1000-768x768.png 768w, https:\/\/www.nicecaribe.com\/wp-content\/uploads\/2024\/09\/OPC-MAN-CARE_HAIRBEARD-shampoo_MCD11-MCD10_1000x1000-12x12.png 12w, https:\/\/www.nicecaribe.com\/wp-content\/uploads\/2024\/09\/OPC-MAN-CARE_HAIRBEARD-shampoo_MCD11-MCD10_1000x1000-200x200.png 200w, https:\/\/www.nicecaribe.com\/wp-content\/uploads\/2024\/09\/OPC-MAN-CARE_HAIRBEARD-shampoo_MCD11-MCD10_1000x1000-650x650.png 650w, https:\/\/www.nicecaribe.com\/wp-content\/uploads\/2024\/09\/OPC-MAN-CARE_HAIRBEARD-shampoo_MCD11-MCD10_1000x1000-600x600.png 600w, https:\/\/www.nicecaribe.com\/wp-content\/uploads\/2024\/09\/OPC-MAN-CARE_HAIRBEARD-shampoo_MCD11-MCD10_1000x1000-100x100.png 100w\" sizes=\"auto, (max-width: 1000px) 100vw, 1000px\" \/><\/a>\n\t\t<\/figure>\n\t<\/div>\n\n\t<div class=\"wpb_text_column wpb_content_element\" >\n\t\t<div class=\"wpb_wrapper\">\n\t\t\t<p style=\"text-align: center;\"><a href=\"https:\/\/www.nicecaribe.com\/en\/hairbeard-shampoo-mancare\/\"><strong>HAIR &amp; BEARD<\/strong><\/a><br \/>\n<a href=\"https:\/\/www.nicecaribe.com\/en\/hairbeard-shampoo-mancare\/\"><strong>shampoo<\/strong><\/a><\/p>\n\n\t\t<\/div>\n\t<\/div>\n<\/div><\/div><\/div><div class=\"wpb_column vc_column_container vc_col-sm-3\"><div class=\"vc_column-inner vc_custom_1725864003598\"><div class=\"wpb_wrapper\">\n\t<div  class=\"wpb_single_image wpb_content_element vc_align_center wpb_content_element\">\n\t\t\n\t\t<figure class=\"wpb_wrapper vc_figure\">\n\t\t\t<a href=\"https:\/\/www.nicecaribe.com\/en\/fresh-daily-conditioner-mancare\/\" target=\"_blank\" class=\"vc_single_image-wrapper   vc_box_border_grey\"><img loading=\"lazy\" decoding=\"async\" width=\"1000\" height=\"1000\" src=\"https:\/\/www.nicecaribe.com\/wp-content\/uploads\/2024\/09\/OPC-MAN-CARE_FRESH-DAILY-conditioner_MCD20_1000x1000.png\" class=\"vc_single_image-img attachment-full\" alt=\"\" title=\"OPC-MAN-CARE_FRESH-DAILY-conditioner_MCD20_1000x1000\" srcset=\"https:\/\/www.nicecaribe.com\/wp-content\/uploads\/2024\/09\/OPC-MAN-CARE_FRESH-DAILY-conditioner_MCD20_1000x1000.png 1000w, https:\/\/www.nicecaribe.com\/wp-content\/uploads\/2024\/09\/OPC-MAN-CARE_FRESH-DAILY-conditioner_MCD20_1000x1000-300x300.png 300w, https:\/\/www.nicecaribe.com\/wp-content\/uploads\/2024\/09\/OPC-MAN-CARE_FRESH-DAILY-conditioner_MCD20_1000x1000-150x150.png 150w, https:\/\/www.nicecaribe.com\/wp-content\/uploads\/2024\/09\/OPC-MAN-CARE_FRESH-DAILY-conditioner_MCD20_1000x1000-768x768.png 768w, https:\/\/www.nicecaribe.com\/wp-content\/uploads\/2024\/09\/OPC-MAN-CARE_FRESH-DAILY-conditioner_MCD20_1000x1000-12x12.png 12w, https:\/\/www.nicecaribe.com\/wp-content\/uploads\/2024\/09\/OPC-MAN-CARE_FRESH-DAILY-conditioner_MCD20_1000x1000-200x200.png 200w, https:\/\/www.nicecaribe.com\/wp-content\/uploads\/2024\/09\/OPC-MAN-CARE_FRESH-DAILY-conditioner_MCD20_1000x1000-650x650.png 650w, https:\/\/www.nicecaribe.com\/wp-content\/uploads\/2024\/09\/OPC-MAN-CARE_FRESH-DAILY-conditioner_MCD20_1000x1000-600x600.png 600w, https:\/\/www.nicecaribe.com\/wp-content\/uploads\/2024\/09\/OPC-MAN-CARE_FRESH-DAILY-conditioner_MCD20_1000x1000-100x100.png 100w\" sizes=\"auto, (max-width: 1000px) 100vw, 1000px\" \/><\/a>\n\t\t<\/figure>\n\t<\/div>\n\n\t<div class=\"wpb_text_column wpb_content_element\" >\n\t\t<div class=\"wpb_wrapper\">\n\t\t\t<p style=\"text-align: center;\"><a href=\"https:\/\/www.nicecaribe.com\/en\/fresh-daily-conditioner-mancare\/\"><strong>FRESH DAILY<\/strong><\/a><br \/>\n<a href=\"https:\/\/www.nicecaribe.com\/en\/fresh-daily-conditioner-mancare\/\"><strong>conditioner<\/strong><\/a><\/p>\n\n\t\t<\/div>\n\t<\/div>\n<\/div><\/div><\/div><div class=\"wpb_column vc_column_container vc_col-sm-3\"><div class=\"vc_column-inner\"><div class=\"wpb_wrapper\">\n\t<div  class=\"wpb_single_image wpb_content_element vc_align_center wpb_content_element\">\n\t\t\n\t\t<figure class=\"wpb_wrapper vc_figure\">\n\t\t\t<a href=\"https:\/\/www.nicecaribe.com\/en\/gel-bano-mancare\/\" target=\"_blank\" class=\"vc_single_image-wrapper   vc_box_border_grey\"><img loading=\"lazy\" decoding=\"async\" width=\"1000\" height=\"1000\" src=\"https:\/\/www.nicecaribe.com\/wp-content\/uploads\/2024\/09\/OPC-MAN-CARE_DAILY-body-wash_MCD30_1000x1000.png\" class=\"vc_single_image-img attachment-full\" alt=\"\" title=\"OPC-MAN-CARE_DAILY-body-wash_MCD30_1000x1000\" srcset=\"https:\/\/www.nicecaribe.com\/wp-content\/uploads\/2024\/09\/OPC-MAN-CARE_DAILY-body-wash_MCD30_1000x1000.png 1000w, https:\/\/www.nicecaribe.com\/wp-content\/uploads\/2024\/09\/OPC-MAN-CARE_DAILY-body-wash_MCD30_1000x1000-300x300.png 300w, https:\/\/www.nicecaribe.com\/wp-content\/uploads\/2024\/09\/OPC-MAN-CARE_DAILY-body-wash_MCD30_1000x1000-150x150.png 150w, https:\/\/www.nicecaribe.com\/wp-content\/uploads\/2024\/09\/OPC-MAN-CARE_DAILY-body-wash_MCD30_1000x1000-768x768.png 768w, https:\/\/www.nicecaribe.com\/wp-content\/uploads\/2024\/09\/OPC-MAN-CARE_DAILY-body-wash_MCD30_1000x1000-12x12.png 12w, https:\/\/www.nicecaribe.com\/wp-content\/uploads\/2024\/09\/OPC-MAN-CARE_DAILY-body-wash_MCD30_1000x1000-200x200.png 200w, https:\/\/www.nicecaribe.com\/wp-content\/uploads\/2024\/09\/OPC-MAN-CARE_DAILY-body-wash_MCD30_1000x1000-650x650.png 650w, https:\/\/www.nicecaribe.com\/wp-content\/uploads\/2024\/09\/OPC-MAN-CARE_DAILY-body-wash_MCD30_1000x1000-600x600.png 600w, https:\/\/www.nicecaribe.com\/wp-content\/uploads\/2024\/09\/OPC-MAN-CARE_DAILY-body-wash_MCD30_1000x1000-100x100.png 100w\" sizes=\"auto, (max-width: 1000px) 100vw, 1000px\" \/><\/a>\n\t\t<\/figure>\n\t<\/div>\n\n\t<div class=\"wpb_text_column wpb_content_element\" >\n\t\t<div class=\"wpb_wrapper\">\n\t\t\t<p style=\"text-align: center;\"><a href=\"https:\/\/www.nicecaribe.com\/en\/gel-bano-mancare\/\"><strong>DAILY<\/strong><\/a><br \/>\n<a href=\"https:\/\/www.nicecaribe.com\/en\/gel-bano-mancare\/\"><strong>body wash<\/strong><\/a><\/p>\n\n\t\t<\/div>\n\t<\/div>\n<\/div><\/div><\/div><div class=\"wpb_column vc_column_container vc_col-sm-3\"><div class=\"vc_column-inner\"><div class=\"wpb_wrapper\"><\/div><\/div><\/div><\/div><\/div><\/div>\n<\/div>","protected":false},"excerpt":{"rendered":"MAN CARELa l\u00ednea Man Care est\u00e1 pensada para el hombre que quiere cuidarse, no s\u00f3lo en el sal\u00f3n, sino tambi\u00e9n en casa. Es adecuado para uso diario: las propiedades anticaspa se complementan con el efecto hidratante del gel de ducha para una acci\u00f3n intensa y duradera. PELO Y BARBA champ\u00fa [...]","protected":false},"author":2,"featured_media":0,"parent":0,"menu_order":0,"comment_status":"closed","ping_status":"closed","template":"full-width.php","meta":{"_coblocks_attr":"","_coblocks_dimensions":"","_coblocks_responsive_height":"","_coblocks_accordion_ie_support":"","om_disable_all_campaigns":false,"footnotes":""},"class_list":["post-10197","page","type-page","status-publish","hentry"],"yoast_head":"<!-- This site is optimized with the Yoast SEO plugin v27.4 - https:\/\/yoast.com\/product\/yoast-seo-wordpress\/ -->\n<title>L\u00ednea Man Care \u2013 Organethic Pure Care - Nice Caribe | Wellness Distributors<\/title>\n<meta name=\"description\" content=\"Una empresa aromatizada es el marco perfecto para complementar la experiencia sensorial de sus usuarios y colaboradores. Adem\u00e1s, en el \u00e1mbito mercadol\u00f3gico promueve un vinculo de fidelidad entre el cliente empresa que perdurara a trav\u00e9s del tiempo. Un exquisito aroma puede crear el sello distintivo de marca haci\u00e9ndolo a su vez inolvidable.\" \/>\n<meta name=\"robots\" content=\"index, follow, max-snippet:-1, max-image-preview:large, max-video-preview:-1\" \/>\n<link rel=\"canonical\" href=\"https:\/\/www.nicecaribe.com\/en\/man-care-organethic\/\" \/>\n<meta property=\"og:locale\" content=\"en_US\" \/>\n<meta property=\"og:type\" content=\"article\" \/>\n<meta property=\"og:title\" content=\"L\u00ednea Man Care \u2013 Organethic Pure Care - Nice Caribe | Wellness Distributors\" \/>\n<meta property=\"og:description\" content=\"Una empresa aromatizada es el marco perfecto para complementar la experiencia sensorial de sus usuarios y colaboradores. Adem\u00e1s, en el \u00e1mbito mercadol\u00f3gico promueve un vinculo de fidelidad entre el cliente empresa que perdurara a trav\u00e9s del tiempo. Un exquisito aroma puede crear el sello distintivo de marca haci\u00e9ndolo a su vez inolvidable.\" \/>\n<meta property=\"og:url\" content=\"https:\/\/www.nicecaribe.com\/en\/man-care-organethic\/\" \/>\n<meta property=\"og:site_name\" content=\"Nice Caribe | Wellness Distributors\" \/>\n<meta property=\"article:publisher\" content=\"https:\/\/www.facebook.com\/nicecaribesrl\" \/>\n<meta property=\"article:modified_time\" content=\"2026-03-29T18:15:20+00:00\" \/>\n<meta name=\"twitter:card\" content=\"summary_large_image\" \/>\n<meta name=\"twitter:label1\" content=\"Est. reading time\" \/>\n\t<meta name=\"twitter:data1\" content=\"2 minutes\" \/>\n<script type=\"application\/ld+json\" class=\"yoast-schema-graph\">{\"@context\":\"https:\\\/\\\/schema.org\",\"@graph\":[{\"@type\":\"WebPage\",\"@id\":\"https:\\\/\\\/www.nicecaribe.com\\\/man-care-organethic\\\/\",\"url\":\"https:\\\/\\\/www.nicecaribe.com\\\/man-care-organethic\\\/\",\"name\":\"L\u00ednea Man Care \u2013 Organethic Pure Care - Nice Caribe | Wellness Distributors\",\"isPartOf\":{\"@id\":\"https:\\\/\\\/www.nicecaribe.com\\\/es\\\/#website\"},\"datePublished\":\"2024-09-14T23:10:18+00:00\",\"dateModified\":\"2026-03-29T18:15:20+00:00\",\"description\":\"Una empresa aromatizada es el marco perfecto para complementar la experiencia sensorial de sus usuarios y colaboradores. Adem\u00e1s, en el \u00e1mbito mercadol\u00f3gico promueve un vinculo de fidelidad entre el cliente empresa que perdurara a trav\u00e9s del tiempo. Un exquisito aroma puede crear el sello distintivo de marca haci\u00e9ndolo a su vez inolvidable.\",\"breadcrumb\":{\"@id\":\"https:\\\/\\\/www.nicecaribe.com\\\/man-care-organethic\\\/#breadcrumb\"},\"inLanguage\":\"en-US\",\"potentialAction\":[{\"@type\":\"ReadAction\",\"target\":[\"https:\\\/\\\/www.nicecaribe.com\\\/man-care-organethic\\\/\"]}]},{\"@type\":\"BreadcrumbList\",\"@id\":\"https:\\\/\\\/www.nicecaribe.com\\\/man-care-organethic\\\/#breadcrumb\",\"itemListElement\":[{\"@type\":\"ListItem\",\"position\":1,\"name\":\"Home\",\"item\":\"https:\\\/\\\/www.nicecaribe.com\\\/en\\\/\"},{\"@type\":\"ListItem\",\"position\":2,\"name\":\"L\u00ednea Man Care \u2013 Organethic Pure Care\"}]},{\"@type\":\"WebSite\",\"@id\":\"https:\\\/\\\/www.nicecaribe.com\\\/es\\\/#website\",\"url\":\"https:\\\/\\\/www.nicecaribe.com\\\/es\\\/\",\"name\":\"Nice Caribe | Wellness Distributors\",\"description\":\"Productos para el bienestar integral, elaborados con aceites esenciales de grado terap\u00e9utico y f\u00e1cil incorporaci\u00f3n en tu diario vivir.\",\"publisher\":{\"@id\":\"https:\\\/\\\/www.nicecaribe.com\\\/es\\\/#organization\"},\"potentialAction\":[{\"@type\":\"SearchAction\",\"target\":{\"@type\":\"EntryPoint\",\"urlTemplate\":\"https:\\\/\\\/www.nicecaribe.com\\\/es\\\/?s={search_term_string}\"},\"query-input\":{\"@type\":\"PropertyValueSpecification\",\"valueRequired\":true,\"valueName\":\"search_term_string\"}}],\"inLanguage\":\"en-US\"},{\"@type\":\"Organization\",\"@id\":\"https:\\\/\\\/www.nicecaribe.com\\\/es\\\/#organization\",\"name\":\"Nice Caribe | Wellness Distributors\",\"url\":\"https:\\\/\\\/www.nicecaribe.com\\\/es\\\/\",\"logo\":{\"@type\":\"ImageObject\",\"inLanguage\":\"en-US\",\"@id\":\"https:\\\/\\\/www.nicecaribe.com\\\/es\\\/#\\\/schema\\\/logo\\\/image\\\/\",\"url\":\"https:\\\/\\\/www.nicecaribe.com\\\/wp-content\\\/uploads\\\/2024\\\/11\\\/footer-logo-new.png\",\"contentUrl\":\"https:\\\/\\\/www.nicecaribe.com\\\/wp-content\\\/uploads\\\/2024\\\/11\\\/footer-logo-new.png\",\"width\":206,\"height\":41,\"caption\":\"Nice Caribe | Wellness Distributors\"},\"image\":{\"@id\":\"https:\\\/\\\/www.nicecaribe.com\\\/es\\\/#\\\/schema\\\/logo\\\/image\\\/\"},\"sameAs\":[\"https:\\\/\\\/www.facebook.com\\\/nicecaribesrl\",\"https:\\\/\\\/www.instagram.com\\\/nicecariberd\\\/\",\"https:\\\/\\\/www.youtube.com\\\/@nicecaribe\",\"https:\\\/\\\/www.linkedin.com\\\/company\\\/nicecaribe\"]}]}<\/script>\n<!-- \/ Yoast SEO plugin. -->","yoast_head_json":{"title":"L\u00ednea Man Care \u2013 Organethic Pure Care - Nice Caribe | Wellness Distributors","description":"Una empresa aromatizada es el marco perfecto para complementar la experiencia sensorial de sus usuarios y colaboradores. Adem\u00e1s, en el \u00e1mbito mercadol\u00f3gico promueve un vinculo de fidelidad entre el cliente empresa que perdurara a trav\u00e9s del tiempo. Un exquisito aroma puede crear el sello distintivo de marca haci\u00e9ndolo a su vez inolvidable.","robots":{"index":"index","follow":"follow","max-snippet":"max-snippet:-1","max-image-preview":"max-image-preview:large","max-video-preview":"max-video-preview:-1"},"canonical":"https:\/\/www.nicecaribe.com\/en\/man-care-organethic\/","og_locale":"en_US","og_type":"article","og_title":"L\u00ednea Man Care \u2013 Organethic Pure Care - Nice Caribe | Wellness Distributors","og_description":"Una empresa aromatizada es el marco perfecto para complementar la experiencia sensorial de sus usuarios y colaboradores. Adem\u00e1s, en el \u00e1mbito mercadol\u00f3gico promueve un vinculo de fidelidad entre el cliente empresa que perdurara a trav\u00e9s del tiempo. Un exquisito aroma puede crear el sello distintivo de marca haci\u00e9ndolo a su vez inolvidable.","og_url":"https:\/\/www.nicecaribe.com\/en\/man-care-organethic\/","og_site_name":"Nice Caribe | Wellness Distributors","article_publisher":"https:\/\/www.facebook.com\/nicecaribesrl","article_modified_time":"2026-03-29T18:15:20+00:00","twitter_card":"summary_large_image","twitter_misc":{"Est. reading time":"2 minutes"},"schema":{"@context":"https:\/\/schema.org","@graph":[{"@type":"WebPage","@id":"https:\/\/www.nicecaribe.com\/man-care-organethic\/","url":"https:\/\/www.nicecaribe.com\/man-care-organethic\/","name":"L\u00ednea Man Care \u2013 Organethic Pure Care - Nice Caribe | Wellness Distributors","isPartOf":{"@id":"https:\/\/www.nicecaribe.com\/es\/#website"},"datePublished":"2024-09-14T23:10:18+00:00","dateModified":"2026-03-29T18:15:20+00:00","description":"Una empresa aromatizada es el marco perfecto para complementar la experiencia sensorial de sus usuarios y colaboradores. Adem\u00e1s, en el \u00e1mbito mercadol\u00f3gico promueve un vinculo de fidelidad entre el cliente empresa que perdurara a trav\u00e9s del tiempo. Un exquisito aroma puede crear el sello distintivo de marca haci\u00e9ndolo a su vez inolvidable.","breadcrumb":{"@id":"https:\/\/www.nicecaribe.com\/man-care-organethic\/#breadcrumb"},"inLanguage":"en-US","potentialAction":[{"@type":"ReadAction","target":["https:\/\/www.nicecaribe.com\/man-care-organethic\/"]}]},{"@type":"BreadcrumbList","@id":"https:\/\/www.nicecaribe.com\/man-care-organethic\/#breadcrumb","itemListElement":[{"@type":"ListItem","position":1,"name":"Home","item":"https:\/\/www.nicecaribe.com\/en\/"},{"@type":"ListItem","position":2,"name":"L\u00ednea Man Care \u2013 Organethic Pure Care"}]},{"@type":"WebSite","@id":"https:\/\/www.nicecaribe.com\/es\/#website","url":"https:\/\/www.nicecaribe.com\/es\/","name":"Nice Caribe | Wellness Distributors","description":"Productos para el bienestar integral, elaborados con aceites esenciales de grado terap\u00e9utico y f\u00e1cil incorporaci\u00f3n en tu diario vivir.","publisher":{"@id":"https:\/\/www.nicecaribe.com\/es\/#organization"},"potentialAction":[{"@type":"SearchAction","target":{"@type":"EntryPoint","urlTemplate":"https:\/\/www.nicecaribe.com\/es\/?s={search_term_string}"},"query-input":{"@type":"PropertyValueSpecification","valueRequired":true,"valueName":"search_term_string"}}],"inLanguage":"en-US"},{"@type":"Organization","@id":"https:\/\/www.nicecaribe.com\/es\/#organization","name":"Nice Caribe | Wellness Distributors","url":"https:\/\/www.nicecaribe.com\/es\/","logo":{"@type":"ImageObject","inLanguage":"en-US","@id":"https:\/\/www.nicecaribe.com\/es\/#\/schema\/logo\/image\/","url":"https:\/\/www.nicecaribe.com\/wp-content\/uploads\/2024\/11\/footer-logo-new.png","contentUrl":"https:\/\/www.nicecaribe.com\/wp-content\/uploads\/2024\/11\/footer-logo-new.png","width":206,"height":41,"caption":"Nice Caribe | Wellness Distributors"},"image":{"@id":"https:\/\/www.nicecaribe.com\/es\/#\/schema\/logo\/image\/"},"sameAs":["https:\/\/www.facebook.com\/nicecaribesrl","https:\/\/www.instagram.com\/nicecariberd\/","https:\/\/www.youtube.com\/@nicecaribe","https:\/\/www.linkedin.com\/company\/nicecaribe"]}]}},"jetpack_sharing_enabled":true,"_links":{"self":[{"href":"https:\/\/www.nicecaribe.com\/en\/wp-json\/wp\/v2\/pages\/10197","targetHints":{"allow":["GET"]}}],"collection":[{"href":"https:\/\/www.nicecaribe.com\/en\/wp-json\/wp\/v2\/pages"}],"about":[{"href":"https:\/\/www.nicecaribe.com\/en\/wp-json\/wp\/v2\/types\/page"}],"author":[{"embeddable":true,"href":"https:\/\/www.nicecaribe.com\/en\/wp-json\/wp\/v2\/users\/2"}],"replies":[{"embeddable":true,"href":"https:\/\/www.nicecaribe.com\/en\/wp-json\/wp\/v2\/comments?post=10197"}],"version-history":[{"count":9,"href":"https:\/\/www.nicecaribe.com\/en\/wp-json\/wp\/v2\/pages\/10197\/revisions"}],"predecessor-version":[{"id":11596,"href":"https:\/\/www.nicecaribe.com\/en\/wp-json\/wp\/v2\/pages\/10197\/revisions\/11596"}],"wp:attachment":[{"href":"https:\/\/www.nicecaribe.com\/en\/wp-json\/wp\/v2\/media?parent=10197"}],"curies":[{"name":"wp","href":"https:\/\/api.w.org\/{rel}","templated":true}]}}