{"id":10217,"date":"2024-09-14T20:14:55","date_gmt":"2024-09-15T00:14:55","guid":{"rendered":"https:\/\/www.nicecaribe.com\/linea-inca-organethic-copy\/"},"modified":"2026-03-29T14:30:50","modified_gmt":"2026-03-29T18:30:50","slug":"linea-silk-organethic","status":"publish","type":"page","link":"https:\/\/www.nicecaribe.com\/en\/linea-silk-organethic\/","title":{"rendered":"L\u00ednea Silk \u2013 Organethic Pure Care"},"content":{"rendered":"<div class=\"wpb-content-wrapper\"><div class=\"vc_row wpb_row vc_row-fluid\" ><div class=\"wpb_column vc_column_container vc_col-sm-12 vc_col-has-fill\"><div class=\"vc_column-inner vc_custom_1726555133500\"><div class=\"wpb_wrapper\"><\/div><\/div><\/div><\/div><div class=\"qodef-row-grid-section-wrapper\"  ><div class=\"qodef-row-grid-section\"><div class=\"vc_row wpb_row vc_row-fluid vc_custom_1725863646678 vc_row-o-content-middle vc_row-flex\" ><div class=\"wpb_column vc_column_container vc_col-sm-12\"><div class=\"vc_column-inner\"><div class=\"wpb_wrapper\"><p style=\"font-size: 28px;color: #3e3c3c;line-height: 1.3;text-align: center;font-family:Raleway;font-weight:600;font-style:normal\" class=\"vc_custom_heading vc_do_custom_heading\" >SILK<\/p><p style=\"font-size: 18px;color: #3e3c3c;line-height: 1.3;text-align: center;font-family:Raleway;font-weight:400;font-style:normal\" class=\"vc_custom_heading vc_do_custom_heading\" >La l\u00ednea Silk aporta hidrataci\u00f3n al cabello y ayuda a mantenerlo, d\u00e1ndole brillo y elasticidad. Tiene una fuerte acci\u00f3n desenredante para un efecto sedoso y suave.<\/p><p style=\"font-size: 18px;color: #3e3c3c;line-height: 1.3;text-align: center;font-family:Raleway;font-weight:400;font-style:normal\" class=\"vc_custom_heading vc_do_custom_heading\" >Aloe is a powerful hair conditioner. In fact, the gel-like substance found in Aloe Barbadensis leaf has a chemical composition similar to keratin, the protein of which the hair fiber is composed. This structural similarity, allows for easier penetration along the entire length of the hair shaft, thus ensuring perfect hydration.<\/p><div class=\"qodef-separator-holder clearfix  qodef-separator-center\">\n\t<div class=\"qodef-separator\" style=\"border-color: #000000;border-style: solid;width: 70%;border-bottom-width: 1px;margin-top: 20px\"><\/div>\n<\/div>\n<\/div><\/div><\/div><\/div><\/div><\/div><div class=\"qodef-row-grid-section-wrapper\"  ><div class=\"qodef-row-grid-section\"><div class=\"vc_row wpb_row vc_row-fluid vc_custom_1719210636676\" ><div class=\"wpb_column vc_column_container vc_col-sm-3\"><div class=\"vc_column-inner vc_custom_1725863997867\"><div class=\"wpb_wrapper\">\n\t<div  class=\"wpb_single_image wpb_content_element vc_align_center wpb_content_element\">\n\t\t\n\t\t<figure class=\"wpb_wrapper vc_figure\">\n\t\t\t<a href=\"https:\/\/www.nicecaribe.com\/en\/champu-hidratante-silk\/\" target=\"_blank\" class=\"vc_single_image-wrapper   vc_box_border_grey\"><img loading=\"lazy\" decoding=\"async\" width=\"1000\" height=\"1000\" src=\"https:\/\/www.nicecaribe.com\/wp-content\/uploads\/2024\/09\/OPC-SILK_MOISTURIZING-shampoo_S450-S451-S450MT_1000x1000-1.png\" class=\"vc_single_image-img attachment-full\" alt=\"\" title=\"OPC-SILK_MOISTURIZING-shampoo_S450-S451-S450MT_1000x1000 (1)\" srcset=\"https:\/\/www.nicecaribe.com\/wp-content\/uploads\/2024\/09\/OPC-SILK_MOISTURIZING-shampoo_S450-S451-S450MT_1000x1000-1.png 1000w, https:\/\/www.nicecaribe.com\/wp-content\/uploads\/2024\/09\/OPC-SILK_MOISTURIZING-shampoo_S450-S451-S450MT_1000x1000-1-300x300.png 300w, https:\/\/www.nicecaribe.com\/wp-content\/uploads\/2024\/09\/OPC-SILK_MOISTURIZING-shampoo_S450-S451-S450MT_1000x1000-1-150x150.png 150w, https:\/\/www.nicecaribe.com\/wp-content\/uploads\/2024\/09\/OPC-SILK_MOISTURIZING-shampoo_S450-S451-S450MT_1000x1000-1-768x768.png 768w, https:\/\/www.nicecaribe.com\/wp-content\/uploads\/2024\/09\/OPC-SILK_MOISTURIZING-shampoo_S450-S451-S450MT_1000x1000-1-12x12.png 12w, https:\/\/www.nicecaribe.com\/wp-content\/uploads\/2024\/09\/OPC-SILK_MOISTURIZING-shampoo_S450-S451-S450MT_1000x1000-1-200x200.png 200w, https:\/\/www.nicecaribe.com\/wp-content\/uploads\/2024\/09\/OPC-SILK_MOISTURIZING-shampoo_S450-S451-S450MT_1000x1000-1-650x650.png 650w, https:\/\/www.nicecaribe.com\/wp-content\/uploads\/2024\/09\/OPC-SILK_MOISTURIZING-shampoo_S450-S451-S450MT_1000x1000-1-600x600.png 600w, https:\/\/www.nicecaribe.com\/wp-content\/uploads\/2024\/09\/OPC-SILK_MOISTURIZING-shampoo_S450-S451-S450MT_1000x1000-1-100x100.png 100w\" sizes=\"auto, (max-width: 1000px) 100vw, 1000px\" \/><\/a>\n\t\t<\/figure>\n\t<\/div>\n\n\t<div class=\"wpb_text_column wpb_content_element\" >\n\t\t<div class=\"wpb_wrapper\">\n\t\t\t<p style=\"text-align: center;\"><a href=\"https:\/\/www.nicecaribe.com\/en\/champu-hidratante-silk\/\"><strong>MOISTURIZING<\/strong><\/a><br \/>\n<a href=\"https:\/\/www.nicecaribe.com\/en\/champu-hidratante-silk\/\"><strong>shampoo<\/strong><\/a><\/p>\n\n\t\t<\/div>\n\t<\/div>\n<\/div><\/div><\/div><div class=\"wpb_column vc_column_container vc_col-sm-3\"><div class=\"vc_column-inner vc_custom_1725864003598\"><div class=\"wpb_wrapper\">\n\t<div  class=\"wpb_single_image wpb_content_element vc_align_center wpb_content_element\">\n\t\t\n\t\t<figure class=\"wpb_wrapper vc_figure\">\n\t\t\t<a href=\"https:\/\/www.nicecaribe.com\/en\/champu-platino-silk\/\" target=\"_blank\" class=\"vc_single_image-wrapper   vc_box_border_grey\"><img loading=\"lazy\" decoding=\"async\" width=\"1000\" height=\"1000\" src=\"https:\/\/www.nicecaribe.com\/wp-content\/uploads\/2024\/09\/OPC-SILK_PLATINUM-shampoo_S480-S481_1000x1000.png\" class=\"vc_single_image-img attachment-full\" alt=\"\" title=\"OPC-SILK_PLATINUM-shampoo_S480-S481_1000x1000\" srcset=\"https:\/\/www.nicecaribe.com\/wp-content\/uploads\/2024\/09\/OPC-SILK_PLATINUM-shampoo_S480-S481_1000x1000.png 1000w, https:\/\/www.nicecaribe.com\/wp-content\/uploads\/2024\/09\/OPC-SILK_PLATINUM-shampoo_S480-S481_1000x1000-300x300.png 300w, https:\/\/www.nicecaribe.com\/wp-content\/uploads\/2024\/09\/OPC-SILK_PLATINUM-shampoo_S480-S481_1000x1000-150x150.png 150w, https:\/\/www.nicecaribe.com\/wp-content\/uploads\/2024\/09\/OPC-SILK_PLATINUM-shampoo_S480-S481_1000x1000-768x768.png 768w, https:\/\/www.nicecaribe.com\/wp-content\/uploads\/2024\/09\/OPC-SILK_PLATINUM-shampoo_S480-S481_1000x1000-12x12.png 12w, https:\/\/www.nicecaribe.com\/wp-content\/uploads\/2024\/09\/OPC-SILK_PLATINUM-shampoo_S480-S481_1000x1000-200x200.png 200w, https:\/\/www.nicecaribe.com\/wp-content\/uploads\/2024\/09\/OPC-SILK_PLATINUM-shampoo_S480-S481_1000x1000-650x650.png 650w, https:\/\/www.nicecaribe.com\/wp-content\/uploads\/2024\/09\/OPC-SILK_PLATINUM-shampoo_S480-S481_1000x1000-600x600.png 600w, https:\/\/www.nicecaribe.com\/wp-content\/uploads\/2024\/09\/OPC-SILK_PLATINUM-shampoo_S480-S481_1000x1000-100x100.png 100w\" sizes=\"auto, (max-width: 1000px) 100vw, 1000px\" \/><\/a>\n\t\t<\/figure>\n\t<\/div>\n\n\t<div class=\"wpb_text_column wpb_content_element\" >\n\t\t<div class=\"wpb_wrapper\">\n\t\t\t<p style=\"text-align: center;\"><a href=\"https:\/\/www.nicecaribe.com\/en\/champu-platino-silk\/\"><strong>PLATINUM<\/strong><\/a><br \/>\n<a href=\"https:\/\/www.nicecaribe.com\/en\/champu-platino-silk\/\"><strong>shampoo<\/strong><\/a><\/p>\n\n\t\t<\/div>\n\t<\/div>\n<\/div><\/div><\/div><div class=\"wpb_column vc_column_container vc_col-sm-3\"><div class=\"vc_column-inner\"><div class=\"wpb_wrapper\">\n\t<div  class=\"wpb_single_image wpb_content_element vc_align_center wpb_content_element\">\n\t\t\n\t\t<figure class=\"wpb_wrapper vc_figure\">\n\t\t\t<a href=\"https:\/\/www.nicecaribe.com\/en\/acondicionador-hidratante-opc\/\" target=\"_blank\" class=\"vc_single_image-wrapper   vc_box_border_grey\"><img loading=\"lazy\" decoding=\"async\" width=\"1000\" height=\"1000\" src=\"https:\/\/www.nicecaribe.com\/wp-content\/uploads\/2024\/09\/OPC-SILK_MOISTURIZING-conditioner_M542-M544-M542MT_1000x1000.png\" class=\"vc_single_image-img attachment-full\" alt=\"\" title=\"OPC-SILK_MOISTURIZING-conditioner_M542-M544-M542MT_1000x1000\" srcset=\"https:\/\/www.nicecaribe.com\/wp-content\/uploads\/2024\/09\/OPC-SILK_MOISTURIZING-conditioner_M542-M544-M542MT_1000x1000.png 1000w, https:\/\/www.nicecaribe.com\/wp-content\/uploads\/2024\/09\/OPC-SILK_MOISTURIZING-conditioner_M542-M544-M542MT_1000x1000-300x300.png 300w, https:\/\/www.nicecaribe.com\/wp-content\/uploads\/2024\/09\/OPC-SILK_MOISTURIZING-conditioner_M542-M544-M542MT_1000x1000-150x150.png 150w, https:\/\/www.nicecaribe.com\/wp-content\/uploads\/2024\/09\/OPC-SILK_MOISTURIZING-conditioner_M542-M544-M542MT_1000x1000-768x768.png 768w, https:\/\/www.nicecaribe.com\/wp-content\/uploads\/2024\/09\/OPC-SILK_MOISTURIZING-conditioner_M542-M544-M542MT_1000x1000-12x12.png 12w, https:\/\/www.nicecaribe.com\/wp-content\/uploads\/2024\/09\/OPC-SILK_MOISTURIZING-conditioner_M542-M544-M542MT_1000x1000-200x200.png 200w, https:\/\/www.nicecaribe.com\/wp-content\/uploads\/2024\/09\/OPC-SILK_MOISTURIZING-conditioner_M542-M544-M542MT_1000x1000-650x650.png 650w, https:\/\/www.nicecaribe.com\/wp-content\/uploads\/2024\/09\/OPC-SILK_MOISTURIZING-conditioner_M542-M544-M542MT_1000x1000-600x600.png 600w, https:\/\/www.nicecaribe.com\/wp-content\/uploads\/2024\/09\/OPC-SILK_MOISTURIZING-conditioner_M542-M544-M542MT_1000x1000-100x100.png 100w\" sizes=\"auto, (max-width: 1000px) 100vw, 1000px\" \/><\/a>\n\t\t<\/figure>\n\t<\/div>\n\n\t<div class=\"wpb_text_column wpb_content_element\" >\n\t\t<div class=\"wpb_wrapper\">\n\t\t\t<p style=\"text-align: center;\"><a href=\"https:\/\/www.nicecaribe.com\/en\/acondicionador-hidratante-opc\/\"><strong>MOISTURIZING<\/strong><\/a><br \/>\n<a href=\"https:\/\/www.nicecaribe.com\/en\/acondicionador-hidratante-opc\/\"><strong>conditioner<\/strong><\/a><\/p>\n\n\t\t<\/div>\n\t<\/div>\n<\/div><\/div><\/div><div class=\"wpb_column vc_column_container vc_col-sm-3\"><div class=\"vc_column-inner\"><div class=\"wpb_wrapper\">\n\t<div  class=\"wpb_single_image wpb_content_element vc_align_center wpb_content_element\">\n\t\t\n\t\t<figure class=\"wpb_wrapper vc_figure\">\n\t\t\t<a href=\"https:\/\/www.nicecaribe.com\/en\/crema-pociones-hidratante-silk\/\" target=\"_blank\" class=\"vc_single_image-wrapper   vc_box_border_grey\"><img loading=\"lazy\" decoding=\"async\" width=\"1000\" height=\"1000\" src=\"https:\/\/www.nicecaribe.com\/wp-content\/uploads\/2024\/09\/OPC-SILK_POTION-CREAM-leave-in-conditioner_M541-M541MT_1000x1000.png\" class=\"vc_single_image-img attachment-full\" alt=\"\" title=\"OPC-SILK_POTION-CREAM-leave-in-conditioner_M541-M541MT_1000x1000\" srcset=\"https:\/\/www.nicecaribe.com\/wp-content\/uploads\/2024\/09\/OPC-SILK_POTION-CREAM-leave-in-conditioner_M541-M541MT_1000x1000.png 1000w, https:\/\/www.nicecaribe.com\/wp-content\/uploads\/2024\/09\/OPC-SILK_POTION-CREAM-leave-in-conditioner_M541-M541MT_1000x1000-300x300.png 300w, https:\/\/www.nicecaribe.com\/wp-content\/uploads\/2024\/09\/OPC-SILK_POTION-CREAM-leave-in-conditioner_M541-M541MT_1000x1000-150x150.png 150w, https:\/\/www.nicecaribe.com\/wp-content\/uploads\/2024\/09\/OPC-SILK_POTION-CREAM-leave-in-conditioner_M541-M541MT_1000x1000-768x768.png 768w, https:\/\/www.nicecaribe.com\/wp-content\/uploads\/2024\/09\/OPC-SILK_POTION-CREAM-leave-in-conditioner_M541-M541MT_1000x1000-12x12.png 12w, https:\/\/www.nicecaribe.com\/wp-content\/uploads\/2024\/09\/OPC-SILK_POTION-CREAM-leave-in-conditioner_M541-M541MT_1000x1000-200x200.png 200w, https:\/\/www.nicecaribe.com\/wp-content\/uploads\/2024\/09\/OPC-SILK_POTION-CREAM-leave-in-conditioner_M541-M541MT_1000x1000-650x650.png 650w, https:\/\/www.nicecaribe.com\/wp-content\/uploads\/2024\/09\/OPC-SILK_POTION-CREAM-leave-in-conditioner_M541-M541MT_1000x1000-600x600.png 600w, https:\/\/www.nicecaribe.com\/wp-content\/uploads\/2024\/09\/OPC-SILK_POTION-CREAM-leave-in-conditioner_M541-M541MT_1000x1000-100x100.png 100w\" sizes=\"auto, (max-width: 1000px) 100vw, 1000px\" \/><\/a>\n\t\t<\/figure>\n\t<\/div>\n\n\t<div class=\"wpb_text_column wpb_content_element\" >\n\t\t<div class=\"wpb_wrapper\">\n\t\t\t<p style=\"text-align: center;\"><a href=\"https:\/\/www.nicecaribe.com\/en\/crema-pociones-hidratante-silk\/\"><strong>POTION CREAM<\/strong><\/a><br \/>\n<a href=\"https:\/\/www.nicecaribe.com\/en\/crema-pociones-hidratante-silk\/\"><strong>leave-in conditioner<\/strong><\/a><\/p>\n\n\t\t<\/div>\n\t<\/div>\n<\/div><\/div><\/div><\/div><\/div><\/div><div class=\"qodef-row-grid-section-wrapper\"  ><div class=\"qodef-row-grid-section\"><div class=\"vc_row wpb_row vc_row-fluid vc_custom_1719210636676\" ><div class=\"wpb_column vc_column_container vc_col-sm-3\"><div class=\"vc_column-inner vc_custom_1725863997867\"><div class=\"wpb_wrapper\"><\/div><\/div><\/div><div class=\"wpb_column vc_column_container vc_col-sm-3\"><div class=\"vc_column-inner vc_custom_1725864003598\"><div class=\"wpb_wrapper\"><\/div><\/div><\/div><div class=\"wpb_column vc_column_container vc_col-sm-3\"><div class=\"vc_column-inner\"><div class=\"wpb_wrapper\"><\/div><\/div><\/div><div class=\"wpb_column vc_column_container vc_col-sm-3\"><div class=\"vc_column-inner\"><div class=\"wpb_wrapper\"><\/div><\/div><\/div><\/div><\/div><\/div>\n<\/div>","protected":false},"excerpt":{"rendered":"SILKLa l\u00ednea Silk aporta hidrataci\u00f3n al cabello y ayuda a mantenerlo, d\u00e1ndole brillo y elasticidad. Tiene una fuerte acci\u00f3n desenredante para un efecto sedoso y suave.El aloe es un potente acondicionador del cabello. La sustancia gelatinosa de la hoja de Aloe Barbadensis tiene una composici\u00f3n qu\u00edmica similar a la queratina, [...]","protected":false},"author":2,"featured_media":0,"parent":0,"menu_order":0,"comment_status":"closed","ping_status":"closed","template":"full-width.php","meta":{"_coblocks_attr":"","_coblocks_dimensions":"","_coblocks_responsive_height":"","_coblocks_accordion_ie_support":"","om_disable_all_campaigns":false,"footnotes":""},"class_list":["post-10217","page","type-page","status-publish","hentry"],"yoast_head":"<!-- This site is optimized with the Yoast SEO plugin v27.4 - https:\/\/yoast.com\/product\/yoast-seo-wordpress\/ -->\n<title>L\u00ednea Silk \u2013 Organethic Pure Care - Nice Caribe | Wellness Distributors<\/title>\n<meta name=\"description\" content=\"Una empresa aromatizada es el marco perfecto para complementar la experiencia sensorial de sus usuarios y colaboradores. Adem\u00e1s, en el \u00e1mbito mercadol\u00f3gico promueve un vinculo de fidelidad entre el cliente empresa que perdurara a trav\u00e9s del tiempo. Un exquisito aroma puede crear el sello distintivo de marca haci\u00e9ndolo a su vez inolvidable.\" \/>\n<meta name=\"robots\" content=\"index, follow, max-snippet:-1, max-image-preview:large, max-video-preview:-1\" \/>\n<link rel=\"canonical\" href=\"https:\/\/www.nicecaribe.com\/en\/linea-silk-organethic\/\" \/>\n<meta property=\"og:locale\" content=\"en_US\" \/>\n<meta property=\"og:type\" content=\"article\" \/>\n<meta property=\"og:title\" content=\"L\u00ednea Silk \u2013 Organethic Pure Care - Nice Caribe | Wellness Distributors\" \/>\n<meta property=\"og:description\" content=\"Una empresa aromatizada es el marco perfecto para complementar la experiencia sensorial de sus usuarios y colaboradores. Adem\u00e1s, en el \u00e1mbito mercadol\u00f3gico promueve un vinculo de fidelidad entre el cliente empresa que perdurara a trav\u00e9s del tiempo. Un exquisito aroma puede crear el sello distintivo de marca haci\u00e9ndolo a su vez inolvidable.\" \/>\n<meta property=\"og:url\" content=\"https:\/\/www.nicecaribe.com\/en\/linea-silk-organethic\/\" \/>\n<meta property=\"og:site_name\" content=\"Nice Caribe | Wellness Distributors\" \/>\n<meta property=\"article:publisher\" content=\"https:\/\/www.facebook.com\/nicecaribesrl\" \/>\n<meta property=\"article:modified_time\" content=\"2026-03-29T18:30:50+00:00\" \/>\n<meta name=\"twitter:card\" content=\"summary_large_image\" \/>\n<meta name=\"twitter:label1\" content=\"Est. reading time\" \/>\n\t<meta name=\"twitter:data1\" content=\"2 minutes\" \/>\n<script type=\"application\/ld+json\" class=\"yoast-schema-graph\">{\"@context\":\"https:\\\/\\\/schema.org\",\"@graph\":[{\"@type\":\"WebPage\",\"@id\":\"https:\\\/\\\/www.nicecaribe.com\\\/linea-silk-organethic\\\/\",\"url\":\"https:\\\/\\\/www.nicecaribe.com\\\/linea-silk-organethic\\\/\",\"name\":\"L\u00ednea Silk \u2013 Organethic Pure Care - Nice Caribe | Wellness Distributors\",\"isPartOf\":{\"@id\":\"https:\\\/\\\/www.nicecaribe.com\\\/es\\\/#website\"},\"datePublished\":\"2024-09-15T00:14:55+00:00\",\"dateModified\":\"2026-03-29T18:30:50+00:00\",\"description\":\"Una empresa aromatizada es el marco perfecto para complementar la experiencia sensorial de sus usuarios y colaboradores. Adem\u00e1s, en el \u00e1mbito mercadol\u00f3gico promueve un vinculo de fidelidad entre el cliente empresa que perdurara a trav\u00e9s del tiempo. Un exquisito aroma puede crear el sello distintivo de marca haci\u00e9ndolo a su vez inolvidable.\",\"breadcrumb\":{\"@id\":\"https:\\\/\\\/www.nicecaribe.com\\\/linea-silk-organethic\\\/#breadcrumb\"},\"inLanguage\":\"en-US\",\"potentialAction\":[{\"@type\":\"ReadAction\",\"target\":[\"https:\\\/\\\/www.nicecaribe.com\\\/linea-silk-organethic\\\/\"]}]},{\"@type\":\"BreadcrumbList\",\"@id\":\"https:\\\/\\\/www.nicecaribe.com\\\/linea-silk-organethic\\\/#breadcrumb\",\"itemListElement\":[{\"@type\":\"ListItem\",\"position\":1,\"name\":\"Home\",\"item\":\"https:\\\/\\\/www.nicecaribe.com\\\/en\\\/\"},{\"@type\":\"ListItem\",\"position\":2,\"name\":\"L\u00ednea Silk \u2013 Organethic Pure Care\"}]},{\"@type\":\"WebSite\",\"@id\":\"https:\\\/\\\/www.nicecaribe.com\\\/es\\\/#website\",\"url\":\"https:\\\/\\\/www.nicecaribe.com\\\/es\\\/\",\"name\":\"Nice Caribe | Wellness Distributors\",\"description\":\"Productos para el bienestar integral, elaborados con aceites esenciales de grado terap\u00e9utico y f\u00e1cil incorporaci\u00f3n en tu diario vivir.\",\"publisher\":{\"@id\":\"https:\\\/\\\/www.nicecaribe.com\\\/es\\\/#organization\"},\"potentialAction\":[{\"@type\":\"SearchAction\",\"target\":{\"@type\":\"EntryPoint\",\"urlTemplate\":\"https:\\\/\\\/www.nicecaribe.com\\\/es\\\/?s={search_term_string}\"},\"query-input\":{\"@type\":\"PropertyValueSpecification\",\"valueRequired\":true,\"valueName\":\"search_term_string\"}}],\"inLanguage\":\"en-US\"},{\"@type\":\"Organization\",\"@id\":\"https:\\\/\\\/www.nicecaribe.com\\\/es\\\/#organization\",\"name\":\"Nice Caribe | Wellness Distributors\",\"url\":\"https:\\\/\\\/www.nicecaribe.com\\\/es\\\/\",\"logo\":{\"@type\":\"ImageObject\",\"inLanguage\":\"en-US\",\"@id\":\"https:\\\/\\\/www.nicecaribe.com\\\/es\\\/#\\\/schema\\\/logo\\\/image\\\/\",\"url\":\"https:\\\/\\\/www.nicecaribe.com\\\/wp-content\\\/uploads\\\/2024\\\/11\\\/footer-logo-new.png\",\"contentUrl\":\"https:\\\/\\\/www.nicecaribe.com\\\/wp-content\\\/uploads\\\/2024\\\/11\\\/footer-logo-new.png\",\"width\":206,\"height\":41,\"caption\":\"Nice Caribe | Wellness Distributors\"},\"image\":{\"@id\":\"https:\\\/\\\/www.nicecaribe.com\\\/es\\\/#\\\/schema\\\/logo\\\/image\\\/\"},\"sameAs\":[\"https:\\\/\\\/www.facebook.com\\\/nicecaribesrl\",\"https:\\\/\\\/www.instagram.com\\\/nicecariberd\\\/\",\"https:\\\/\\\/www.youtube.com\\\/@nicecaribe\",\"https:\\\/\\\/www.linkedin.com\\\/company\\\/nicecaribe\"]}]}<\/script>\n<!-- \/ Yoast SEO plugin. -->","yoast_head_json":{"title":"L\u00ednea Silk \u2013 Organethic Pure Care - Nice Caribe | Wellness Distributors","description":"Una empresa aromatizada es el marco perfecto para complementar la experiencia sensorial de sus usuarios y colaboradores. Adem\u00e1s, en el \u00e1mbito mercadol\u00f3gico promueve un vinculo de fidelidad entre el cliente empresa que perdurara a trav\u00e9s del tiempo. Un exquisito aroma puede crear el sello distintivo de marca haci\u00e9ndolo a su vez inolvidable.","robots":{"index":"index","follow":"follow","max-snippet":"max-snippet:-1","max-image-preview":"max-image-preview:large","max-video-preview":"max-video-preview:-1"},"canonical":"https:\/\/www.nicecaribe.com\/en\/linea-silk-organethic\/","og_locale":"en_US","og_type":"article","og_title":"L\u00ednea Silk \u2013 Organethic Pure Care - Nice Caribe | Wellness Distributors","og_description":"Una empresa aromatizada es el marco perfecto para complementar la experiencia sensorial de sus usuarios y colaboradores. Adem\u00e1s, en el \u00e1mbito mercadol\u00f3gico promueve un vinculo de fidelidad entre el cliente empresa que perdurara a trav\u00e9s del tiempo. Un exquisito aroma puede crear el sello distintivo de marca haci\u00e9ndolo a su vez inolvidable.","og_url":"https:\/\/www.nicecaribe.com\/en\/linea-silk-organethic\/","og_site_name":"Nice Caribe | Wellness Distributors","article_publisher":"https:\/\/www.facebook.com\/nicecaribesrl","article_modified_time":"2026-03-29T18:30:50+00:00","twitter_card":"summary_large_image","twitter_misc":{"Est. reading time":"2 minutes"},"schema":{"@context":"https:\/\/schema.org","@graph":[{"@type":"WebPage","@id":"https:\/\/www.nicecaribe.com\/linea-silk-organethic\/","url":"https:\/\/www.nicecaribe.com\/linea-silk-organethic\/","name":"L\u00ednea Silk \u2013 Organethic Pure Care - Nice Caribe | Wellness Distributors","isPartOf":{"@id":"https:\/\/www.nicecaribe.com\/es\/#website"},"datePublished":"2024-09-15T00:14:55+00:00","dateModified":"2026-03-29T18:30:50+00:00","description":"Una empresa aromatizada es el marco perfecto para complementar la experiencia sensorial de sus usuarios y colaboradores. Adem\u00e1s, en el \u00e1mbito mercadol\u00f3gico promueve un vinculo de fidelidad entre el cliente empresa que perdurara a trav\u00e9s del tiempo. Un exquisito aroma puede crear el sello distintivo de marca haci\u00e9ndolo a su vez inolvidable.","breadcrumb":{"@id":"https:\/\/www.nicecaribe.com\/linea-silk-organethic\/#breadcrumb"},"inLanguage":"en-US","potentialAction":[{"@type":"ReadAction","target":["https:\/\/www.nicecaribe.com\/linea-silk-organethic\/"]}]},{"@type":"BreadcrumbList","@id":"https:\/\/www.nicecaribe.com\/linea-silk-organethic\/#breadcrumb","itemListElement":[{"@type":"ListItem","position":1,"name":"Home","item":"https:\/\/www.nicecaribe.com\/en\/"},{"@type":"ListItem","position":2,"name":"L\u00ednea Silk \u2013 Organethic Pure Care"}]},{"@type":"WebSite","@id":"https:\/\/www.nicecaribe.com\/es\/#website","url":"https:\/\/www.nicecaribe.com\/es\/","name":"Nice Caribe | Wellness Distributors","description":"Productos para el bienestar integral, elaborados con aceites esenciales de grado terap\u00e9utico y f\u00e1cil incorporaci\u00f3n en tu diario vivir.","publisher":{"@id":"https:\/\/www.nicecaribe.com\/es\/#organization"},"potentialAction":[{"@type":"SearchAction","target":{"@type":"EntryPoint","urlTemplate":"https:\/\/www.nicecaribe.com\/es\/?s={search_term_string}"},"query-input":{"@type":"PropertyValueSpecification","valueRequired":true,"valueName":"search_term_string"}}],"inLanguage":"en-US"},{"@type":"Organization","@id":"https:\/\/www.nicecaribe.com\/es\/#organization","name":"Nice Caribe | Wellness Distributors","url":"https:\/\/www.nicecaribe.com\/es\/","logo":{"@type":"ImageObject","inLanguage":"en-US","@id":"https:\/\/www.nicecaribe.com\/es\/#\/schema\/logo\/image\/","url":"https:\/\/www.nicecaribe.com\/wp-content\/uploads\/2024\/11\/footer-logo-new.png","contentUrl":"https:\/\/www.nicecaribe.com\/wp-content\/uploads\/2024\/11\/footer-logo-new.png","width":206,"height":41,"caption":"Nice Caribe | Wellness Distributors"},"image":{"@id":"https:\/\/www.nicecaribe.com\/es\/#\/schema\/logo\/image\/"},"sameAs":["https:\/\/www.facebook.com\/nicecaribesrl","https:\/\/www.instagram.com\/nicecariberd\/","https:\/\/www.youtube.com\/@nicecaribe","https:\/\/www.linkedin.com\/company\/nicecaribe"]}]}},"jetpack_sharing_enabled":true,"_links":{"self":[{"href":"https:\/\/www.nicecaribe.com\/en\/wp-json\/wp\/v2\/pages\/10217","targetHints":{"allow":["GET"]}}],"collection":[{"href":"https:\/\/www.nicecaribe.com\/en\/wp-json\/wp\/v2\/pages"}],"about":[{"href":"https:\/\/www.nicecaribe.com\/en\/wp-json\/wp\/v2\/types\/page"}],"author":[{"embeddable":true,"href":"https:\/\/www.nicecaribe.com\/en\/wp-json\/wp\/v2\/users\/2"}],"replies":[{"embeddable":true,"href":"https:\/\/www.nicecaribe.com\/en\/wp-json\/wp\/v2\/comments?post=10217"}],"version-history":[{"count":12,"href":"https:\/\/www.nicecaribe.com\/en\/wp-json\/wp\/v2\/pages\/10217\/revisions"}],"predecessor-version":[{"id":11607,"href":"https:\/\/www.nicecaribe.com\/en\/wp-json\/wp\/v2\/pages\/10217\/revisions\/11607"}],"wp:attachment":[{"href":"https:\/\/www.nicecaribe.com\/en\/wp-json\/wp\/v2\/media?parent=10217"}],"curies":[{"name":"wp","href":"https:\/\/api.w.org\/{rel}","templated":true}]}}