{"id":10103,"date":"2024-08-07T00:23:48","date_gmt":"2024-08-07T04:23:48","guid":{"rendered":"https:\/\/www.nicecaribe.com\/?post_type=product&#038;p=10103"},"modified":"2026-03-30T00:32:49","modified_gmt":"2026-03-30T04:32:49","slug":"difusor-pulverizador-scentcorp-day-and-night","status":"publish","type":"product","link":"https:\/\/www.nicecaribe.com\/en\/product\/difusor-pulverizador-scentcorp-day-and-night\/","title":{"rendered":"Difusor Pulverizador Scentcorp Day and Night"},"content":{"rendered":"","protected":false},"excerpt":{"rendered":"<p>Dual atomizer, ideal for the use of two aromas without the need to change containers. Provides a coverage of up to 120 m3 with several intensities to choose from. Its modern and delicate design allows seamless integration to the existing decoration while enjoying two scent options depending on the mood or environmental need.<\/p>","protected":false},"featured_media":10104,"comment_status":"open","ping_status":"closed","template":"","meta":{"_coblocks_attr":"","_coblocks_dimensions":"","_coblocks_responsive_height":"","_coblocks_accordion_ie_support":"","om_disable_all_campaigns":false},"product_brand":[],"product_cat":[378,258],"product_tag":[],"class_list":{"0":"post-10103","1":"product","2":"type-product","3":"status-publish","4":"has-post-thumbnail","6":"product_cat-30-400-m3","7":"product_cat-difusores-scentcorp","9":"first","10":"instock","11":"shipping-taxable","12":"purchasable","13":"product-type-simple"},"yoast_head":"<!-- This site is optimized with the Yoast SEO plugin v27.5 - https:\/\/yoast.com\/product\/yoast-seo-wordpress\/ -->\n<title>Difusor Pulverizador Scentcorp Day and Night - Nice Caribe | Wellness Distributors<\/title>\n<meta name=\"robots\" content=\"index, follow, max-snippet:-1, max-image-preview:large, max-video-preview:-1\" \/>\n<link rel=\"canonical\" href=\"https:\/\/www.nicecaribe.com\/en\/product\/difusor-pulverizador-scentcorp-day-and-night\/\" \/>\n<meta property=\"og:locale\" content=\"en_US\" \/>\n<meta property=\"og:type\" content=\"article\" \/>\n<meta property=\"og:title\" content=\"Difusor Pulverizador Scentcorp Day and Night - Nice Caribe | Wellness Distributors\" \/>\n<meta property=\"og:description\" content=\"Atomizador dual, ideal para utilizar dos aromas sin necesidad de cambiar de envase. Brinda una cobertura de hasta 120 m3, con varias intensidades para elegir. Su dise\u00f1o moderno y delicado, permite su integraci\u00f3n a la decoraci\u00f3n existente mientras disfruta de dos opciones de aromas dependiendo del estado de \u00e1nimo o la necesidad ambiental.\" \/>\n<meta property=\"og:url\" content=\"https:\/\/www.nicecaribe.com\/en\/product\/difusor-pulverizador-scentcorp-day-and-night\/\" \/>\n<meta property=\"og:site_name\" content=\"Nice Caribe | Wellness Distributors\" \/>\n<meta property=\"article:publisher\" content=\"https:\/\/www.facebook.com\/nicecaribesrl\" \/>\n<meta property=\"article:modified_time\" content=\"2026-03-30T04:32:49+00:00\" \/>\n<meta property=\"og:image\" content=\"https:\/\/www.nicecaribe.com\/wp-content\/uploads\/2024\/08\/DAY-NIGHT.png\" \/>\n\t<meta property=\"og:image:width\" content=\"1024\" \/>\n\t<meta property=\"og:image:height\" content=\"1024\" \/>\n\t<meta property=\"og:image:type\" content=\"image\/png\" \/>\n<meta name=\"twitter:card\" content=\"summary_large_image\" \/>\n<meta name=\"twitter:label1\" content=\"Est. reading time\" \/>\n\t<meta name=\"twitter:data1\" content=\"1 minute\" \/>\n<script type=\"application\/ld+json\" class=\"yoast-schema-graph\">{\"@context\":\"https:\\\/\\\/schema.org\",\"@graph\":[{\"@type\":\"WebPage\",\"@id\":\"https:\\\/\\\/www.nicecaribe.com\\\/product\\\/difusor-pulverizador-scentcorp-day-and-night\\\/\",\"url\":\"https:\\\/\\\/www.nicecaribe.com\\\/product\\\/difusor-pulverizador-scentcorp-day-and-night\\\/\",\"name\":\"Difusor Pulverizador Scentcorp Day and Night - Nice Caribe | Wellness Distributors\",\"isPartOf\":{\"@id\":\"https:\\\/\\\/www.nicecaribe.com\\\/es\\\/#website\"},\"primaryImageOfPage\":{\"@id\":\"https:\\\/\\\/www.nicecaribe.com\\\/product\\\/difusor-pulverizador-scentcorp-day-and-night\\\/#primaryimage\"},\"image\":{\"@id\":\"https:\\\/\\\/www.nicecaribe.com\\\/product\\\/difusor-pulverizador-scentcorp-day-and-night\\\/#primaryimage\"},\"thumbnailUrl\":\"https:\\\/\\\/www.nicecaribe.com\\\/wp-content\\\/uploads\\\/2024\\\/08\\\/DAY-NIGHT.png\",\"datePublished\":\"2024-08-07T04:23:48+00:00\",\"dateModified\":\"2026-03-30T04:32:49+00:00\",\"breadcrumb\":{\"@id\":\"https:\\\/\\\/www.nicecaribe.com\\\/product\\\/difusor-pulverizador-scentcorp-day-and-night\\\/#breadcrumb\"},\"inLanguage\":\"en-US\",\"potentialAction\":[{\"@type\":\"ReadAction\",\"target\":[\"https:\\\/\\\/www.nicecaribe.com\\\/product\\\/difusor-pulverizador-scentcorp-day-and-night\\\/\"]}]},{\"@type\":\"ImageObject\",\"inLanguage\":\"en-US\",\"@id\":\"https:\\\/\\\/www.nicecaribe.com\\\/product\\\/difusor-pulverizador-scentcorp-day-and-night\\\/#primaryimage\",\"url\":\"https:\\\/\\\/www.nicecaribe.com\\\/wp-content\\\/uploads\\\/2024\\\/08\\\/DAY-NIGHT.png\",\"contentUrl\":\"https:\\\/\\\/www.nicecaribe.com\\\/wp-content\\\/uploads\\\/2024\\\/08\\\/DAY-NIGHT.png\",\"width\":1024,\"height\":1024},{\"@type\":\"BreadcrumbList\",\"@id\":\"https:\\\/\\\/www.nicecaribe.com\\\/product\\\/difusor-pulverizador-scentcorp-day-and-night\\\/#breadcrumb\",\"itemListElement\":[{\"@type\":\"ListItem\",\"position\":1,\"name\":\"Home\",\"item\":\"https:\\\/\\\/www.nicecaribe.com\\\/en\\\/\"},{\"@type\":\"ListItem\",\"position\":2,\"name\":\"Cat\u00e1logo\",\"item\":\"https:\\\/\\\/www.nicecaribe.com\\\/es\\\/catalogo\\\/\"},{\"@type\":\"ListItem\",\"position\":3,\"name\":\"Difusor Pulverizador Scentcorp Day and Night\"}]},{\"@type\":\"WebSite\",\"@id\":\"https:\\\/\\\/www.nicecaribe.com\\\/es\\\/#website\",\"url\":\"https:\\\/\\\/www.nicecaribe.com\\\/es\\\/\",\"name\":\"Nice Caribe | Wellness Distributors\",\"description\":\"Productos para el bienestar integral, elaborados con aceites esenciales de grado terap\u00e9utico y f\u00e1cil incorporaci\u00f3n en tu diario vivir.\",\"publisher\":{\"@id\":\"https:\\\/\\\/www.nicecaribe.com\\\/es\\\/#organization\"},\"potentialAction\":[{\"@type\":\"SearchAction\",\"target\":{\"@type\":\"EntryPoint\",\"urlTemplate\":\"https:\\\/\\\/www.nicecaribe.com\\\/es\\\/?s={search_term_string}\"},\"query-input\":{\"@type\":\"PropertyValueSpecification\",\"valueRequired\":true,\"valueName\":\"search_term_string\"}}],\"inLanguage\":\"en-US\"},{\"@type\":\"Organization\",\"@id\":\"https:\\\/\\\/www.nicecaribe.com\\\/es\\\/#organization\",\"name\":\"Nice Caribe | Wellness Distributors\",\"url\":\"https:\\\/\\\/www.nicecaribe.com\\\/es\\\/\",\"logo\":{\"@type\":\"ImageObject\",\"inLanguage\":\"en-US\",\"@id\":\"https:\\\/\\\/www.nicecaribe.com\\\/es\\\/#\\\/schema\\\/logo\\\/image\\\/\",\"url\":\"https:\\\/\\\/www.nicecaribe.com\\\/wp-content\\\/uploads\\\/2024\\\/11\\\/footer-logo-new.png\",\"contentUrl\":\"https:\\\/\\\/www.nicecaribe.com\\\/wp-content\\\/uploads\\\/2024\\\/11\\\/footer-logo-new.png\",\"width\":206,\"height\":41,\"caption\":\"Nice Caribe | Wellness Distributors\"},\"image\":{\"@id\":\"https:\\\/\\\/www.nicecaribe.com\\\/es\\\/#\\\/schema\\\/logo\\\/image\\\/\"},\"sameAs\":[\"https:\\\/\\\/www.facebook.com\\\/nicecaribesrl\",\"https:\\\/\\\/www.instagram.com\\\/nicecariberd\\\/\",\"https:\\\/\\\/www.youtube.com\\\/@nicecaribe\",\"https:\\\/\\\/www.linkedin.com\\\/company\\\/nicecaribe\"]}]}<\/script>\n<!-- \/ Yoast SEO plugin. -->","yoast_head_json":{"title":"Difusor Pulverizador Scentcorp Day and Night - Nice Caribe | Wellness Distributors","robots":{"index":"index","follow":"follow","max-snippet":"max-snippet:-1","max-image-preview":"max-image-preview:large","max-video-preview":"max-video-preview:-1"},"canonical":"https:\/\/www.nicecaribe.com\/en\/product\/difusor-pulverizador-scentcorp-day-and-night\/","og_locale":"en_US","og_type":"article","og_title":"Difusor Pulverizador Scentcorp Day and Night - Nice Caribe | Wellness Distributors","og_description":"Atomizador dual, ideal para utilizar dos aromas sin necesidad de cambiar de envase. Brinda una cobertura de hasta 120 m3, con varias intensidades para elegir. Su dise\u00f1o moderno y delicado, permite su integraci\u00f3n a la decoraci\u00f3n existente mientras disfruta de dos opciones de aromas dependiendo del estado de \u00e1nimo o la necesidad ambiental.","og_url":"https:\/\/www.nicecaribe.com\/en\/product\/difusor-pulverizador-scentcorp-day-and-night\/","og_site_name":"Nice Caribe | Wellness Distributors","article_publisher":"https:\/\/www.facebook.com\/nicecaribesrl","article_modified_time":"2026-03-30T04:32:49+00:00","og_image":[{"width":1024,"height":1024,"url":"https:\/\/www.nicecaribe.com\/wp-content\/uploads\/2024\/08\/DAY-NIGHT.png","type":"image\/png"}],"twitter_card":"summary_large_image","twitter_misc":{"Est. reading time":"1 minute"},"schema":{"@context":"https:\/\/schema.org","@graph":[{"@type":"WebPage","@id":"https:\/\/www.nicecaribe.com\/product\/difusor-pulverizador-scentcorp-day-and-night\/","url":"https:\/\/www.nicecaribe.com\/product\/difusor-pulverizador-scentcorp-day-and-night\/","name":"Difusor Pulverizador Scentcorp Day and Night - Nice Caribe | Wellness Distributors","isPartOf":{"@id":"https:\/\/www.nicecaribe.com\/es\/#website"},"primaryImageOfPage":{"@id":"https:\/\/www.nicecaribe.com\/product\/difusor-pulverizador-scentcorp-day-and-night\/#primaryimage"},"image":{"@id":"https:\/\/www.nicecaribe.com\/product\/difusor-pulverizador-scentcorp-day-and-night\/#primaryimage"},"thumbnailUrl":"https:\/\/www.nicecaribe.com\/wp-content\/uploads\/2024\/08\/DAY-NIGHT.png","datePublished":"2024-08-07T04:23:48+00:00","dateModified":"2026-03-30T04:32:49+00:00","breadcrumb":{"@id":"https:\/\/www.nicecaribe.com\/product\/difusor-pulverizador-scentcorp-day-and-night\/#breadcrumb"},"inLanguage":"en-US","potentialAction":[{"@type":"ReadAction","target":["https:\/\/www.nicecaribe.com\/product\/difusor-pulverizador-scentcorp-day-and-night\/"]}]},{"@type":"ImageObject","inLanguage":"en-US","@id":"https:\/\/www.nicecaribe.com\/product\/difusor-pulverizador-scentcorp-day-and-night\/#primaryimage","url":"https:\/\/www.nicecaribe.com\/wp-content\/uploads\/2024\/08\/DAY-NIGHT.png","contentUrl":"https:\/\/www.nicecaribe.com\/wp-content\/uploads\/2024\/08\/DAY-NIGHT.png","width":1024,"height":1024},{"@type":"BreadcrumbList","@id":"https:\/\/www.nicecaribe.com\/product\/difusor-pulverizador-scentcorp-day-and-night\/#breadcrumb","itemListElement":[{"@type":"ListItem","position":1,"name":"Home","item":"https:\/\/www.nicecaribe.com\/en\/"},{"@type":"ListItem","position":2,"name":"Cat\u00e1logo","item":"https:\/\/www.nicecaribe.com\/es\/catalogo\/"},{"@type":"ListItem","position":3,"name":"Difusor Pulverizador Scentcorp Day and Night"}]},{"@type":"WebSite","@id":"https:\/\/www.nicecaribe.com\/es\/#website","url":"https:\/\/www.nicecaribe.com\/es\/","name":"Nice Caribe | Wellness Distributors","description":"Productos para el bienestar integral, elaborados con aceites esenciales de grado terap\u00e9utico y f\u00e1cil incorporaci\u00f3n en tu diario vivir.","publisher":{"@id":"https:\/\/www.nicecaribe.com\/es\/#organization"},"potentialAction":[{"@type":"SearchAction","target":{"@type":"EntryPoint","urlTemplate":"https:\/\/www.nicecaribe.com\/es\/?s={search_term_string}"},"query-input":{"@type":"PropertyValueSpecification","valueRequired":true,"valueName":"search_term_string"}}],"inLanguage":"en-US"},{"@type":"Organization","@id":"https:\/\/www.nicecaribe.com\/es\/#organization","name":"Nice Caribe | Wellness Distributors","url":"https:\/\/www.nicecaribe.com\/es\/","logo":{"@type":"ImageObject","inLanguage":"en-US","@id":"https:\/\/www.nicecaribe.com\/es\/#\/schema\/logo\/image\/","url":"https:\/\/www.nicecaribe.com\/wp-content\/uploads\/2024\/11\/footer-logo-new.png","contentUrl":"https:\/\/www.nicecaribe.com\/wp-content\/uploads\/2024\/11\/footer-logo-new.png","width":206,"height":41,"caption":"Nice Caribe | Wellness Distributors"},"image":{"@id":"https:\/\/www.nicecaribe.com\/es\/#\/schema\/logo\/image\/"},"sameAs":["https:\/\/www.facebook.com\/nicecaribesrl","https:\/\/www.instagram.com\/nicecariberd\/","https:\/\/www.youtube.com\/@nicecaribe","https:\/\/www.linkedin.com\/company\/nicecaribe"]}]}},"jetpack_sharing_enabled":true,"_links":{"self":[{"href":"https:\/\/www.nicecaribe.com\/en\/wp-json\/wp\/v2\/product\/10103","targetHints":{"allow":["GET"]}}],"collection":[{"href":"https:\/\/www.nicecaribe.com\/en\/wp-json\/wp\/v2\/product"}],"about":[{"href":"https:\/\/www.nicecaribe.com\/en\/wp-json\/wp\/v2\/types\/product"}],"replies":[{"embeddable":true,"href":"https:\/\/www.nicecaribe.com\/en\/wp-json\/wp\/v2\/comments?post=10103"}],"wp:featuredmedia":[{"embeddable":true,"href":"https:\/\/www.nicecaribe.com\/en\/wp-json\/wp\/v2\/media\/10104"}],"wp:attachment":[{"href":"https:\/\/www.nicecaribe.com\/en\/wp-json\/wp\/v2\/media?parent=10103"}],"wp:term":[{"taxonomy":"product_brand","embeddable":true,"href":"https:\/\/www.nicecaribe.com\/en\/wp-json\/wp\/v2\/product_brand?post=10103"},{"taxonomy":"product_cat","embeddable":true,"href":"https:\/\/www.nicecaribe.com\/en\/wp-json\/wp\/v2\/product_cat?post=10103"},{"taxonomy":"product_tag","embeddable":true,"href":"https:\/\/www.nicecaribe.com\/en\/wp-json\/wp\/v2\/product_tag?post=10103"}],"curies":[{"name":"wp","href":"https:\/\/api.w.org\/{rel}","templated":true}]}}