{"id":8081,"date":"2021-12-09T00:40:35","date_gmt":"2021-12-09T00:40:35","guid":{"rendered":"https:\/\/www.nicecaribe.com\/?post_type=product&#038;p=8081"},"modified":"2022-04-12T18:57:38","modified_gmt":"2022-04-12T18:57:38","slug":"campana-tibetana","status":"publish","type":"product","link":"https:\/\/www.nicecaribe.com\/en\/product\/campana-tibetana\/","title":{"rendered":"Campana Tibetana"},"content":{"rendered":"","protected":false},"excerpt":{"rendered":"<p>Disfrute de una experiencia aromanizante mediante el uso de las campanas tibetanas de la India. Fabricadas en bronze por artesanos con t\u00e9cnicas de origen ancestral, est\u00e1n dise\u00f1adas para generar ondas ac\u00fasticas que promueven la relajaci\u00f3n y que invita a la meditaci\u00f3n e introspecci\u00f3n.<\/p>","protected":false},"featured_media":8303,"comment_status":"open","ping_status":"closed","template":"","meta":{"_coblocks_attr":"","_coblocks_dimensions":"","_coblocks_responsive_height":"","_coblocks_accordion_ie_support":"","om_disable_all_campaigns":false},"product_brand":[],"product_cat":[135],"product_tag":[],"class_list":{"0":"post-8081","1":"product","2":"type-product","3":"status-publish","4":"has-post-thumbnail","6":"product_cat-complementos","8":"first","9":"instock","10":"shipping-taxable","11":"purchasable","12":"product-type-simple"},"yoast_head":"<!-- This site is optimized with the Yoast SEO plugin v27.5 - https:\/\/yoast.com\/product\/yoast-seo-wordpress\/ -->\n<title>Campana Tibetana - Nice Caribe | Wellness Distributors<\/title>\n<meta name=\"robots\" content=\"index, follow, max-snippet:-1, max-image-preview:large, max-video-preview:-1\" \/>\n<link rel=\"canonical\" href=\"https:\/\/www.nicecaribe.com\/en\/product\/campana-tibetana\/\" \/>\n<meta property=\"og:locale\" content=\"en_US\" \/>\n<meta property=\"og:type\" content=\"article\" \/>\n<meta property=\"og:title\" content=\"Campana Tibetana - Nice Caribe | Wellness Distributors\" \/>\n<meta property=\"og:description\" content=\"Disfrute de una experiencia aromanizante mediante el uso de las campanas tibetanas de la India. Fabricadas en bronze por artesanos con t\u00e9cnicas de origen ancestral, est\u00e1n dise\u00f1adas para generar ondas ac\u00fasticas que promueven la relajaci\u00f3n y que invita a la meditaci\u00f3n e introspecci\u00f3n.\" \/>\n<meta property=\"og:url\" content=\"https:\/\/www.nicecaribe.com\/en\/product\/campana-tibetana\/\" \/>\n<meta property=\"og:site_name\" content=\"Nice Caribe | Wellness Distributors\" \/>\n<meta property=\"article:publisher\" content=\"https:\/\/www.facebook.com\/nicecaribesrl\" \/>\n<meta property=\"article:modified_time\" content=\"2022-04-12T18:57:38+00:00\" \/>\n<meta property=\"og:image\" content=\"https:\/\/www.nicecaribe.com\/wp-content\/uploads\/2021\/12\/CAM-TIBETANA.jpg\" \/>\n\t<meta property=\"og:image:width\" content=\"1024\" \/>\n\t<meta property=\"og:image:height\" content=\"1024\" \/>\n\t<meta property=\"og:image:type\" content=\"image\/jpeg\" \/>\n<meta name=\"twitter:card\" content=\"summary_large_image\" \/>\n<script type=\"application\/ld+json\" class=\"yoast-schema-graph\">{\"@context\":\"https:\\\/\\\/schema.org\",\"@graph\":[{\"@type\":\"WebPage\",\"@id\":\"https:\\\/\\\/www.nicecaribe.com\\\/product\\\/campana-tibetana\\\/\",\"url\":\"https:\\\/\\\/www.nicecaribe.com\\\/product\\\/campana-tibetana\\\/\",\"name\":\"Campana Tibetana - Nice Caribe | Wellness Distributors\",\"isPartOf\":{\"@id\":\"https:\\\/\\\/www.nicecaribe.com\\\/es\\\/#website\"},\"primaryImageOfPage\":{\"@id\":\"https:\\\/\\\/www.nicecaribe.com\\\/product\\\/campana-tibetana\\\/#primaryimage\"},\"image\":{\"@id\":\"https:\\\/\\\/www.nicecaribe.com\\\/product\\\/campana-tibetana\\\/#primaryimage\"},\"thumbnailUrl\":\"https:\\\/\\\/www.nicecaribe.com\\\/wp-content\\\/uploads\\\/2021\\\/12\\\/CAM-TIBETANA.jpg\",\"datePublished\":\"2021-12-09T00:40:35+00:00\",\"dateModified\":\"2022-04-12T18:57:38+00:00\",\"breadcrumb\":{\"@id\":\"https:\\\/\\\/www.nicecaribe.com\\\/product\\\/campana-tibetana\\\/#breadcrumb\"},\"inLanguage\":\"en-US\",\"potentialAction\":[{\"@type\":\"ReadAction\",\"target\":[\"https:\\\/\\\/www.nicecaribe.com\\\/product\\\/campana-tibetana\\\/\"]}]},{\"@type\":\"ImageObject\",\"inLanguage\":\"en-US\",\"@id\":\"https:\\\/\\\/www.nicecaribe.com\\\/product\\\/campana-tibetana\\\/#primaryimage\",\"url\":\"https:\\\/\\\/www.nicecaribe.com\\\/wp-content\\\/uploads\\\/2021\\\/12\\\/CAM-TIBETANA.jpg\",\"contentUrl\":\"https:\\\/\\\/www.nicecaribe.com\\\/wp-content\\\/uploads\\\/2021\\\/12\\\/CAM-TIBETANA.jpg\",\"width\":1024,\"height\":1024},{\"@type\":\"BreadcrumbList\",\"@id\":\"https:\\\/\\\/www.nicecaribe.com\\\/product\\\/campana-tibetana\\\/#breadcrumb\",\"itemListElement\":[{\"@type\":\"ListItem\",\"position\":1,\"name\":\"Home\",\"item\":\"https:\\\/\\\/www.nicecaribe.com\\\/en\\\/\"},{\"@type\":\"ListItem\",\"position\":2,\"name\":\"Cat\u00e1logo\",\"item\":\"https:\\\/\\\/www.nicecaribe.com\\\/es\\\/catalogo\\\/\"},{\"@type\":\"ListItem\",\"position\":3,\"name\":\"Campana Tibetana\"}]},{\"@type\":\"WebSite\",\"@id\":\"https:\\\/\\\/www.nicecaribe.com\\\/es\\\/#website\",\"url\":\"https:\\\/\\\/www.nicecaribe.com\\\/es\\\/\",\"name\":\"Nice Caribe | Wellness Distributors\",\"description\":\"Productos para el bienestar integral, elaborados con aceites esenciales de grado terap\u00e9utico y f\u00e1cil incorporaci\u00f3n en tu diario vivir.\",\"publisher\":{\"@id\":\"https:\\\/\\\/www.nicecaribe.com\\\/es\\\/#organization\"},\"potentialAction\":[{\"@type\":\"SearchAction\",\"target\":{\"@type\":\"EntryPoint\",\"urlTemplate\":\"https:\\\/\\\/www.nicecaribe.com\\\/es\\\/?s={search_term_string}\"},\"query-input\":{\"@type\":\"PropertyValueSpecification\",\"valueRequired\":true,\"valueName\":\"search_term_string\"}}],\"inLanguage\":\"en-US\"},{\"@type\":\"Organization\",\"@id\":\"https:\\\/\\\/www.nicecaribe.com\\\/es\\\/#organization\",\"name\":\"Nice Caribe | Wellness Distributors\",\"url\":\"https:\\\/\\\/www.nicecaribe.com\\\/es\\\/\",\"logo\":{\"@type\":\"ImageObject\",\"inLanguage\":\"en-US\",\"@id\":\"https:\\\/\\\/www.nicecaribe.com\\\/es\\\/#\\\/schema\\\/logo\\\/image\\\/\",\"url\":\"https:\\\/\\\/www.nicecaribe.com\\\/wp-content\\\/uploads\\\/2024\\\/11\\\/footer-logo-new.png\",\"contentUrl\":\"https:\\\/\\\/www.nicecaribe.com\\\/wp-content\\\/uploads\\\/2024\\\/11\\\/footer-logo-new.png\",\"width\":206,\"height\":41,\"caption\":\"Nice Caribe | Wellness Distributors\"},\"image\":{\"@id\":\"https:\\\/\\\/www.nicecaribe.com\\\/es\\\/#\\\/schema\\\/logo\\\/image\\\/\"},\"sameAs\":[\"https:\\\/\\\/www.facebook.com\\\/nicecaribesrl\",\"https:\\\/\\\/www.instagram.com\\\/nicecariberd\\\/\",\"https:\\\/\\\/www.youtube.com\\\/@nicecaribe\",\"https:\\\/\\\/www.linkedin.com\\\/company\\\/nicecaribe\"]}]}<\/script>\n<!-- \/ Yoast SEO plugin. -->","yoast_head_json":{"title":"Campana Tibetana - Nice Caribe | Wellness Distributors","robots":{"index":"index","follow":"follow","max-snippet":"max-snippet:-1","max-image-preview":"max-image-preview:large","max-video-preview":"max-video-preview:-1"},"canonical":"https:\/\/www.nicecaribe.com\/en\/product\/campana-tibetana\/","og_locale":"en_US","og_type":"article","og_title":"Campana Tibetana - Nice Caribe | Wellness Distributors","og_description":"Disfrute de una experiencia aromanizante mediante el uso de las campanas tibetanas de la India. Fabricadas en bronze por artesanos con t\u00e9cnicas de origen ancestral, est\u00e1n dise\u00f1adas para generar ondas ac\u00fasticas que promueven la relajaci\u00f3n y que invita a la meditaci\u00f3n e introspecci\u00f3n.","og_url":"https:\/\/www.nicecaribe.com\/en\/product\/campana-tibetana\/","og_site_name":"Nice Caribe | Wellness Distributors","article_publisher":"https:\/\/www.facebook.com\/nicecaribesrl","article_modified_time":"2022-04-12T18:57:38+00:00","og_image":[{"width":1024,"height":1024,"url":"https:\/\/www.nicecaribe.com\/wp-content\/uploads\/2021\/12\/CAM-TIBETANA.jpg","type":"image\/jpeg"}],"twitter_card":"summary_large_image","schema":{"@context":"https:\/\/schema.org","@graph":[{"@type":"WebPage","@id":"https:\/\/www.nicecaribe.com\/product\/campana-tibetana\/","url":"https:\/\/www.nicecaribe.com\/product\/campana-tibetana\/","name":"Campana Tibetana - Nice Caribe | Wellness Distributors","isPartOf":{"@id":"https:\/\/www.nicecaribe.com\/es\/#website"},"primaryImageOfPage":{"@id":"https:\/\/www.nicecaribe.com\/product\/campana-tibetana\/#primaryimage"},"image":{"@id":"https:\/\/www.nicecaribe.com\/product\/campana-tibetana\/#primaryimage"},"thumbnailUrl":"https:\/\/www.nicecaribe.com\/wp-content\/uploads\/2021\/12\/CAM-TIBETANA.jpg","datePublished":"2021-12-09T00:40:35+00:00","dateModified":"2022-04-12T18:57:38+00:00","breadcrumb":{"@id":"https:\/\/www.nicecaribe.com\/product\/campana-tibetana\/#breadcrumb"},"inLanguage":"en-US","potentialAction":[{"@type":"ReadAction","target":["https:\/\/www.nicecaribe.com\/product\/campana-tibetana\/"]}]},{"@type":"ImageObject","inLanguage":"en-US","@id":"https:\/\/www.nicecaribe.com\/product\/campana-tibetana\/#primaryimage","url":"https:\/\/www.nicecaribe.com\/wp-content\/uploads\/2021\/12\/CAM-TIBETANA.jpg","contentUrl":"https:\/\/www.nicecaribe.com\/wp-content\/uploads\/2021\/12\/CAM-TIBETANA.jpg","width":1024,"height":1024},{"@type":"BreadcrumbList","@id":"https:\/\/www.nicecaribe.com\/product\/campana-tibetana\/#breadcrumb","itemListElement":[{"@type":"ListItem","position":1,"name":"Home","item":"https:\/\/www.nicecaribe.com\/en\/"},{"@type":"ListItem","position":2,"name":"Cat\u00e1logo","item":"https:\/\/www.nicecaribe.com\/es\/catalogo\/"},{"@type":"ListItem","position":3,"name":"Campana Tibetana"}]},{"@type":"WebSite","@id":"https:\/\/www.nicecaribe.com\/es\/#website","url":"https:\/\/www.nicecaribe.com\/es\/","name":"Nice Caribe | Wellness Distributors","description":"Productos para el bienestar integral, elaborados con aceites esenciales de grado terap\u00e9utico y f\u00e1cil incorporaci\u00f3n en tu diario vivir.","publisher":{"@id":"https:\/\/www.nicecaribe.com\/es\/#organization"},"potentialAction":[{"@type":"SearchAction","target":{"@type":"EntryPoint","urlTemplate":"https:\/\/www.nicecaribe.com\/es\/?s={search_term_string}"},"query-input":{"@type":"PropertyValueSpecification","valueRequired":true,"valueName":"search_term_string"}}],"inLanguage":"en-US"},{"@type":"Organization","@id":"https:\/\/www.nicecaribe.com\/es\/#organization","name":"Nice Caribe | Wellness Distributors","url":"https:\/\/www.nicecaribe.com\/es\/","logo":{"@type":"ImageObject","inLanguage":"en-US","@id":"https:\/\/www.nicecaribe.com\/es\/#\/schema\/logo\/image\/","url":"https:\/\/www.nicecaribe.com\/wp-content\/uploads\/2024\/11\/footer-logo-new.png","contentUrl":"https:\/\/www.nicecaribe.com\/wp-content\/uploads\/2024\/11\/footer-logo-new.png","width":206,"height":41,"caption":"Nice Caribe | Wellness Distributors"},"image":{"@id":"https:\/\/www.nicecaribe.com\/es\/#\/schema\/logo\/image\/"},"sameAs":["https:\/\/www.facebook.com\/nicecaribesrl","https:\/\/www.instagram.com\/nicecariberd\/","https:\/\/www.youtube.com\/@nicecaribe","https:\/\/www.linkedin.com\/company\/nicecaribe"]}]}},"jetpack_sharing_enabled":true,"_links":{"self":[{"href":"https:\/\/www.nicecaribe.com\/en\/wp-json\/wp\/v2\/product\/8081","targetHints":{"allow":["GET"]}}],"collection":[{"href":"https:\/\/www.nicecaribe.com\/en\/wp-json\/wp\/v2\/product"}],"about":[{"href":"https:\/\/www.nicecaribe.com\/en\/wp-json\/wp\/v2\/types\/product"}],"replies":[{"embeddable":true,"href":"https:\/\/www.nicecaribe.com\/en\/wp-json\/wp\/v2\/comments?post=8081"}],"wp:featuredmedia":[{"embeddable":true,"href":"https:\/\/www.nicecaribe.com\/en\/wp-json\/wp\/v2\/media\/8303"}],"wp:attachment":[{"href":"https:\/\/www.nicecaribe.com\/en\/wp-json\/wp\/v2\/media?parent=8081"}],"wp:term":[{"taxonomy":"product_brand","embeddable":true,"href":"https:\/\/www.nicecaribe.com\/en\/wp-json\/wp\/v2\/product_brand?post=8081"},{"taxonomy":"product_cat","embeddable":true,"href":"https:\/\/www.nicecaribe.com\/en\/wp-json\/wp\/v2\/product_cat?post=8081"},{"taxonomy":"product_tag","embeddable":true,"href":"https:\/\/www.nicecaribe.com\/en\/wp-json\/wp\/v2\/product_tag?post=8081"}],"curies":[{"name":"wp","href":"https:\/\/api.w.org\/{rel}","templated":true}]}}