{"id":8523,"date":"2021-12-09T00:55:15","date_gmt":"2021-12-09T00:55:15","guid":{"rendered":"https:\/\/www.nicecaribe.com\/?post_type=product&#038;p=8523"},"modified":"2024-05-04T18:56:12","modified_gmt":"2024-05-04T18:56:12","slug":"aceite-de-semilla-de-uva-toque-sinergia","status":"publish","type":"product","link":"https:\/\/www.nicecaribe.com\/en\/product\/aceite-de-semilla-de-uva-toque-sinergia\/","title":{"rendered":"Aceite de Semilla de Uva &#038; Toque Sinerg\u00eda"},"content":{"rendered":"","protected":false},"excerpt":{"rendered":"<p>El aceite de semilla de uva es rico en vitaminas C, D, E y betacarotenos, estos contribuyen al aumento de resistencia de la piel, haci\u00e9ndola m\u00e1s el\u00e1stica y tersa. Posee una cantidad importante de vitamina E, flavanoides y resveratrol, que ayudan a prevenir y reversar los da\u00f1os de los rayos UV creados por los radicales libres.<\/p>\n<p>Personaliza tu aceite de masaje al seleccionar la esencia de tu preferencia para el disfrute de una exquisita experiencia sensorial.<\/p>\n<p>&nbsp;<\/p>","protected":false},"featured_media":9578,"comment_status":"open","ping_status":"closed","template":"","meta":{"_coblocks_attr":"","_coblocks_dimensions":"","_coblocks_responsive_height":"","_coblocks_accordion_ie_support":"","om_disable_all_campaigns":false},"product_brand":[],"product_cat":[217,106],"product_tag":[],"class_list":{"0":"post-8523","1":"product","2":"type-product","3":"status-publish","4":"has-post-thumbnail","6":"product_cat-aceite-de-semilla-de-uva","7":"product_cat-aceites-de-masaje","8":"pa_sinergia-invigorating","9":"pa_sinergia-soothing","10":"pa_sinergia-stress-relieving","11":"pa_tamano-110-oz","12":"pa_tamano-32-oz","13":"pa_tamano-8-oz","15":"first","16":"instock","17":"shipping-taxable","18":"purchasable","19":"product-type-variable"},"yoast_head":"<!-- This site is optimized with the Yoast SEO plugin v27.4 - https:\/\/yoast.com\/product\/yoast-seo-wordpress\/ -->\n<title>Aceite de Semilla de Uva &#038; Toque Sinerg\u00eda - Nice Caribe | Wellness Distributors<\/title>\n<meta name=\"robots\" content=\"index, follow, max-snippet:-1, max-image-preview:large, max-video-preview:-1\" \/>\n<link rel=\"canonical\" href=\"https:\/\/www.nicecaribe.com\/en\/product\/aceite-de-semilla-de-uva-toque-sinergia\/\" \/>\n<meta property=\"og:locale\" content=\"en_US\" \/>\n<meta property=\"og:type\" content=\"article\" \/>\n<meta property=\"og:title\" content=\"Aceite de Semilla de Uva &#038; Toque Sinerg\u00eda - Nice Caribe | Wellness Distributors\" \/>\n<meta property=\"og:description\" content=\"El aceite de semilla de uva es rico en vitaminas C, D, E y betacarotenos, estos contribuyen al aumento de resistencia de la piel, haci\u00e9ndola m\u00e1s el\u00e1stica y tersa. Posee una cantidad importante de vitamina E, flavanoides y resveratrol, que ayudan a prevenir y reversar los da\u00f1os de los rayos UV creados por los radicales libres.  Personaliza tu aceite de masaje al seleccionar la esencia de tu preferencia para el disfrute de una exquisita experiencia sensorial.  &nbsp;\" \/>\n<meta property=\"og:url\" content=\"https:\/\/www.nicecaribe.com\/en\/product\/aceite-de-semilla-de-uva-toque-sinergia\/\" \/>\n<meta property=\"og:site_name\" content=\"Nice Caribe | Wellness Distributors\" \/>\n<meta property=\"article:publisher\" content=\"https:\/\/www.facebook.com\/nicecaribesrl\" \/>\n<meta property=\"article:modified_time\" content=\"2024-05-04T18:56:12+00:00\" \/>\n<meta property=\"og:image\" content=\"https:\/\/www.nicecaribe.com\/wp-content\/uploads\/2022\/02\/UVA-GL.jpg\" \/>\n\t<meta property=\"og:image:width\" content=\"1024\" \/>\n\t<meta property=\"og:image:height\" content=\"1024\" \/>\n\t<meta property=\"og:image:type\" content=\"image\/jpeg\" \/>\n<meta name=\"twitter:card\" content=\"summary_large_image\" \/>\n<meta name=\"twitter:label1\" content=\"Est. reading time\" \/>\n\t<meta name=\"twitter:data1\" content=\"1 minute\" \/>\n<script type=\"application\/ld+json\" class=\"yoast-schema-graph\">{\"@context\":\"https:\\\/\\\/schema.org\",\"@graph\":[{\"@type\":\"WebPage\",\"@id\":\"https:\\\/\\\/www.nicecaribe.com\\\/product\\\/aceite-de-semilla-de-uva-toque-sinergia\\\/\",\"url\":\"https:\\\/\\\/www.nicecaribe.com\\\/product\\\/aceite-de-semilla-de-uva-toque-sinergia\\\/\",\"name\":\"Aceite de Semilla de Uva &#038; Toque Sinerg\u00eda - Nice Caribe | Wellness Distributors\",\"isPartOf\":{\"@id\":\"https:\\\/\\\/www.nicecaribe.com\\\/es\\\/#website\"},\"primaryImageOfPage\":{\"@id\":\"https:\\\/\\\/www.nicecaribe.com\\\/product\\\/aceite-de-semilla-de-uva-toque-sinergia\\\/#primaryimage\"},\"image\":{\"@id\":\"https:\\\/\\\/www.nicecaribe.com\\\/product\\\/aceite-de-semilla-de-uva-toque-sinergia\\\/#primaryimage\"},\"thumbnailUrl\":\"https:\\\/\\\/www.nicecaribe.com\\\/wp-content\\\/uploads\\\/2022\\\/02\\\/UVA-GL.jpg\",\"datePublished\":\"2021-12-09T00:55:15+00:00\",\"dateModified\":\"2024-05-04T18:56:12+00:00\",\"breadcrumb\":{\"@id\":\"https:\\\/\\\/www.nicecaribe.com\\\/product\\\/aceite-de-semilla-de-uva-toque-sinergia\\\/#breadcrumb\"},\"inLanguage\":\"en-US\",\"potentialAction\":[{\"@type\":\"ReadAction\",\"target\":[\"https:\\\/\\\/www.nicecaribe.com\\\/product\\\/aceite-de-semilla-de-uva-toque-sinergia\\\/\"]}]},{\"@type\":\"ImageObject\",\"inLanguage\":\"en-US\",\"@id\":\"https:\\\/\\\/www.nicecaribe.com\\\/product\\\/aceite-de-semilla-de-uva-toque-sinergia\\\/#primaryimage\",\"url\":\"https:\\\/\\\/www.nicecaribe.com\\\/wp-content\\\/uploads\\\/2022\\\/02\\\/UVA-GL.jpg\",\"contentUrl\":\"https:\\\/\\\/www.nicecaribe.com\\\/wp-content\\\/uploads\\\/2022\\\/02\\\/UVA-GL.jpg\",\"width\":1024,\"height\":1024},{\"@type\":\"BreadcrumbList\",\"@id\":\"https:\\\/\\\/www.nicecaribe.com\\\/product\\\/aceite-de-semilla-de-uva-toque-sinergia\\\/#breadcrumb\",\"itemListElement\":[{\"@type\":\"ListItem\",\"position\":1,\"name\":\"Home\",\"item\":\"https:\\\/\\\/www.nicecaribe.com\\\/en\\\/\"},{\"@type\":\"ListItem\",\"position\":2,\"name\":\"Cat\u00e1logo\",\"item\":\"https:\\\/\\\/www.nicecaribe.com\\\/es\\\/catalogo\\\/\"},{\"@type\":\"ListItem\",\"position\":3,\"name\":\"Aceite de Semilla de Uva &#038; Toque Sinerg\u00eda\"}]},{\"@type\":\"WebSite\",\"@id\":\"https:\\\/\\\/www.nicecaribe.com\\\/es\\\/#website\",\"url\":\"https:\\\/\\\/www.nicecaribe.com\\\/es\\\/\",\"name\":\"Nice Caribe | Wellness Distributors\",\"description\":\"Productos para el bienestar integral, elaborados con aceites esenciales de grado terap\u00e9utico y f\u00e1cil incorporaci\u00f3n en tu diario vivir.\",\"publisher\":{\"@id\":\"https:\\\/\\\/www.nicecaribe.com\\\/es\\\/#organization\"},\"potentialAction\":[{\"@type\":\"SearchAction\",\"target\":{\"@type\":\"EntryPoint\",\"urlTemplate\":\"https:\\\/\\\/www.nicecaribe.com\\\/es\\\/?s={search_term_string}\"},\"query-input\":{\"@type\":\"PropertyValueSpecification\",\"valueRequired\":true,\"valueName\":\"search_term_string\"}}],\"inLanguage\":\"en-US\"},{\"@type\":\"Organization\",\"@id\":\"https:\\\/\\\/www.nicecaribe.com\\\/es\\\/#organization\",\"name\":\"Nice Caribe | Wellness Distributors\",\"url\":\"https:\\\/\\\/www.nicecaribe.com\\\/es\\\/\",\"logo\":{\"@type\":\"ImageObject\",\"inLanguage\":\"en-US\",\"@id\":\"https:\\\/\\\/www.nicecaribe.com\\\/es\\\/#\\\/schema\\\/logo\\\/image\\\/\",\"url\":\"https:\\\/\\\/www.nicecaribe.com\\\/wp-content\\\/uploads\\\/2024\\\/11\\\/footer-logo-new.png\",\"contentUrl\":\"https:\\\/\\\/www.nicecaribe.com\\\/wp-content\\\/uploads\\\/2024\\\/11\\\/footer-logo-new.png\",\"width\":206,\"height\":41,\"caption\":\"Nice Caribe | Wellness Distributors\"},\"image\":{\"@id\":\"https:\\\/\\\/www.nicecaribe.com\\\/es\\\/#\\\/schema\\\/logo\\\/image\\\/\"},\"sameAs\":[\"https:\\\/\\\/www.facebook.com\\\/nicecaribesrl\",\"https:\\\/\\\/www.instagram.com\\\/nicecariberd\\\/\",\"https:\\\/\\\/www.youtube.com\\\/@nicecaribe\",\"https:\\\/\\\/www.linkedin.com\\\/company\\\/nicecaribe\"]}]}<\/script>\n<!-- \/ Yoast SEO plugin. -->","yoast_head_json":{"title":"Aceite de Semilla de Uva &#038; Toque Sinerg\u00eda - Nice Caribe | Wellness Distributors","robots":{"index":"index","follow":"follow","max-snippet":"max-snippet:-1","max-image-preview":"max-image-preview:large","max-video-preview":"max-video-preview:-1"},"canonical":"https:\/\/www.nicecaribe.com\/en\/product\/aceite-de-semilla-de-uva-toque-sinergia\/","og_locale":"en_US","og_type":"article","og_title":"Aceite de Semilla de Uva &#038; Toque Sinerg\u00eda - Nice Caribe | Wellness Distributors","og_description":"El aceite de semilla de uva es rico en vitaminas C, D, E y betacarotenos, estos contribuyen al aumento de resistencia de la piel, haci\u00e9ndola m\u00e1s el\u00e1stica y tersa. Posee una cantidad importante de vitamina E, flavanoides y resveratrol, que ayudan a prevenir y reversar los da\u00f1os de los rayos UV creados por los radicales libres.  Personaliza tu aceite de masaje al seleccionar la esencia de tu preferencia para el disfrute de una exquisita experiencia sensorial.  &nbsp;","og_url":"https:\/\/www.nicecaribe.com\/en\/product\/aceite-de-semilla-de-uva-toque-sinergia\/","og_site_name":"Nice Caribe | Wellness Distributors","article_publisher":"https:\/\/www.facebook.com\/nicecaribesrl","article_modified_time":"2024-05-04T18:56:12+00:00","og_image":[{"width":1024,"height":1024,"url":"https:\/\/www.nicecaribe.com\/wp-content\/uploads\/2022\/02\/UVA-GL.jpg","type":"image\/jpeg"}],"twitter_card":"summary_large_image","twitter_misc":{"Est. reading time":"1 minute"},"schema":{"@context":"https:\/\/schema.org","@graph":[{"@type":"WebPage","@id":"https:\/\/www.nicecaribe.com\/product\/aceite-de-semilla-de-uva-toque-sinergia\/","url":"https:\/\/www.nicecaribe.com\/product\/aceite-de-semilla-de-uva-toque-sinergia\/","name":"Aceite de Semilla de Uva &#038; Toque Sinerg\u00eda - Nice Caribe | Wellness Distributors","isPartOf":{"@id":"https:\/\/www.nicecaribe.com\/es\/#website"},"primaryImageOfPage":{"@id":"https:\/\/www.nicecaribe.com\/product\/aceite-de-semilla-de-uva-toque-sinergia\/#primaryimage"},"image":{"@id":"https:\/\/www.nicecaribe.com\/product\/aceite-de-semilla-de-uva-toque-sinergia\/#primaryimage"},"thumbnailUrl":"https:\/\/www.nicecaribe.com\/wp-content\/uploads\/2022\/02\/UVA-GL.jpg","datePublished":"2021-12-09T00:55:15+00:00","dateModified":"2024-05-04T18:56:12+00:00","breadcrumb":{"@id":"https:\/\/www.nicecaribe.com\/product\/aceite-de-semilla-de-uva-toque-sinergia\/#breadcrumb"},"inLanguage":"en-US","potentialAction":[{"@type":"ReadAction","target":["https:\/\/www.nicecaribe.com\/product\/aceite-de-semilla-de-uva-toque-sinergia\/"]}]},{"@type":"ImageObject","inLanguage":"en-US","@id":"https:\/\/www.nicecaribe.com\/product\/aceite-de-semilla-de-uva-toque-sinergia\/#primaryimage","url":"https:\/\/www.nicecaribe.com\/wp-content\/uploads\/2022\/02\/UVA-GL.jpg","contentUrl":"https:\/\/www.nicecaribe.com\/wp-content\/uploads\/2022\/02\/UVA-GL.jpg","width":1024,"height":1024},{"@type":"BreadcrumbList","@id":"https:\/\/www.nicecaribe.com\/product\/aceite-de-semilla-de-uva-toque-sinergia\/#breadcrumb","itemListElement":[{"@type":"ListItem","position":1,"name":"Home","item":"https:\/\/www.nicecaribe.com\/en\/"},{"@type":"ListItem","position":2,"name":"Cat\u00e1logo","item":"https:\/\/www.nicecaribe.com\/es\/catalogo\/"},{"@type":"ListItem","position":3,"name":"Aceite de Semilla de Uva &#038; Toque Sinerg\u00eda"}]},{"@type":"WebSite","@id":"https:\/\/www.nicecaribe.com\/es\/#website","url":"https:\/\/www.nicecaribe.com\/es\/","name":"Nice Caribe | Wellness Distributors","description":"Productos para el bienestar integral, elaborados con aceites esenciales de grado terap\u00e9utico y f\u00e1cil incorporaci\u00f3n en tu diario vivir.","publisher":{"@id":"https:\/\/www.nicecaribe.com\/es\/#organization"},"potentialAction":[{"@type":"SearchAction","target":{"@type":"EntryPoint","urlTemplate":"https:\/\/www.nicecaribe.com\/es\/?s={search_term_string}"},"query-input":{"@type":"PropertyValueSpecification","valueRequired":true,"valueName":"search_term_string"}}],"inLanguage":"en-US"},{"@type":"Organization","@id":"https:\/\/www.nicecaribe.com\/es\/#organization","name":"Nice Caribe | Wellness Distributors","url":"https:\/\/www.nicecaribe.com\/es\/","logo":{"@type":"ImageObject","inLanguage":"en-US","@id":"https:\/\/www.nicecaribe.com\/es\/#\/schema\/logo\/image\/","url":"https:\/\/www.nicecaribe.com\/wp-content\/uploads\/2024\/11\/footer-logo-new.png","contentUrl":"https:\/\/www.nicecaribe.com\/wp-content\/uploads\/2024\/11\/footer-logo-new.png","width":206,"height":41,"caption":"Nice Caribe | Wellness Distributors"},"image":{"@id":"https:\/\/www.nicecaribe.com\/es\/#\/schema\/logo\/image\/"},"sameAs":["https:\/\/www.facebook.com\/nicecaribesrl","https:\/\/www.instagram.com\/nicecariberd\/","https:\/\/www.youtube.com\/@nicecaribe","https:\/\/www.linkedin.com\/company\/nicecaribe"]}]}},"jetpack_sharing_enabled":true,"_links":{"self":[{"href":"https:\/\/www.nicecaribe.com\/en\/wp-json\/wp\/v2\/product\/8523","targetHints":{"allow":["GET"]}}],"collection":[{"href":"https:\/\/www.nicecaribe.com\/en\/wp-json\/wp\/v2\/product"}],"about":[{"href":"https:\/\/www.nicecaribe.com\/en\/wp-json\/wp\/v2\/types\/product"}],"replies":[{"embeddable":true,"href":"https:\/\/www.nicecaribe.com\/en\/wp-json\/wp\/v2\/comments?post=8523"}],"wp:featuredmedia":[{"embeddable":true,"href":"https:\/\/www.nicecaribe.com\/en\/wp-json\/wp\/v2\/media\/9578"}],"wp:attachment":[{"href":"https:\/\/www.nicecaribe.com\/en\/wp-json\/wp\/v2\/media?parent=8523"}],"wp:term":[{"taxonomy":"product_brand","embeddable":true,"href":"https:\/\/www.nicecaribe.com\/en\/wp-json\/wp\/v2\/product_brand?post=8523"},{"taxonomy":"product_cat","embeddable":true,"href":"https:\/\/www.nicecaribe.com\/en\/wp-json\/wp\/v2\/product_cat?post=8523"},{"taxonomy":"product_tag","embeddable":true,"href":"https:\/\/www.nicecaribe.com\/en\/wp-json\/wp\/v2\/product_tag?post=8523"}],"curies":[{"name":"wp","href":"https:\/\/api.w.org\/{rel}","templated":true}]}}