{"id":8564,"date":"2026-03-30T00:35:48","date_gmt":"2026-03-30T04:35:48","guid":{"rendered":"https:\/\/www.nicecaribe.com\/?post_type=product&#038;p=8564"},"modified":"2026-03-30T00:37:12","modified_gmt":"2026-03-30T04:37:12","slug":"aceite-aromatico-caribbean-christmas","status":"publish","type":"product","link":"https:\/\/www.nicecaribe.com\/en\/product\/aceite-aromatico-caribbean-christmas\/","title":{"rendered":"Aceite Arom\u00e1tico Caribbean Christmas"},"content":{"rendered":"","protected":false},"excerpt":{"rendered":"<p>Divertida sinergia arom\u00e1tica que combina la pimienta de Jamaica, en una base tropical y dulce de pi\u00f1a con mango, acompa\u00f1ada del aroma de la suculenta fruta de granada. Verdaderamente una mezcla inolvidable para celebrar una navidad caribe\u00f1a.<\/p>","protected":false},"featured_media":8969,"comment_status":"open","ping_status":"closed","template":"","meta":{"_coblocks_attr":"","_coblocks_dimensions":"","_coblocks_responsive_height":"","_coblocks_accordion_ie_support":"","om_disable_all_campaigns":false},"product_brand":[],"product_cat":[397,15],"product_tag":[221],"class_list":{"0":"post-8564","1":"product","2":"type-product","3":"status-publish","4":"has-post-thumbnail","6":"product_cat-linea-navidad","7":"product_cat-uncategorized","8":"product_tag-dulce","9":"pa_tamano-0-5-oz","10":"pa_tamano-16-oz","11":"pa_tamano-32-oz","13":"first","14":"instock","15":"shipping-taxable","16":"purchasable","17":"product-type-variable"},"yoast_head":"<!-- This site is optimized with the Yoast SEO plugin v27.4 - https:\/\/yoast.com\/product\/yoast-seo-wordpress\/ -->\n<title>Aceite Arom\u00e1tico Caribbean Christmas - Nice Caribe | Wellness Distributors<\/title>\n<meta name=\"description\" content=\"Divertida sinergia arom\u00e1tica que combina la pimienta de Jamaica, en una base tropical y dulce de pi\u00f1a con mango, acompa\u00f1ada del aroma de la suculenta fruta de granada.\" \/>\n<meta name=\"robots\" content=\"index, follow, max-snippet:-1, max-image-preview:large, max-video-preview:-1\" \/>\n<link rel=\"canonical\" href=\"https:\/\/www.nicecaribe.com\/en\/product\/aceite-aromatico-caribbean-christmas\/\" \/>\n<meta property=\"og:locale\" content=\"en_US\" \/>\n<meta property=\"og:type\" content=\"article\" \/>\n<meta property=\"og:title\" content=\"Aceite Arom\u00e1tico Caribbean Christmas - Nice Caribe | Wellness Distributors\" \/>\n<meta property=\"og:description\" content=\"Divertida sinergia arom\u00e1tica que combina la pimienta de Jamaica, en una base tropical y dulce de pi\u00f1a con mango, acompa\u00f1ada del aroma de la suculenta fruta de granada.\" \/>\n<meta property=\"og:url\" content=\"https:\/\/www.nicecaribe.com\/en\/product\/aceite-aromatico-caribbean-christmas\/\" \/>\n<meta property=\"og:site_name\" content=\"Nice Caribe | Wellness Distributors\" \/>\n<meta property=\"article:publisher\" content=\"https:\/\/www.facebook.com\/nicecaribesrl\" \/>\n<meta property=\"article:modified_time\" content=\"2026-03-30T04:37:12+00:00\" \/>\n<meta property=\"og:image\" content=\"https:\/\/www.nicecaribe.com\/wp-content\/uploads\/2021\/12\/AA-CARIB-0.5OZ.jpg\" \/>\n\t<meta property=\"og:image:width\" content=\"1080\" \/>\n\t<meta property=\"og:image:height\" content=\"1080\" \/>\n\t<meta property=\"og:image:type\" content=\"image\/jpeg\" \/>\n<meta name=\"twitter:card\" content=\"summary_large_image\" \/>\n<meta name=\"twitter:label1\" content=\"Est. reading time\" \/>\n\t<meta name=\"twitter:data1\" content=\"1 minute\" \/>\n<script type=\"application\/ld+json\" class=\"yoast-schema-graph\">{\"@context\":\"https:\\\/\\\/schema.org\",\"@graph\":[{\"@type\":\"WebPage\",\"@id\":\"https:\\\/\\\/www.nicecaribe.com\\\/product\\\/aceite-aromatico-caribbean-christmas\\\/\",\"url\":\"https:\\\/\\\/www.nicecaribe.com\\\/product\\\/aceite-aromatico-caribbean-christmas\\\/\",\"name\":\"Aceite Arom\u00e1tico Caribbean Christmas - Nice Caribe | Wellness Distributors\",\"isPartOf\":{\"@id\":\"https:\\\/\\\/www.nicecaribe.com\\\/es\\\/#website\"},\"primaryImageOfPage\":{\"@id\":\"https:\\\/\\\/www.nicecaribe.com\\\/product\\\/aceite-aromatico-caribbean-christmas\\\/#primaryimage\"},\"image\":{\"@id\":\"https:\\\/\\\/www.nicecaribe.com\\\/product\\\/aceite-aromatico-caribbean-christmas\\\/#primaryimage\"},\"thumbnailUrl\":\"https:\\\/\\\/www.nicecaribe.com\\\/wp-content\\\/uploads\\\/2021\\\/12\\\/AA-CARIB-0.5OZ.jpg\",\"datePublished\":\"2026-03-30T04:35:48+00:00\",\"dateModified\":\"2026-03-30T04:37:12+00:00\",\"description\":\"Divertida sinergia arom\u00e1tica que combina la pimienta de Jamaica, en una base tropical y dulce de pi\u00f1a con mango, acompa\u00f1ada del aroma de la suculenta fruta de granada.\",\"breadcrumb\":{\"@id\":\"https:\\\/\\\/www.nicecaribe.com\\\/product\\\/aceite-aromatico-caribbean-christmas\\\/#breadcrumb\"},\"inLanguage\":\"en-US\",\"potentialAction\":[{\"@type\":\"ReadAction\",\"target\":[\"https:\\\/\\\/www.nicecaribe.com\\\/product\\\/aceite-aromatico-caribbean-christmas\\\/\"]}]},{\"@type\":\"ImageObject\",\"inLanguage\":\"en-US\",\"@id\":\"https:\\\/\\\/www.nicecaribe.com\\\/product\\\/aceite-aromatico-caribbean-christmas\\\/#primaryimage\",\"url\":\"https:\\\/\\\/www.nicecaribe.com\\\/wp-content\\\/uploads\\\/2021\\\/12\\\/AA-CARIB-0.5OZ.jpg\",\"contentUrl\":\"https:\\\/\\\/www.nicecaribe.com\\\/wp-content\\\/uploads\\\/2021\\\/12\\\/AA-CARIB-0.5OZ.jpg\",\"width\":1080,\"height\":1080},{\"@type\":\"BreadcrumbList\",\"@id\":\"https:\\\/\\\/www.nicecaribe.com\\\/product\\\/aceite-aromatico-caribbean-christmas\\\/#breadcrumb\",\"itemListElement\":[{\"@type\":\"ListItem\",\"position\":1,\"name\":\"Home\",\"item\":\"https:\\\/\\\/www.nicecaribe.com\\\/en\\\/\"},{\"@type\":\"ListItem\",\"position\":2,\"name\":\"Cat\u00e1logo\",\"item\":\"https:\\\/\\\/www.nicecaribe.com\\\/es\\\/catalogo\\\/\"},{\"@type\":\"ListItem\",\"position\":3,\"name\":\"Aceite Arom\u00e1tico Caribbean Christmas\"}]},{\"@type\":\"WebSite\",\"@id\":\"https:\\\/\\\/www.nicecaribe.com\\\/es\\\/#website\",\"url\":\"https:\\\/\\\/www.nicecaribe.com\\\/es\\\/\",\"name\":\"Nice Caribe | Wellness Distributors\",\"description\":\"Productos para el bienestar integral, elaborados con aceites esenciales de grado terap\u00e9utico y f\u00e1cil incorporaci\u00f3n en tu diario vivir.\",\"publisher\":{\"@id\":\"https:\\\/\\\/www.nicecaribe.com\\\/es\\\/#organization\"},\"potentialAction\":[{\"@type\":\"SearchAction\",\"target\":{\"@type\":\"EntryPoint\",\"urlTemplate\":\"https:\\\/\\\/www.nicecaribe.com\\\/es\\\/?s={search_term_string}\"},\"query-input\":{\"@type\":\"PropertyValueSpecification\",\"valueRequired\":true,\"valueName\":\"search_term_string\"}}],\"inLanguage\":\"en-US\"},{\"@type\":\"Organization\",\"@id\":\"https:\\\/\\\/www.nicecaribe.com\\\/es\\\/#organization\",\"name\":\"Nice Caribe | Wellness Distributors\",\"url\":\"https:\\\/\\\/www.nicecaribe.com\\\/es\\\/\",\"logo\":{\"@type\":\"ImageObject\",\"inLanguage\":\"en-US\",\"@id\":\"https:\\\/\\\/www.nicecaribe.com\\\/es\\\/#\\\/schema\\\/logo\\\/image\\\/\",\"url\":\"https:\\\/\\\/www.nicecaribe.com\\\/wp-content\\\/uploads\\\/2024\\\/11\\\/footer-logo-new.png\",\"contentUrl\":\"https:\\\/\\\/www.nicecaribe.com\\\/wp-content\\\/uploads\\\/2024\\\/11\\\/footer-logo-new.png\",\"width\":206,\"height\":41,\"caption\":\"Nice Caribe | Wellness Distributors\"},\"image\":{\"@id\":\"https:\\\/\\\/www.nicecaribe.com\\\/es\\\/#\\\/schema\\\/logo\\\/image\\\/\"},\"sameAs\":[\"https:\\\/\\\/www.facebook.com\\\/nicecaribesrl\",\"https:\\\/\\\/www.instagram.com\\\/nicecariberd\\\/\",\"https:\\\/\\\/www.youtube.com\\\/@nicecaribe\",\"https:\\\/\\\/www.linkedin.com\\\/company\\\/nicecaribe\"]}]}<\/script>\n<!-- \/ Yoast SEO plugin. -->","yoast_head_json":{"title":"Aceite Arom\u00e1tico Caribbean Christmas - Nice Caribe | Wellness Distributors","description":"Divertida sinergia arom\u00e1tica que combina la pimienta de Jamaica, en una base tropical y dulce de pi\u00f1a con mango, acompa\u00f1ada del aroma de la suculenta fruta de granada.","robots":{"index":"index","follow":"follow","max-snippet":"max-snippet:-1","max-image-preview":"max-image-preview:large","max-video-preview":"max-video-preview:-1"},"canonical":"https:\/\/www.nicecaribe.com\/en\/product\/aceite-aromatico-caribbean-christmas\/","og_locale":"en_US","og_type":"article","og_title":"Aceite Arom\u00e1tico Caribbean Christmas - Nice Caribe | Wellness Distributors","og_description":"Divertida sinergia arom\u00e1tica que combina la pimienta de Jamaica, en una base tropical y dulce de pi\u00f1a con mango, acompa\u00f1ada del aroma de la suculenta fruta de granada.","og_url":"https:\/\/www.nicecaribe.com\/en\/product\/aceite-aromatico-caribbean-christmas\/","og_site_name":"Nice Caribe | Wellness Distributors","article_publisher":"https:\/\/www.facebook.com\/nicecaribesrl","article_modified_time":"2026-03-30T04:37:12+00:00","og_image":[{"width":1080,"height":1080,"url":"https:\/\/www.nicecaribe.com\/wp-content\/uploads\/2021\/12\/AA-CARIB-0.5OZ.jpg","type":"image\/jpeg"}],"twitter_card":"summary_large_image","twitter_misc":{"Est. reading time":"1 minute"},"schema":{"@context":"https:\/\/schema.org","@graph":[{"@type":"WebPage","@id":"https:\/\/www.nicecaribe.com\/product\/aceite-aromatico-caribbean-christmas\/","url":"https:\/\/www.nicecaribe.com\/product\/aceite-aromatico-caribbean-christmas\/","name":"Aceite Arom\u00e1tico Caribbean Christmas - Nice Caribe | Wellness Distributors","isPartOf":{"@id":"https:\/\/www.nicecaribe.com\/es\/#website"},"primaryImageOfPage":{"@id":"https:\/\/www.nicecaribe.com\/product\/aceite-aromatico-caribbean-christmas\/#primaryimage"},"image":{"@id":"https:\/\/www.nicecaribe.com\/product\/aceite-aromatico-caribbean-christmas\/#primaryimage"},"thumbnailUrl":"https:\/\/www.nicecaribe.com\/wp-content\/uploads\/2021\/12\/AA-CARIB-0.5OZ.jpg","datePublished":"2026-03-30T04:35:48+00:00","dateModified":"2026-03-30T04:37:12+00:00","description":"Divertida sinergia arom\u00e1tica que combina la pimienta de Jamaica, en una base tropical y dulce de pi\u00f1a con mango, acompa\u00f1ada del aroma de la suculenta fruta de granada.","breadcrumb":{"@id":"https:\/\/www.nicecaribe.com\/product\/aceite-aromatico-caribbean-christmas\/#breadcrumb"},"inLanguage":"en-US","potentialAction":[{"@type":"ReadAction","target":["https:\/\/www.nicecaribe.com\/product\/aceite-aromatico-caribbean-christmas\/"]}]},{"@type":"ImageObject","inLanguage":"en-US","@id":"https:\/\/www.nicecaribe.com\/product\/aceite-aromatico-caribbean-christmas\/#primaryimage","url":"https:\/\/www.nicecaribe.com\/wp-content\/uploads\/2021\/12\/AA-CARIB-0.5OZ.jpg","contentUrl":"https:\/\/www.nicecaribe.com\/wp-content\/uploads\/2021\/12\/AA-CARIB-0.5OZ.jpg","width":1080,"height":1080},{"@type":"BreadcrumbList","@id":"https:\/\/www.nicecaribe.com\/product\/aceite-aromatico-caribbean-christmas\/#breadcrumb","itemListElement":[{"@type":"ListItem","position":1,"name":"Home","item":"https:\/\/www.nicecaribe.com\/en\/"},{"@type":"ListItem","position":2,"name":"Cat\u00e1logo","item":"https:\/\/www.nicecaribe.com\/es\/catalogo\/"},{"@type":"ListItem","position":3,"name":"Aceite Arom\u00e1tico Caribbean Christmas"}]},{"@type":"WebSite","@id":"https:\/\/www.nicecaribe.com\/es\/#website","url":"https:\/\/www.nicecaribe.com\/es\/","name":"Nice Caribe | Wellness Distributors","description":"Productos para el bienestar integral, elaborados con aceites esenciales de grado terap\u00e9utico y f\u00e1cil incorporaci\u00f3n en tu diario vivir.","publisher":{"@id":"https:\/\/www.nicecaribe.com\/es\/#organization"},"potentialAction":[{"@type":"SearchAction","target":{"@type":"EntryPoint","urlTemplate":"https:\/\/www.nicecaribe.com\/es\/?s={search_term_string}"},"query-input":{"@type":"PropertyValueSpecification","valueRequired":true,"valueName":"search_term_string"}}],"inLanguage":"en-US"},{"@type":"Organization","@id":"https:\/\/www.nicecaribe.com\/es\/#organization","name":"Nice Caribe | Wellness Distributors","url":"https:\/\/www.nicecaribe.com\/es\/","logo":{"@type":"ImageObject","inLanguage":"en-US","@id":"https:\/\/www.nicecaribe.com\/es\/#\/schema\/logo\/image\/","url":"https:\/\/www.nicecaribe.com\/wp-content\/uploads\/2024\/11\/footer-logo-new.png","contentUrl":"https:\/\/www.nicecaribe.com\/wp-content\/uploads\/2024\/11\/footer-logo-new.png","width":206,"height":41,"caption":"Nice Caribe | Wellness Distributors"},"image":{"@id":"https:\/\/www.nicecaribe.com\/es\/#\/schema\/logo\/image\/"},"sameAs":["https:\/\/www.facebook.com\/nicecaribesrl","https:\/\/www.instagram.com\/nicecariberd\/","https:\/\/www.youtube.com\/@nicecaribe","https:\/\/www.linkedin.com\/company\/nicecaribe"]}]}},"jetpack_sharing_enabled":true,"_links":{"self":[{"href":"https:\/\/www.nicecaribe.com\/en\/wp-json\/wp\/v2\/product\/8564","targetHints":{"allow":["GET"]}}],"collection":[{"href":"https:\/\/www.nicecaribe.com\/en\/wp-json\/wp\/v2\/product"}],"about":[{"href":"https:\/\/www.nicecaribe.com\/en\/wp-json\/wp\/v2\/types\/product"}],"replies":[{"embeddable":true,"href":"https:\/\/www.nicecaribe.com\/en\/wp-json\/wp\/v2\/comments?post=8564"}],"wp:featuredmedia":[{"embeddable":true,"href":"https:\/\/www.nicecaribe.com\/en\/wp-json\/wp\/v2\/media\/8969"}],"wp:attachment":[{"href":"https:\/\/www.nicecaribe.com\/en\/wp-json\/wp\/v2\/media?parent=8564"}],"wp:term":[{"taxonomy":"product_brand","embeddable":true,"href":"https:\/\/www.nicecaribe.com\/en\/wp-json\/wp\/v2\/product_brand?post=8564"},{"taxonomy":"product_cat","embeddable":true,"href":"https:\/\/www.nicecaribe.com\/en\/wp-json\/wp\/v2\/product_cat?post=8564"},{"taxonomy":"product_tag","embeddable":true,"href":"https:\/\/www.nicecaribe.com\/en\/wp-json\/wp\/v2\/product_tag?post=8564"}],"curies":[{"name":"wp","href":"https:\/\/api.w.org\/{rel}","templated":true}]}}