{"id":8664,"date":"2021-12-30T18:04:51","date_gmt":"2021-12-30T18:04:51","guid":{"rendered":"https:\/\/www.nicecaribe.com\/product\/mini-spray-lenceria-4-gr-cristal\/"},"modified":"2022-03-10T13:41:12","modified_gmt":"2022-03-10T13:41:12","slug":"atomizador-lenceria-cristal-4gr","status":"publish","type":"product","link":"https:\/\/www.nicecaribe.com\/en\/product\/atomizador-lenceria-cristal-4gr\/","title":{"rendered":"Atomizador de Lencer\u00eda Cristal"},"content":{"rendered":"","protected":false},"excerpt":{"rendered":"<p>Envase mini. Reconforte sus sentidos utilizando los atomizadores de lencer\u00eda Harmony Scents &amp; Burners. Ideales para aromatizar la ropa de cama y disfrutar de sus efectos terap\u00e9uticos en todo momento. Disponible en multiples aromas para su seleccion.<\/p>","protected":false},"featured_media":0,"comment_status":"open","ping_status":"closed","template":"","meta":{"_coblocks_attr":"","_coblocks_dimensions":"","_coblocks_responsive_height":"","_coblocks_accordion_ie_support":"","om_disable_all_campaigns":false},"product_brand":[],"product_cat":[334,245],"product_tag":[],"class_list":{"0":"post-8664","1":"product","2":"type-product","3":"status-publish","5":"product_cat-ambientadores","6":"product_cat-atomizador-para-lenceria","7":"pa_tamano-4-gr","9":"first","10":"instock","11":"sold-individually","12":"purchasable","13":"product-type-simple"},"yoast_head":"<!-- This site is optimized with the Yoast SEO plugin v27.5 - https:\/\/yoast.com\/product\/yoast-seo-wordpress\/ -->\n<title>Atomizador de Lencer\u00eda Cristal - Nice Caribe | Wellness Distributors<\/title>\n<meta name=\"robots\" content=\"index, follow, max-snippet:-1, max-image-preview:large, max-video-preview:-1\" \/>\n<link rel=\"canonical\" href=\"https:\/\/www.nicecaribe.com\/en\/product\/atomizador-lenceria-cristal-4gr\/\" \/>\n<meta property=\"og:locale\" content=\"en_US\" \/>\n<meta property=\"og:type\" content=\"article\" \/>\n<meta property=\"og:title\" content=\"Atomizador de Lencer\u00eda Cristal - Nice Caribe | Wellness Distributors\" \/>\n<meta property=\"og:description\" content=\"Envase mini. Reconforte sus sentidos utilizando los atomizadores de lencer\u00eda Harmony Scents &amp; Burners. Ideales para aromatizar la ropa de cama y disfrutar de sus efectos terap\u00e9uticos en todo momento. Disponible en multiples aromas para su seleccion.\" \/>\n<meta property=\"og:url\" content=\"https:\/\/www.nicecaribe.com\/en\/product\/atomizador-lenceria-cristal-4gr\/\" \/>\n<meta property=\"og:site_name\" content=\"Nice Caribe | Wellness Distributors\" \/>\n<meta property=\"article:publisher\" content=\"https:\/\/www.facebook.com\/nicecaribesrl\" \/>\n<meta property=\"article:modified_time\" content=\"2022-03-10T13:41:12+00:00\" \/>\n<meta name=\"twitter:card\" content=\"summary_large_image\" \/>\n<script type=\"application\/ld+json\" class=\"yoast-schema-graph\">{\"@context\":\"https:\\\/\\\/schema.org\",\"@graph\":[{\"@type\":\"WebPage\",\"@id\":\"https:\\\/\\\/www.nicecaribe.com\\\/es\\\/product\\\/atomizador-lenceria-cristal-4gr\\\/\",\"url\":\"https:\\\/\\\/www.nicecaribe.com\\\/es\\\/product\\\/atomizador-lenceria-cristal-4gr\\\/\",\"name\":\"Atomizador de Lencer\u00eda Cristal - Nice Caribe | Wellness Distributors\",\"isPartOf\":{\"@id\":\"https:\\\/\\\/www.nicecaribe.com\\\/es\\\/#website\"},\"datePublished\":\"2021-12-30T18:04:51+00:00\",\"dateModified\":\"2022-03-10T13:41:12+00:00\",\"breadcrumb\":{\"@id\":\"https:\\\/\\\/www.nicecaribe.com\\\/es\\\/product\\\/atomizador-lenceria-cristal-4gr\\\/#breadcrumb\"},\"inLanguage\":\"en-US\",\"potentialAction\":[{\"@type\":\"ReadAction\",\"target\":[\"https:\\\/\\\/www.nicecaribe.com\\\/es\\\/product\\\/atomizador-lenceria-cristal-4gr\\\/\"]}]},{\"@type\":\"BreadcrumbList\",\"@id\":\"https:\\\/\\\/www.nicecaribe.com\\\/es\\\/product\\\/atomizador-lenceria-cristal-4gr\\\/#breadcrumb\",\"itemListElement\":[{\"@type\":\"ListItem\",\"position\":1,\"name\":\"Home\",\"item\":\"https:\\\/\\\/www.nicecaribe.com\\\/en\\\/\"},{\"@type\":\"ListItem\",\"position\":2,\"name\":\"Cat\u00e1logo\",\"item\":\"https:\\\/\\\/www.nicecaribe.com\\\/es\\\/catalogo\\\/\"},{\"@type\":\"ListItem\",\"position\":3,\"name\":\"Atomizador de Lencer\u00eda Cristal\"}]},{\"@type\":\"WebSite\",\"@id\":\"https:\\\/\\\/www.nicecaribe.com\\\/es\\\/#website\",\"url\":\"https:\\\/\\\/www.nicecaribe.com\\\/es\\\/\",\"name\":\"Nice Caribe | Wellness Distributors\",\"description\":\"Productos para el bienestar integral, elaborados con aceites esenciales de grado terap\u00e9utico y f\u00e1cil incorporaci\u00f3n en tu diario vivir.\",\"publisher\":{\"@id\":\"https:\\\/\\\/www.nicecaribe.com\\\/es\\\/#organization\"},\"potentialAction\":[{\"@type\":\"SearchAction\",\"target\":{\"@type\":\"EntryPoint\",\"urlTemplate\":\"https:\\\/\\\/www.nicecaribe.com\\\/es\\\/?s={search_term_string}\"},\"query-input\":{\"@type\":\"PropertyValueSpecification\",\"valueRequired\":true,\"valueName\":\"search_term_string\"}}],\"inLanguage\":\"en-US\"},{\"@type\":\"Organization\",\"@id\":\"https:\\\/\\\/www.nicecaribe.com\\\/es\\\/#organization\",\"name\":\"Nice Caribe | Wellness Distributors\",\"url\":\"https:\\\/\\\/www.nicecaribe.com\\\/es\\\/\",\"logo\":{\"@type\":\"ImageObject\",\"inLanguage\":\"en-US\",\"@id\":\"https:\\\/\\\/www.nicecaribe.com\\\/es\\\/#\\\/schema\\\/logo\\\/image\\\/\",\"url\":\"https:\\\/\\\/www.nicecaribe.com\\\/wp-content\\\/uploads\\\/2024\\\/11\\\/footer-logo-new.png\",\"contentUrl\":\"https:\\\/\\\/www.nicecaribe.com\\\/wp-content\\\/uploads\\\/2024\\\/11\\\/footer-logo-new.png\",\"width\":206,\"height\":41,\"caption\":\"Nice Caribe | Wellness Distributors\"},\"image\":{\"@id\":\"https:\\\/\\\/www.nicecaribe.com\\\/es\\\/#\\\/schema\\\/logo\\\/image\\\/\"},\"sameAs\":[\"https:\\\/\\\/www.facebook.com\\\/nicecaribesrl\",\"https:\\\/\\\/www.instagram.com\\\/nicecariberd\\\/\",\"https:\\\/\\\/www.youtube.com\\\/@nicecaribe\",\"https:\\\/\\\/www.linkedin.com\\\/company\\\/nicecaribe\"]}]}<\/script>\n<!-- \/ Yoast SEO plugin. -->","yoast_head_json":{"title":"Atomizador de Lencer\u00eda Cristal - Nice Caribe | Wellness Distributors","robots":{"index":"index","follow":"follow","max-snippet":"max-snippet:-1","max-image-preview":"max-image-preview:large","max-video-preview":"max-video-preview:-1"},"canonical":"https:\/\/www.nicecaribe.com\/en\/product\/atomizador-lenceria-cristal-4gr\/","og_locale":"en_US","og_type":"article","og_title":"Atomizador de Lencer\u00eda Cristal - Nice Caribe | Wellness Distributors","og_description":"Envase mini. Reconforte sus sentidos utilizando los atomizadores de lencer\u00eda Harmony Scents &amp; Burners. Ideales para aromatizar la ropa de cama y disfrutar de sus efectos terap\u00e9uticos en todo momento. Disponible en multiples aromas para su seleccion.","og_url":"https:\/\/www.nicecaribe.com\/en\/product\/atomizador-lenceria-cristal-4gr\/","og_site_name":"Nice Caribe | Wellness Distributors","article_publisher":"https:\/\/www.facebook.com\/nicecaribesrl","article_modified_time":"2022-03-10T13:41:12+00:00","twitter_card":"summary_large_image","schema":{"@context":"https:\/\/schema.org","@graph":[{"@type":"WebPage","@id":"https:\/\/www.nicecaribe.com\/es\/product\/atomizador-lenceria-cristal-4gr\/","url":"https:\/\/www.nicecaribe.com\/es\/product\/atomizador-lenceria-cristal-4gr\/","name":"Atomizador de Lencer\u00eda Cristal - Nice Caribe | Wellness Distributors","isPartOf":{"@id":"https:\/\/www.nicecaribe.com\/es\/#website"},"datePublished":"2021-12-30T18:04:51+00:00","dateModified":"2022-03-10T13:41:12+00:00","breadcrumb":{"@id":"https:\/\/www.nicecaribe.com\/es\/product\/atomizador-lenceria-cristal-4gr\/#breadcrumb"},"inLanguage":"en-US","potentialAction":[{"@type":"ReadAction","target":["https:\/\/www.nicecaribe.com\/es\/product\/atomizador-lenceria-cristal-4gr\/"]}]},{"@type":"BreadcrumbList","@id":"https:\/\/www.nicecaribe.com\/es\/product\/atomizador-lenceria-cristal-4gr\/#breadcrumb","itemListElement":[{"@type":"ListItem","position":1,"name":"Home","item":"https:\/\/www.nicecaribe.com\/en\/"},{"@type":"ListItem","position":2,"name":"Cat\u00e1logo","item":"https:\/\/www.nicecaribe.com\/es\/catalogo\/"},{"@type":"ListItem","position":3,"name":"Atomizador de Lencer\u00eda Cristal"}]},{"@type":"WebSite","@id":"https:\/\/www.nicecaribe.com\/es\/#website","url":"https:\/\/www.nicecaribe.com\/es\/","name":"Nice Caribe | Wellness Distributors","description":"Productos para el bienestar integral, elaborados con aceites esenciales de grado terap\u00e9utico y f\u00e1cil incorporaci\u00f3n en tu diario vivir.","publisher":{"@id":"https:\/\/www.nicecaribe.com\/es\/#organization"},"potentialAction":[{"@type":"SearchAction","target":{"@type":"EntryPoint","urlTemplate":"https:\/\/www.nicecaribe.com\/es\/?s={search_term_string}"},"query-input":{"@type":"PropertyValueSpecification","valueRequired":true,"valueName":"search_term_string"}}],"inLanguage":"en-US"},{"@type":"Organization","@id":"https:\/\/www.nicecaribe.com\/es\/#organization","name":"Nice Caribe | Wellness Distributors","url":"https:\/\/www.nicecaribe.com\/es\/","logo":{"@type":"ImageObject","inLanguage":"en-US","@id":"https:\/\/www.nicecaribe.com\/es\/#\/schema\/logo\/image\/","url":"https:\/\/www.nicecaribe.com\/wp-content\/uploads\/2024\/11\/footer-logo-new.png","contentUrl":"https:\/\/www.nicecaribe.com\/wp-content\/uploads\/2024\/11\/footer-logo-new.png","width":206,"height":41,"caption":"Nice Caribe | Wellness Distributors"},"image":{"@id":"https:\/\/www.nicecaribe.com\/es\/#\/schema\/logo\/image\/"},"sameAs":["https:\/\/www.facebook.com\/nicecaribesrl","https:\/\/www.instagram.com\/nicecariberd\/","https:\/\/www.youtube.com\/@nicecaribe","https:\/\/www.linkedin.com\/company\/nicecaribe"]}]}},"jetpack_sharing_enabled":true,"_links":{"self":[{"href":"https:\/\/www.nicecaribe.com\/en\/wp-json\/wp\/v2\/product\/8664","targetHints":{"allow":["GET"]}}],"collection":[{"href":"https:\/\/www.nicecaribe.com\/en\/wp-json\/wp\/v2\/product"}],"about":[{"href":"https:\/\/www.nicecaribe.com\/en\/wp-json\/wp\/v2\/types\/product"}],"replies":[{"embeddable":true,"href":"https:\/\/www.nicecaribe.com\/en\/wp-json\/wp\/v2\/comments?post=8664"}],"wp:attachment":[{"href":"https:\/\/www.nicecaribe.com\/en\/wp-json\/wp\/v2\/media?parent=8664"}],"wp:term":[{"taxonomy":"product_brand","embeddable":true,"href":"https:\/\/www.nicecaribe.com\/en\/wp-json\/wp\/v2\/product_brand?post=8664"},{"taxonomy":"product_cat","embeddable":true,"href":"https:\/\/www.nicecaribe.com\/en\/wp-json\/wp\/v2\/product_cat?post=8664"},{"taxonomy":"product_tag","embeddable":true,"href":"https:\/\/www.nicecaribe.com\/en\/wp-json\/wp\/v2\/product_tag?post=8664"}],"curies":[{"name":"wp","href":"https:\/\/api.w.org\/{rel}","templated":true}]}}