{"id":5097,"date":"2021-03-23T21:08:22","date_gmt":"2021-03-23T21:08:22","guid":{"rendered":"https:\/\/www.nicecaribe.com\/wholesales-copy\/"},"modified":"2021-04-07T04:46:17","modified_gmt":"2021-04-07T04:46:17","slug":"scentcorp-form-hogar","status":"publish","type":"page","link":"https:\/\/www.nicecaribe.com\/es\/scentcorp-form-hogar\/","title":{"rendered":"Formulario Scentcorp Hogar"},"content":{"rendered":"<div class=\"wpb-content-wrapper\"><div class=\"qodef-row-grid-section-wrapper \"  ><div class=\"qodef-row-grid-section\"><div class=\"vc_row wpb_row vc_row-fluid\" ><div class=\"wpb_column vc_column_container vc_col-sm-12\"><div class=\"vc_column-inner\"><div class=\"wpb_wrapper\"><div class=\"qodef-section-title-holder  \" style=\"text-align: center\">\n\t<div class=\"qodef-st-inner\">\n\t\t\t\t\t<h4 class=\"qodef-st-title\" style=\"color: #b5aa9a\">\n\t\t\t\tSCENTCORP | AROMATIZACI\u00d3N PARA EL HOGAR\t\t\t<\/h4>\n\t\t\t\t\t\t\t<p class=\"qodef-st-text\" style=\"font-size: 14px;font-weight: 600;margin-top: 1px\">\n\t\t\t\tFORMULARIO DE SOLICITUD\t\t\t<\/p>\n\t\t\t\t\t<\/div>\n<\/div><div class=\"vc_row wpb_row vc_inner vc_row-fluid\" ><div class=\"wpb_column vc_column_container vc_col-sm-2\"><div class=\"vc_column-inner\"><div class=\"wpb_wrapper\"><\/div><\/div><\/div><div class=\"wpb_column vc_column_container vc_col-sm-8\"><div class=\"vc_column-inner\"><div class=\"wpb_wrapper\">\n\t<div class=\"wpb_text_column wpb_content_element\" >\n\t\t<div class=\"wpb_wrapper\">\n\t\t\t<p style=\"text-align: center;\"><span style=\"color: #8c857b; font-size: 18px;\">Disfrute de una aromatizaci\u00f3n a su medida seleccionando el equipo de su preferencia y uno de nuestros contratos de planes de servicio con contrataci\u00f3n anual y modalidad de pago por adelantado.<\/span><\/p>\n\n\t\t<\/div>\n\t<\/div>\n<\/div><\/div><\/div><div class=\"wpb_column vc_column_container vc_col-sm-2\"><div class=\"vc_column-inner\"><div class=\"wpb_wrapper\"><\/div><\/div><\/div><\/div><div class=\"vc_empty_space\"   style=\"height: 32px\"><span class=\"vc_empty_space_inner\"><\/span><\/div><\/div><\/div><\/div><\/div><\/div><\/div><div class=\"vc_row wpb_row vc_row-fluid vc_custom_1617755125766\" ><div class=\"wpb_column vc_column_container vc_col-sm-3\"><div class=\"vc_column-inner\"><div class=\"wpb_wrapper\"><\/div><\/div><\/div><div class=\"wpb_column vc_column_container vc_col-sm-6\"><div class=\"vc_column-inner\"><div class=\"wpb_wrapper\"><div id=\"cf7cstmzr-form\" class=\"cf7cstmzr-form-5096 cf7cstmzr-form\">\n<div class=\"wpcf7 no-js\" id=\"wpcf7-f5096-o1\" lang=\"en-US\" dir=\"ltr\" data-wpcf7-id=\"5096\">\n<div class=\"screen-reader-response\"><p role=\"status\" aria-live=\"polite\" aria-atomic=\"true\"><\/p> <ul><\/ul><\/div>\n<form action=\"\/es\/wp-json\/wp\/v2\/pages\/5097#wpcf7-f5096-o1\" method=\"post\" class=\"wpcf7-form init cf7_custom_style_1 39fb2daaf261 cmatic-conn cmatic-aud-1 cmatic-mapd0-0 cmatic-v097802 cmatic-sent-0 cmatic-total-46\" aria-label=\"Contact form\" novalidate=\"novalidate\" data-status=\"init\">\n<fieldset class=\"hidden-fields-container\"><input type=\"hidden\" name=\"_wpcf7\" value=\"5096\" \/><input type=\"hidden\" name=\"_wpcf7_version\" value=\"6.1.5\" \/><input type=\"hidden\" name=\"_wpcf7_locale\" value=\"en_US\" \/><input type=\"hidden\" name=\"_wpcf7_unit_tag\" value=\"wpcf7-f5096-o1\" \/><input type=\"hidden\" name=\"_wpcf7_container_post\" value=\"0\" \/><input type=\"hidden\" name=\"_wpcf7_posted_data_hash\" value=\"\" \/><input type=\"hidden\" name=\"_wpcf7_recaptcha_response\" value=\"\" \/>\n<\/fieldset>\n<p><label> <strong>NOMBRE<\/strong> <\/label><br \/>\n<span class=\"wpcf7-form-control-wrap\" data-name=\"your-name\"><input size=\"40\" maxlength=\"400\" class=\"wpcf7-form-control wpcf7-text wpcf7-validates-as-required\" aria-required=\"true\" aria-invalid=\"false\" value=\"\" type=\"text\" name=\"your-name\" \/><\/span>\n<\/p>\n<p><label> <strong>APELLIDO<\/strong> <\/label><br \/>\n<span class=\"wpcf7-form-control-wrap\" data-name=\"your-lastname\"><input size=\"40\" maxlength=\"400\" class=\"wpcf7-form-control wpcf7-text wpcf7-validates-as-required\" aria-required=\"true\" aria-invalid=\"false\" value=\"\" type=\"text\" name=\"your-lastname\" \/><\/span>\n<\/p>\n<p><label> <strong>TEL\u00c9FONO<\/strong> <\/label><br \/>\n<span class=\"wpcf7-form-control-wrap\" data-name=\"tel-820\"><input size=\"40\" maxlength=\"400\" class=\"wpcf7-form-control wpcf7-tel wpcf7-validates-as-required wpcf7-text wpcf7-validates-as-tel\" aria-required=\"true\" aria-invalid=\"false\" value=\"\" type=\"tel\" name=\"tel-820\" \/><\/span>\n<\/p>\n<p><label> <strong>E-MAIL<\/strong> <\/label><br \/>\n<span class=\"wpcf7-form-control-wrap\" data-name=\"your-email\"><input size=\"40\" maxlength=\"400\" class=\"wpcf7-form-control wpcf7-email wpcf7-validates-as-required wpcf7-text wpcf7-validates-as-email\" aria-required=\"true\" aria-invalid=\"false\" value=\"\" type=\"email\" name=\"your-email\" \/><\/span>\n<\/p>\n<p><label> <strong>PREFERENCIA DE CONTACTO<\/strong> <\/label><br \/>\n<span class=\"wpcf7-form-control-wrap\" data-name=\"radio-384\"><span class=\"wpcf7-form-control wpcf7-radio\"><span class=\"wpcf7-list-item first\"><label><input type=\"radio\" name=\"radio-384\" value=\"Tel\u00e9fono\" checked=\"checked\" \/><span class=\"wpcf7-list-item-label\">Tel\u00e9fono<\/span><\/label><\/span><span class=\"wpcf7-list-item last\"><label><input type=\"radio\" name=\"radio-384\" value=\"Correo electr\u00f3nico\" \/><span class=\"wpcf7-list-item-label\">Correo electr\u00f3nico<\/span><\/label><\/span><\/span><\/span>\n<\/p>\n<p><label><strong>\u00bfHA PROBADO ANTERIORMENTE NUESTROS PRODUCTOS?<\/strong> <\/label><br \/>\n<span class=\"wpcf7-form-control-wrap\" data-name=\"radio-4\"><span class=\"wpcf7-form-control wpcf7-radio\"><span class=\"wpcf7-list-item first\"><label><input type=\"radio\" name=\"radio-4\" value=\"Si\" checked=\"checked\" \/><span class=\"wpcf7-list-item-label\">Si<\/span><\/label><\/span><span class=\"wpcf7-list-item last\"><label><input type=\"radio\" name=\"radio-4\" value=\"No\" \/><span class=\"wpcf7-list-item-label\">No<\/span><\/label><\/span><\/span><\/span>\n<\/p>\n<p><label><strong>\u00bfA TRAV\u00c9S DE QU\u00c9 MEDIO NOS CONOCI\u00d3?<\/strong><\/label><br \/>\n<span class=\"wpcf7-form-control-wrap\" data-name=\"text-301\"><input size=\"40\" maxlength=\"400\" class=\"wpcf7-form-control wpcf7-text\" aria-invalid=\"false\" value=\"\" type=\"text\" name=\"text-301\" \/><\/span>\n<\/p>\n<p><label><strong>\u00bfTIENE ALGUNA FALLA AMBIENTAL OLFATIVA U OLORES NO DESEADOS QUE REQUIEREN SOLUCI\u00d3N?<\/strong><\/label><br \/>\n<span class=\"wpcf7-form-control-wrap\" data-name=\"radio-5\"><span class=\"wpcf7-form-control wpcf7-radio\"><span class=\"wpcf7-list-item first\"><label><input type=\"radio\" name=\"radio-5\" value=\"Si\" checked=\"checked\" \/><span class=\"wpcf7-list-item-label\">Si<\/span><\/label><\/span><span class=\"wpcf7-list-item last\"><label><input type=\"radio\" name=\"radio-5\" value=\"No\" \/><span class=\"wpcf7-list-item-label\">No<\/span><\/label><\/span><\/span><\/span>\n<\/p>\n<p><label>Por favor describa<\/label><br \/>\n<span class=\"wpcf7-form-control-wrap\" data-name=\"your-message\"><textarea cols=\"40\" rows=\"10\" maxlength=\"2000\" class=\"wpcf7-form-control wpcf7-textarea\" aria-invalid=\"false\" name=\"your-message\"><\/textarea><\/span>\n<\/p>\n<p><label><strong>\u00bfCU\u00c1L ES SU PREFERENCIA AROM\u00c1TICA?<\/strong><\/label><br \/>\n<label>Le describimos cada tipo de aroma Harmony Scents & Burners para su selecci\u00f3n:<\/label>\n<\/p>\n<p><span class=\"wpcf7-form-control-wrap\" data-name=\"checkbox-368\"><span class=\"wpcf7-form-control wpcf7-checkbox\"><span class=\"wpcf7-list-item first\"><label><input type=\"checkbox\" name=\"checkbox-368[]\" value=\"Fragancias: Son esencias sint\u00e9ticas creadas para aromatizar. Nuestras fragancias son hipoalerg\u00e9nicas, de alto calidad y rendimiento.\" \/><span class=\"wpcf7-list-item-label\">Fragancias: Son esencias sint\u00e9ticas creadas para aromatizar. Nuestras fragancias son hipoalerg\u00e9nicas, de alto calidad y rendimiento.<\/span><\/label><\/span><span class=\"wpcf7-list-item\"><label><input type=\"checkbox\" name=\"checkbox-368[]\" value=\"Aceites esenciales: Aceites provenientes de los distintos componentes de plantas y \u00e1rboles, que contienen propiedades terap\u00e9uticas.\" \/><span class=\"wpcf7-list-item-label\">Aceites esenciales: Aceites provenientes de los distintos componentes de plantas y \u00e1rboles, que contienen propiedades terap\u00e9uticas.<\/span><\/label><\/span><span class=\"wpcf7-list-item\"><label><input type=\"checkbox\" name=\"checkbox-368[]\" value=\"Sinergias: Formulaci\u00f3n de varios aceites esenciales que en conjunto potencializan sus propiedades, con la finalidad de tratar aspectos terap\u00e9uticos espec\u00edficos.\" \/><span class=\"wpcf7-list-item-label\">Sinergias: Formulaci\u00f3n de varios aceites esenciales que en conjunto potencializan sus propiedades, con la finalidad de tratar aspectos terap\u00e9uticos espec\u00edficos.<\/span><\/label><\/span><span class=\"wpcf7-list-item last\"><label><input type=\"checkbox\" name=\"checkbox-368[]\" value=\"Aroma marca: Dise\u00f1amos su aroma personalizado basado en los distintivos de su empresa, objetivos ambientales del aroma y preferencia olfativa.\" \/><span class=\"wpcf7-list-item-label\">Aroma marca: Dise\u00f1amos su aroma personalizado basado en los distintivos de su empresa, objetivos ambientales del aroma y preferencia olfativa.<\/span><\/label><\/span><\/span><\/span>\n<\/p>\n<p><label><strong>SELECCIONE EL TIPO DE AROMA DESEADO<\/strong><\/label><br \/>\n<label><strong>Aromas<\/strong><\/label><br \/>\n<span class=\"wpcf7-form-control-wrap\" data-name=\"checkbox-335\"><span class=\"wpcf7-form-control wpcf7-checkbox\"><span class=\"wpcf7-list-item first\"><label><input type=\"checkbox\" name=\"checkbox-335[]\" value=\"Amaderado\" \/><span class=\"wpcf7-list-item-label\">Amaderado<\/span><\/label><\/span><span class=\"wpcf7-list-item\"><label><input type=\"checkbox\" name=\"checkbox-335[]\" value=\"Dulce\" \/><span class=\"wpcf7-list-item-label\">Dulce<\/span><\/label><\/span><span class=\"wpcf7-list-item\"><label><input type=\"checkbox\" name=\"checkbox-335[]\" value=\"Floral\" \/><span class=\"wpcf7-list-item-label\">Floral<\/span><\/label><\/span><span class=\"wpcf7-list-item\"><label><input type=\"checkbox\" name=\"checkbox-335[]\" value=\"Fresco\" \/><span class=\"wpcf7-list-item-label\">Fresco<\/span><\/label><\/span><span class=\"wpcf7-list-item last\"><label><input type=\"checkbox\" name=\"checkbox-335[]\" value=\"Frutal\" \/><span class=\"wpcf7-list-item-label\">Frutal<\/span><\/label><\/span><\/span><\/span>\n<\/p>\n<p><label><strong>Aceites Esenciales<\/strong><\/label><br \/>\n<span class=\"wpcf7-form-control-wrap\" data-name=\"checkbox-394\"><span class=\"wpcf7-form-control wpcf7-checkbox\"><span class=\"wpcf7-list-item first\"><label><input type=\"checkbox\" name=\"checkbox-394[]\" value=\"Anti Estr\u00e9s\" \/><span class=\"wpcf7-list-item-label\">Anti Estr\u00e9s<\/span><\/label><\/span><span class=\"wpcf7-list-item\"><label><input type=\"checkbox\" name=\"checkbox-394[]\" value=\"Amaderado\" \/><span class=\"wpcf7-list-item-label\">Amaderado<\/span><\/label><\/span><span class=\"wpcf7-list-item\"><label><input type=\"checkbox\" name=\"checkbox-394[]\" value=\"C\u00edtrico\" \/><span class=\"wpcf7-list-item-label\">C\u00edtrico<\/span><\/label><\/span><span class=\"wpcf7-list-item\"><label><input type=\"checkbox\" name=\"checkbox-394[]\" value=\"Desinfectante\" \/><span class=\"wpcf7-list-item-label\">Desinfectante<\/span><\/label><\/span><span class=\"wpcf7-list-item\"><label><input type=\"checkbox\" name=\"checkbox-394[]\" value=\"Energizante\" \/><span class=\"wpcf7-list-item-label\">Energizante<\/span><\/label><\/span><span class=\"wpcf7-list-item\"><label><input type=\"checkbox\" name=\"checkbox-394[]\" value=\"Espaciado\" \/><span class=\"wpcf7-list-item-label\">Espaciado<\/span><\/label><\/span><span class=\"wpcf7-list-item\"><label><input type=\"checkbox\" name=\"checkbox-394[]\" value=\"Floral\" \/><span class=\"wpcf7-list-item-label\">Floral<\/span><\/label><\/span><span class=\"wpcf7-list-item\"><label><input type=\"checkbox\" name=\"checkbox-394[]\" value=\"Mentolado\" \/><span class=\"wpcf7-list-item-label\">Mentolado<\/span><\/label><\/span><span class=\"wpcf7-list-item last\"><label><input type=\"checkbox\" name=\"checkbox-394[]\" value=\"Relajante\" \/><span class=\"wpcf7-list-item-label\">Relajante<\/span><\/label><\/span><\/span><\/span>\n<\/p>\n<p><label><strong>Sinergia<\/strong><\/label><br \/>\n<span class=\"wpcf7-form-control-wrap\" data-name=\"checkbox-604\"><span class=\"wpcf7-form-control wpcf7-checkbox\"><span class=\"wpcf7-list-item first\"><label><input type=\"checkbox\" name=\"checkbox-604[]\" value=\"Invigorating\" \/><span class=\"wpcf7-list-item-label\">Invigorating<\/span><\/label><\/span><span class=\"wpcf7-list-item\"><label><input type=\"checkbox\" name=\"checkbox-604[]\" value=\"Stress Relieving\" \/><span class=\"wpcf7-list-item-label\">Stress Relieving<\/span><\/label><\/span><span class=\"wpcf7-list-item last\"><label><input type=\"checkbox\" name=\"checkbox-604[]\" value=\"Soothing\" \/><span class=\"wpcf7-list-item-label\">Soothing<\/span><\/label><\/span><\/span><\/span>\n<\/p>\n<p><label><strong>Aroma Marca<\/strong><\/label><br \/>\n<label>Solicitud de Creaci\u00f3n de Fragancia Personalizada<br \/>\n<span class=\"wpcf7-form-control-wrap\" data-name=\"checkbox-461\"><span class=\"wpcf7-form-control wpcf7-checkbox\"><span class=\"wpcf7-list-item first last\"><label><input type=\"checkbox\" name=\"checkbox-461[]\" value=\"Recibir informaci\u00f3n\" \/><span class=\"wpcf7-list-item-label\">Recibir informaci\u00f3n<\/span><\/label><\/span><\/span><\/span><br \/>\n<\/label><label><strong>TIPO DE ESPACIO QUE DESEA AROMATIZAR<\/strong><\/label><br \/>\n<span class=\"wpcf7-form-control-wrap\" data-name=\"checkbox-185\"><span class=\"wpcf7-form-control wpcf7-checkbox\"><span class=\"wpcf7-list-item first\"><label><input type=\"checkbox\" name=\"checkbox-185[]\" value=\"Abiertos\" \/><span class=\"wpcf7-list-item-label\">Abiertos<\/span><\/label><\/span><span class=\"wpcf7-list-item\"><label><input type=\"checkbox\" name=\"checkbox-185[]\" value=\"Cerrados\" \/><span class=\"wpcf7-list-item-label\">Cerrados<\/span><\/label><\/span><span class=\"wpcf7-list-item last\"><label><input type=\"checkbox\" name=\"checkbox-185[]\" value=\"Semi abiertos\" \/><span class=\"wpcf7-list-item-label\">Semi abiertos<\/span><\/label><\/span><\/span><\/span>\n<\/p>\n<p><label><strong>ESPECIFICACIONES DE LOS ESPACIOS QUE DESEA AROMATIZAR<\/strong><\/label><br \/>\n<label>Ubicaci\u00f3n<\/label><span class=\"wpcf7-form-control-wrap\" data-name=\"text-886\"><input size=\"40\" maxlength=\"400\" class=\"wpcf7-form-control wpcf7-text\" aria-invalid=\"false\" value=\"\" type=\"text\" name=\"text-886\" \/><\/span><br \/>\n<label>Medida en metros<\/label><span class=\"wpcf7-form-control-wrap\" data-name=\"text-887\"><input size=\"40\" maxlength=\"400\" class=\"wpcf7-form-control wpcf7-text\" aria-invalid=\"false\" value=\"\" type=\"text\" name=\"text-887\" \/><\/span><br \/>\n<label>Tipo de aire acondicionado<\/label><span class=\"wpcf7-form-control-wrap\" data-name=\"text-888\"><input size=\"40\" maxlength=\"400\" class=\"wpcf7-form-control wpcf7-text\" aria-invalid=\"false\" value=\"\" type=\"text\" name=\"text-888\" \/><\/span>\n<\/p>\n<p><label><strong>SELECCIONE EL PLAN DE SERVICIO QUE LE INTERESA<\/strong><\/label><br \/>\n<span class=\"wpcf7-form-control-wrap\" data-name=\"radio-914\"><span class=\"wpcf7-form-control wpcf7-radio\"><span class=\"wpcf7-list-item first\"><label><input type=\"radio\" name=\"radio-914\" value=\"Premium\" checked=\"checked\" \/><span class=\"wpcf7-list-item-label\">Premium<\/span><\/label><\/span><span class=\"wpcf7-list-item\"><label><input type=\"radio\" name=\"radio-914\" value=\"Deluxe\" \/><span class=\"wpcf7-list-item-label\">Deluxe<\/span><\/label><\/span><span class=\"wpcf7-list-item\"><label><input type=\"radio\" name=\"radio-914\" value=\"Grand\" \/><span class=\"wpcf7-list-item-label\">Grand<\/span><\/label><\/span><span class=\"wpcf7-list-item\"><label><input type=\"radio\" name=\"radio-914\" value=\"Diamond\" \/><span class=\"wpcf7-list-item-label\">Diamond<\/span><\/label><\/span><span class=\"wpcf7-list-item last\"><label><input type=\"radio\" name=\"radio-914\" value=\"Royal\" \/><span class=\"wpcf7-list-item-label\">Royal<\/span><\/label><\/span><\/span><\/span>\n<\/p>\n<p><label><strong>INDIQUE HORARIO DE AROMATIZACI\u00d3N<\/strong><\/label><br \/>\nA.M. <span class=\"wpcf7-form-control-wrap\" data-name=\"text-817\"><input size=\"40\" maxlength=\"400\" class=\"wpcf7-form-control wpcf7-text\" aria-invalid=\"false\" value=\"\" type=\"text\" name=\"text-817\" \/><\/span><br \/>\nP.M. <span class=\"wpcf7-form-control-wrap\" data-name=\"text-228\"><input size=\"40\" maxlength=\"400\" class=\"wpcf7-form-control wpcf7-text\" aria-invalid=\"false\" value=\"\" type=\"text\" name=\"text-228\" \/><\/span>\n<\/p>\n<p><label><strong>COMENTARIOS<\/strong> (Opcional)<\/label><br \/>\n<span class=\"wpcf7-form-control-wrap\" data-name=\"comentarios\"><textarea cols=\"40\" rows=\"10\" maxlength=\"2000\" class=\"wpcf7-form-control wpcf7-textarea\" aria-invalid=\"false\" name=\"comentarios\"><\/textarea><\/span>\n<\/p>\n<p><label><br \/>\nGracias por su solicitud. Una vez que env\u00ede su informaci\u00f3n, recibir\u00e1 un correo electr\u00f3nico de confirmaci\u00f3n. Posteriormente, lo contactaremos con una propuesta seg\u00fan los datos suministrados.<br \/>\n<\/label>\n<\/p>\n<p><button class=\"wpcf7-form-control wpcf7-submit qodef-btn qodef-btn-medium\" type=\"submit\"><span class=\"qodef-btn-text\">Enviar<\/span><\/button>\n<\/p><div class=\"wpcf7-response-output\" aria-hidden=\"true\"><\/div>\n<\/form>\n<\/div>\n<\/div><\/div><\/div><\/div><div class=\"wpb_column vc_column_container vc_col-sm-3\"><div class=\"vc_column-inner\"><div class=\"wpb_wrapper\"><\/div><\/div><\/div><\/div><div class=\"vc_row wpb_row vc_row-fluid\" ><div class=\"wpb_column vc_column_container vc_col-sm-12\"><div class=\"vc_column-inner\"><div class=\"wpb_wrapper\"><div class=\"vc_empty_space\"   style=\"height: 50px\"><span class=\"vc_empty_space_inner\"><\/span><\/div><\/div><\/div><\/div><\/div>\n<\/div>","protected":false},"excerpt":{"rendered":"SCENTCORP | AROMATIZACI\u00d3N PARA EL HOGAR FORMULARIO DE SOLICITUD Disfrute de una aromatizaci\u00f3n a su medida seleccionando el equipo de su preferencia y uno de nuestros contratos de planes de servicio con contrataci\u00f3n anual y modalidad de pago por adelantado. NOMBRE APELLIDO TEL\u00c9FONO E-MAIL PREFERENCIA DE CONTACTO Tel\u00e9fonoCorreo electr\u00f3nico \u00bfHA [...]","protected":false},"author":1,"featured_media":0,"parent":0,"menu_order":0,"comment_status":"closed","ping_status":"closed","template":"","meta":{"_coblocks_attr":"","_coblocks_dimensions":"","_coblocks_responsive_height":"","_coblocks_accordion_ie_support":"","om_disable_all_campaigns":false,"footnotes":""},"class_list":["post-5097","page","type-page","status-publish","hentry"],"yoast_head":"<!-- This site is optimized with the Yoast SEO plugin v27.4 - https:\/\/yoast.com\/product\/yoast-seo-wordpress\/ -->\n<title>Formulario Scentcorp Hogar - Nice Caribe | Wellness Distributors<\/title>\n<meta name=\"robots\" content=\"index, follow, max-snippet:-1, max-image-preview:large, max-video-preview:-1\" \/>\n<link rel=\"canonical\" href=\"https:\/\/www.nicecaribe.com\/es\/scentcorp-form-hogar\/\" \/>\n<meta property=\"og:locale\" content=\"es_ES\" \/>\n<meta property=\"og:type\" content=\"article\" \/>\n<meta property=\"og:title\" content=\"Formulario Scentcorp Hogar - Nice Caribe | Wellness Distributors\" \/>\n<meta property=\"og:url\" content=\"https:\/\/www.nicecaribe.com\/es\/scentcorp-form-hogar\/\" \/>\n<meta property=\"og:site_name\" content=\"Nice Caribe | Wellness Distributors\" \/>\n<meta property=\"article:publisher\" content=\"https:\/\/www.facebook.com\/nicecaribesrl\" \/>\n<meta property=\"article:modified_time\" content=\"2021-04-07T04:46:17+00:00\" \/>\n<meta name=\"twitter:card\" content=\"summary_large_image\" \/>\n<meta name=\"twitter:label1\" content=\"Tiempo de lectura\" \/>\n\t<meta name=\"twitter:data1\" content=\"1 minuto\" \/>\n<script type=\"application\/ld+json\" class=\"yoast-schema-graph\">{\"@context\":\"https:\\\/\\\/schema.org\",\"@graph\":[{\"@type\":\"WebPage\",\"@id\":\"https:\\\/\\\/www.nicecaribe.com\\\/scentcorp-form-hogar\\\/\",\"url\":\"https:\\\/\\\/www.nicecaribe.com\\\/scentcorp-form-hogar\\\/\",\"name\":\"Formulario Scentcorp Hogar - Nice Caribe | Wellness Distributors\",\"isPartOf\":{\"@id\":\"https:\\\/\\\/www.nicecaribe.com\\\/es\\\/#website\"},\"datePublished\":\"2021-03-23T21:08:22+00:00\",\"dateModified\":\"2021-04-07T04:46:17+00:00\",\"breadcrumb\":{\"@id\":\"https:\\\/\\\/www.nicecaribe.com\\\/scentcorp-form-hogar\\\/#breadcrumb\"},\"inLanguage\":\"es\",\"potentialAction\":[{\"@type\":\"ReadAction\",\"target\":[\"https:\\\/\\\/www.nicecaribe.com\\\/scentcorp-form-hogar\\\/\"]}]},{\"@type\":\"BreadcrumbList\",\"@id\":\"https:\\\/\\\/www.nicecaribe.com\\\/scentcorp-form-hogar\\\/#breadcrumb\",\"itemListElement\":[{\"@type\":\"ListItem\",\"position\":1,\"name\":\"Home\",\"item\":\"https:\\\/\\\/www.nicecaribe.com\\\/en\\\/\"},{\"@type\":\"ListItem\",\"position\":2,\"name\":\"Formulario Scentcorp Hogar\"}]},{\"@type\":\"WebSite\",\"@id\":\"https:\\\/\\\/www.nicecaribe.com\\\/es\\\/#website\",\"url\":\"https:\\\/\\\/www.nicecaribe.com\\\/es\\\/\",\"name\":\"Nice Caribe | Wellness Distributors\",\"description\":\"Productos para el bienestar integral, elaborados con aceites esenciales de grado terap\u00e9utico y f\u00e1cil incorporaci\u00f3n en tu diario vivir.\",\"publisher\":{\"@id\":\"https:\\\/\\\/www.nicecaribe.com\\\/es\\\/#organization\"},\"potentialAction\":[{\"@type\":\"SearchAction\",\"target\":{\"@type\":\"EntryPoint\",\"urlTemplate\":\"https:\\\/\\\/www.nicecaribe.com\\\/es\\\/?s={search_term_string}\"},\"query-input\":{\"@type\":\"PropertyValueSpecification\",\"valueRequired\":true,\"valueName\":\"search_term_string\"}}],\"inLanguage\":\"es\"},{\"@type\":\"Organization\",\"@id\":\"https:\\\/\\\/www.nicecaribe.com\\\/es\\\/#organization\",\"name\":\"Nice Caribe | Wellness Distributors\",\"url\":\"https:\\\/\\\/www.nicecaribe.com\\\/es\\\/\",\"logo\":{\"@type\":\"ImageObject\",\"inLanguage\":\"es\",\"@id\":\"https:\\\/\\\/www.nicecaribe.com\\\/es\\\/#\\\/schema\\\/logo\\\/image\\\/\",\"url\":\"https:\\\/\\\/www.nicecaribe.com\\\/wp-content\\\/uploads\\\/2024\\\/11\\\/footer-logo-new.png\",\"contentUrl\":\"https:\\\/\\\/www.nicecaribe.com\\\/wp-content\\\/uploads\\\/2024\\\/11\\\/footer-logo-new.png\",\"width\":206,\"height\":41,\"caption\":\"Nice Caribe | Wellness Distributors\"},\"image\":{\"@id\":\"https:\\\/\\\/www.nicecaribe.com\\\/es\\\/#\\\/schema\\\/logo\\\/image\\\/\"},\"sameAs\":[\"https:\\\/\\\/www.facebook.com\\\/nicecaribesrl\",\"https:\\\/\\\/www.instagram.com\\\/nicecariberd\\\/\",\"https:\\\/\\\/www.youtube.com\\\/@nicecaribe\",\"https:\\\/\\\/www.linkedin.com\\\/company\\\/nicecaribe\"]}]}<\/script>\n<!-- \/ Yoast SEO plugin. -->","yoast_head_json":{"title":"Formulario Scentcorp Hogar - Nice Caribe | Wellness Distributors","robots":{"index":"index","follow":"follow","max-snippet":"max-snippet:-1","max-image-preview":"max-image-preview:large","max-video-preview":"max-video-preview:-1"},"canonical":"https:\/\/www.nicecaribe.com\/es\/scentcorp-form-hogar\/","og_locale":"es_ES","og_type":"article","og_title":"Formulario Scentcorp Hogar - Nice Caribe | Wellness Distributors","og_url":"https:\/\/www.nicecaribe.com\/es\/scentcorp-form-hogar\/","og_site_name":"Nice Caribe | Wellness Distributors","article_publisher":"https:\/\/www.facebook.com\/nicecaribesrl","article_modified_time":"2021-04-07T04:46:17+00:00","twitter_card":"summary_large_image","twitter_misc":{"Tiempo de lectura":"1 minuto"},"schema":{"@context":"https:\/\/schema.org","@graph":[{"@type":"WebPage","@id":"https:\/\/www.nicecaribe.com\/scentcorp-form-hogar\/","url":"https:\/\/www.nicecaribe.com\/scentcorp-form-hogar\/","name":"Formulario Scentcorp Hogar - Nice Caribe | Wellness Distributors","isPartOf":{"@id":"https:\/\/www.nicecaribe.com\/es\/#website"},"datePublished":"2021-03-23T21:08:22+00:00","dateModified":"2021-04-07T04:46:17+00:00","breadcrumb":{"@id":"https:\/\/www.nicecaribe.com\/scentcorp-form-hogar\/#breadcrumb"},"inLanguage":"es","potentialAction":[{"@type":"ReadAction","target":["https:\/\/www.nicecaribe.com\/scentcorp-form-hogar\/"]}]},{"@type":"BreadcrumbList","@id":"https:\/\/www.nicecaribe.com\/scentcorp-form-hogar\/#breadcrumb","itemListElement":[{"@type":"ListItem","position":1,"name":"Home","item":"https:\/\/www.nicecaribe.com\/en\/"},{"@type":"ListItem","position":2,"name":"Formulario Scentcorp Hogar"}]},{"@type":"WebSite","@id":"https:\/\/www.nicecaribe.com\/es\/#website","url":"https:\/\/www.nicecaribe.com\/es\/","name":"Nice Caribe | Wellness Distributors","description":"Productos para el bienestar integral, elaborados con aceites esenciales de grado terap\u00e9utico y f\u00e1cil incorporaci\u00f3n en tu diario vivir.","publisher":{"@id":"https:\/\/www.nicecaribe.com\/es\/#organization"},"potentialAction":[{"@type":"SearchAction","target":{"@type":"EntryPoint","urlTemplate":"https:\/\/www.nicecaribe.com\/es\/?s={search_term_string}"},"query-input":{"@type":"PropertyValueSpecification","valueRequired":true,"valueName":"search_term_string"}}],"inLanguage":"es"},{"@type":"Organization","@id":"https:\/\/www.nicecaribe.com\/es\/#organization","name":"Nice Caribe | Wellness Distributors","url":"https:\/\/www.nicecaribe.com\/es\/","logo":{"@type":"ImageObject","inLanguage":"es","@id":"https:\/\/www.nicecaribe.com\/es\/#\/schema\/logo\/image\/","url":"https:\/\/www.nicecaribe.com\/wp-content\/uploads\/2024\/11\/footer-logo-new.png","contentUrl":"https:\/\/www.nicecaribe.com\/wp-content\/uploads\/2024\/11\/footer-logo-new.png","width":206,"height":41,"caption":"Nice Caribe | Wellness Distributors"},"image":{"@id":"https:\/\/www.nicecaribe.com\/es\/#\/schema\/logo\/image\/"},"sameAs":["https:\/\/www.facebook.com\/nicecaribesrl","https:\/\/www.instagram.com\/nicecariberd\/","https:\/\/www.youtube.com\/@nicecaribe","https:\/\/www.linkedin.com\/company\/nicecaribe"]}]}},"jetpack_sharing_enabled":true,"_links":{"self":[{"href":"https:\/\/www.nicecaribe.com\/es\/wp-json\/wp\/v2\/pages\/5097","targetHints":{"allow":["GET"]}}],"collection":[{"href":"https:\/\/www.nicecaribe.com\/es\/wp-json\/wp\/v2\/pages"}],"about":[{"href":"https:\/\/www.nicecaribe.com\/es\/wp-json\/wp\/v2\/types\/page"}],"author":[{"embeddable":true,"href":"https:\/\/www.nicecaribe.com\/es\/wp-json\/wp\/v2\/users\/1"}],"replies":[{"embeddable":true,"href":"https:\/\/www.nicecaribe.com\/es\/wp-json\/wp\/v2\/comments?post=5097"}],"version-history":[{"count":6,"href":"https:\/\/www.nicecaribe.com\/es\/wp-json\/wp\/v2\/pages\/5097\/revisions"}],"predecessor-version":[{"id":9396,"href":"https:\/\/www.nicecaribe.com\/es\/wp-json\/wp\/v2\/pages\/5097\/revisions\/9396"}],"wp:attachment":[{"href":"https:\/\/www.nicecaribe.com\/es\/wp-json\/wp\/v2\/media?parent=5097"}],"curies":[{"name":"wp","href":"https:\/\/api.w.org\/{rel}","templated":true}]}}