{"id":7756,"date":"2021-12-08T18:54:32","date_gmt":"2021-12-08T18:54:32","guid":{"rendered":"https:\/\/www.nicecaribe.com\/seleccion-aroma-copy\/"},"modified":"2024-07-27T03:27:10","modified_gmt":"2024-07-27T07:27:10","slug":"seleccione-su-aroma","status":"publish","type":"page","link":"https:\/\/www.nicecaribe.com\/es\/seleccione-su-aroma\/","title":{"rendered":"Seleccione Su Aroma"},"content":{"rendered":"<div class=\"wpb-content-wrapper\"><div class=\"vc_row wpb_row vc_row-fluid\" style=\"background-color:#f6f0e9\"><div class=\"wpb_column vc_column_container vc_col-sm-12\"><div class=\"vc_column-inner\"><div class=\"wpb_wrapper\"><style id=\"depicter-72-inline-pre-css\">\n\n.depicter-72:not(.depicter-ready){\n\theight:900px;\n}\n\n\/***** Tablet *****\/\n@media screen and (max-width: 1024px){\n\n.depicter-72:not(.depicter-ready){\n\theight:700px;\n}\n\n}\n\/***** Mobile *****\/\n@media screen and (max-width: 767px){\n\n.depicter-72:not(.depicter-ready){\n\theight:740px;\n}\n\n}\n<\/style>\n<div id=\"depicter-72\" class=\"depicter depicter-document depicter-revert depicter-72 depicter-layout-fullwidth\">\n\n<div class=\"depicter-loading-container depicter-loading dotFlashing-dark\"><div class=\"depicter-loading-dark depicter-dot-flashing\">\n   <span><\/span>\n   <span><\/span>\n   <span><\/span>\n<\/div>\n<\/div>\n<div id=\"depicter-72-section-1\" class=\"depicter-section depicter-72-section-1\" data-name=\"Section 1\" data-type=\"section\" data-local-id=\"section-1\" data-wrapper-width=\"1920,,\" data-wrapper-height=\"800,,\">\n<picture class=\"depicter-bg\">\n<source data-depicter-srcset=\"https:\/\/www.nicecaribe.com\/wp-content\/uploads\/2024\/07\/PARA-AROMAS-EN-PAGINA-768x512.jpg, https:\/\/www.nicecaribe.com\/wp-content\/uploads\/2024\/07\/PARA-AROMAS-EN-PAGINA.jpg 2x\" srcset=\"data:image\/gif;base64,R0lGODlhAQABAIAAAAAAAP\/\/\/yH5BAEAAAAALAAAAAABAAEAAAIBRAA7\" media=\"(max-width: 1024px)\" \/>\n\n<source data-depicter-srcset=\"https:\/\/www.nicecaribe.com\/wp-content\/uploads\/2024\/07\/PARA-AROMAS-EN-PAGINA.jpg, https:\/\/www.nicecaribe.com\/wp-content\/uploads\/2024\/07\/PARA-AROMAS-EN-PAGINA-1920x1280.jpg 2x\" srcset=\"data:image\/gif;base64,R0lGODlhAQABAIAAAAAAAP\/\/\/yH5BAEAAAAALAAAAAABAAEAAAIBRAA7\" media=\"(min-width: 1025px)\" \/>\n<img decoding=\"async\" src=\"data:image\/gif;base64,R0lGODlhAQABAIAAAAAAAP\/\/\/yH5BAEAAAAALAAAAAABAAEAAAIBRAA7\" data-ken-burns=\"{'scale':0.81,'duration':'5000','focalPoint':{'x':0.5,'y':0.56},'easing':'linear'}\" data-tablet-ken-burns=\"{'scale':0.81,'duration':'5000','focalPoint':{'x':0.5,'y':0.56},'easing':'linear'}\" data-mobile-ken-burns=\"{'scale':0.81,'duration':'5000','focalPoint':{'x':0.5,'y':0.56},'easing':'linear'}\" alt=\"\" data-depicter-src=\"https:\/\/www.nicecaribe.com\/wp-content\/uploads\/2024\/07\/PARA-AROMAS-EN-PAGINA.jpg\" data-object-fit=\"cover,,\" data-object-position=\"center center,,\" \/>\n<\/picture>\n\n<\/div>\n<\/div>\n<script>\n(window.depicterSetups = window.depicterSetups || []).push(function(){\n\tDepicter.basePath = 'https:\/\/www.nicecaribe.com\/wp-content\/plugins\/depicter\/resources\/scripts\/player\/';\n\tconst dpPlayer = Depicter.setup('.depicter-72',\n\t\t{\"width\":[\"1920\",\"1024\",\"360\"],\"height\":[\"900\",\"700\",\"740\"],\"view\":\"basic\",\"keepAspectRatio\":true,\"preload\":0,\"layout\":\"fullwidth\",\"rtl\":false,\"initAfterAppear\":false,\"ajaxApiUrl\":\"https:\\\/\\\/www.nicecaribe.com\\\/wp-admin\\\/admin-ajax.php\",\"mouseSwipe\":true,\"touchSwipe\":true,\"useWatermark\":true}\n\t);\n});\n<\/script><\/div><\/div><\/div><\/div><div data-vc-parallax=\"1.5\" class=\"vc_row wpb_row vc_row-fluid vc_custom_1722065098827 vc_row-has-fill vc_general vc_parallax vc_parallax-content-moving\" ><div class=\"wpb_column vc_column_container vc_col-sm-2\"><div class=\"vc_column-inner\"><div class=\"wpb_wrapper\"><\/div><\/div><\/div><div class=\"wpb_column vc_column_container vc_col-sm-8\"><div class=\"vc_column-inner\"><div class=\"wpb_wrapper\"><p style=\"font-size: 22px;color: #3e3c3c;line-height: 1.5;text-align: center;font-family:Raleway;font-weight:400;font-style:normal\" class=\"vc_custom_heading vc_do_custom_heading vc_custom_1722065041978\" >Deseamos compartir nuestra experiencia de m\u00e1s de 20 a\u00f1os aromatizando hoteles, spas y negocios en general en la Rep\u00fablica Dominicana. Hemos creado una Plataforma que simplifica el proceso de selecci\u00f3n del aroma y con la que puedas elegir el aroma adecuado a tus necesidades y expectativas.<\/p><\/div><\/div><\/div><div class=\"wpb_column vc_column_container vc_col-sm-2\"><div class=\"vc_column-inner\"><div class=\"wpb_wrapper\"><\/div><\/div><\/div><\/div><div class=\"qodef-row-grid-section-wrapper \"  ><div class=\"qodef-row-grid-section\"><div class=\"vc_row wpb_row vc_row-fluid vc_custom_1722064641856\" ><div class=\"wpb_column vc_column_container vc_col-sm-12\"><div class=\"vc_column-inner\"><div class=\"wpb_wrapper\"><div class=\"qodef-section-title-holder  \" style=\"text-align: center\">\n\t<div class=\"qodef-st-inner\">\n\t\t\t\t\t<h2 class=\"qodef-st-title\" style=\"color: #3e3c3c\">\n\t\t\t\tSELECCIONE SU AROMA\t\t\t<\/h2>\n\t\t\t\t\t\t\t<\/div>\n<\/div><\/div><\/div><\/div><\/div><\/div><\/div><div class=\"qodef-row-grid-section-wrapper qodef-content-aligment-center\"  ><div class=\"qodef-row-grid-section\"><div class=\"vc_row wpb_row vc_row-fluid vc_custom_1638995484246\" ><div class=\"wpb_column vc_column_container vc_col-sm-4\"><div class=\"vc_column-inner\"><div class=\"wpb_wrapper\">\n\t<div  class=\"wpb_single_image wpb_content_element vc_align_center wpb_content_element\">\n\t\t\n\t\t<figure class=\"wpb_wrapper vc_figure\">\n\t\t\t<div class=\"vc_single_image-wrapper vc_box_rounded  vc_box_border_grey\"><img loading=\"lazy\" decoding=\"async\" width=\"400\" height=\"300\" src=\"https:\/\/www.nicecaribe.com\/wp-content\/uploads\/2024\/07\/aroma-business.png\" class=\"vc_single_image-img attachment-full\" alt=\"\" title=\"aroma-business\" srcset=\"https:\/\/www.nicecaribe.com\/wp-content\/uploads\/2024\/07\/aroma-business.png 400w, https:\/\/www.nicecaribe.com\/wp-content\/uploads\/2024\/07\/aroma-business-300x225.png 300w, https:\/\/www.nicecaribe.com\/wp-content\/uploads\/2024\/07\/aroma-business-16x12.png 16w, https:\/\/www.nicecaribe.com\/wp-content\/uploads\/2024\/07\/aroma-business-200x150.png 200w\" sizes=\"auto, (max-width: 400px) 100vw, 400px\" \/><\/div>\n\t\t<\/figure>\n\t<\/div>\n<div class=\"vc_empty_space\"   style=\"height: 20px\"><span class=\"vc_empty_space_inner\"><\/span><\/div><div class=\"qodef-section-title-holder  \" style=\"text-align: center\">\n\t<div class=\"qodef-st-inner\">\n\t\t\t\t\t<h5 class=\"qodef-st-title\" style=\"color: #000000\">\n\t\t\t\tPOR MODELO DE NEGOCIO\t\t\t<\/h5>\n\t\t\t\t\t\t\t<\/div>\n<\/div><div class=\"vc_empty_space\"   style=\"height: 10px\"><span class=\"vc_empty_space_inner\"><\/span><\/div><a itemprop=\"url\" href=\"https:\/\/www.nicecaribe.com\/harmony-negocios\/\" target=\"_self\" style=\"color: #000000;font-size: 12px;font-weight: 500\" class=\"qodef-btn qodef-btn-medium qodef-btn-simple qodef-btn-custom-hover-color\" data-hover-color=\"#3e3c3c\" >\n    <span class=\"qodef-btn-text\">Ver todos<\/span>\n    <\/a><div class=\"vc_empty_space\"   style=\"height: 40px\"><span class=\"vc_empty_space_inner\"><\/span><\/div><\/div><\/div><\/div><div class=\"wpb_column vc_column_container vc_col-sm-4\"><div class=\"vc_column-inner\"><div class=\"wpb_wrapper\">\n\t<div  class=\"wpb_single_image wpb_content_element vc_align_center wpb_content_element\">\n\t\t\n\t\t<figure class=\"wpb_wrapper vc_figure\">\n\t\t\t<div class=\"vc_single_image-wrapper vc_box_rounded  vc_box_border_grey\"><img loading=\"lazy\" decoding=\"async\" width=\"400\" height=\"300\" src=\"https:\/\/www.nicecaribe.com\/wp-content\/uploads\/2021\/12\/Aroma-2.jpg\" class=\"vc_single_image-img attachment-full\" alt=\"\" title=\"Aroma-2\" srcset=\"https:\/\/www.nicecaribe.com\/wp-content\/uploads\/2021\/12\/Aroma-2.jpg 400w, https:\/\/www.nicecaribe.com\/wp-content\/uploads\/2021\/12\/Aroma-2-300x225.jpg 300w\" sizes=\"auto, (max-width: 400px) 100vw, 400px\" \/><\/div>\n\t\t<\/figure>\n\t<\/div>\n<div class=\"vc_empty_space\"   style=\"height: 20px\"><span class=\"vc_empty_space_inner\"><\/span><\/div><div class=\"qodef-section-title-holder  \" style=\"text-align: center\">\n\t<div class=\"qodef-st-inner\">\n\t\t\t\t\t<h5 class=\"qodef-st-title\" style=\"color: #000000\">\n\t\t\t\tPOR TIPO DE FRAGANCIA\t\t\t<\/h5>\n\t\t\t\t\t\t\t<\/div>\n<\/div><div class=\"vc_empty_space\"   style=\"height: 10px\"><span class=\"vc_empty_space_inner\"><\/span><\/div><a itemprop=\"url\" href=\"https:\/\/www.nicecaribe.com\/harmony-aromaticos\/\" target=\"_self\" style=\"color: #000000\" class=\"qodef-btn qodef-btn-medium qodef-btn-simple qodef-btn-custom-hover-color\" data-hover-color=\"#3e3c3c\" >\n    <span class=\"qodef-btn-text\">Ver todos<\/span>\n    <\/a><div class=\"vc_empty_space\"   style=\"height: 40px\"><span class=\"vc_empty_space_inner\"><\/span><\/div><\/div><\/div><\/div><div class=\"wpb_column vc_column_container vc_col-sm-4\"><div class=\"vc_column-inner\"><div class=\"wpb_wrapper\">\n\t<div  class=\"wpb_single_image wpb_content_element vc_align_center wpb_content_element\">\n\t\t\n\t\t<figure class=\"wpb_wrapper vc_figure\">\n\t\t\t<div class=\"vc_single_image-wrapper vc_box_rounded  vc_box_border_grey\"><img loading=\"lazy\" decoding=\"async\" width=\"400\" height=\"300\" src=\"https:\/\/www.nicecaribe.com\/wp-content\/uploads\/2021\/12\/Terapia-2.jpg\" class=\"vc_single_image-img attachment-full\" alt=\"\" title=\"Terapia-2\" srcset=\"https:\/\/www.nicecaribe.com\/wp-content\/uploads\/2021\/12\/Terapia-2.jpg 400w, https:\/\/www.nicecaribe.com\/wp-content\/uploads\/2021\/12\/Terapia-2-300x225.jpg 300w\" sizes=\"auto, (max-width: 400px) 100vw, 400px\" \/><\/div>\n\t\t<\/figure>\n\t<\/div>\n<div class=\"vc_empty_space\"   style=\"height: 20px\"><span class=\"vc_empty_space_inner\"><\/span><\/div><div class=\"qodef-section-title-holder  \" style=\"text-align: center\">\n\t<div class=\"qodef-st-inner\">\n\t\t\t\t\t<h5 class=\"qodef-st-title\" style=\"color: #000000\">\n\t\t\t\tPOR AROMA TERAP\u00c9UTICO\t\t\t<\/h5>\n\t\t\t\t\t\t\t<\/div>\n<\/div><div class=\"vc_empty_space\"   style=\"height: 10px\"><span class=\"vc_empty_space_inner\"><\/span><\/div><a itemprop=\"url\" href=\"https:\/\/www.nicecaribe.com\/harmony-esenciales\/\" target=\"_self\" style=\"color: #000000\" class=\"qodef-btn qodef-btn-medium qodef-btn-simple qodef-btn-custom-hover-color\" data-hover-color=\"#3e3c3c\" >\n    <span class=\"qodef-btn-text\">Ver todos<\/span>\n    <\/a><div class=\"vc_empty_space\"   style=\"height: 40px\"><span class=\"vc_empty_space_inner\"><\/span><\/div><\/div><\/div><\/div><\/div><\/div><\/div>\n<\/div>","protected":false},"excerpt":{"rendered":"Deseamos compartir nuestra experiencia de m\u00e1s de 20 a\u00f1os aromatizando hoteles, spas y negocios en general en la Rep\u00fablica Dominicana. Hemos creado una Plataforma que simplifica el proceso de selecci\u00f3n del aroma y con la que puedas elegir el aroma adecuado a tus necesidades y expectativas. SELECCIONE SU AROMA POR [...]","protected":false},"author":2,"featured_media":0,"parent":0,"menu_order":0,"comment_status":"closed","ping_status":"closed","template":"full-width.php","meta":{"_coblocks_attr":"","_coblocks_dimensions":"","_coblocks_responsive_height":"","_coblocks_accordion_ie_support":"","om_disable_all_campaigns":false,"footnotes":""},"class_list":["post-7756","page","type-page","status-publish","hentry"],"yoast_head":"<!-- This site is optimized with the Yoast SEO plugin v27.5 - https:\/\/yoast.com\/product\/yoast-seo-wordpress\/ -->\n<title>Seleccione Su Aroma - Nice Caribe | Wellness Distributors<\/title>\n<meta name=\"description\" content=\"Amplia variedad de fragancias, aceites esenciales naturales y productos terap\u00e9uticos de pr\u00e1ctico uso en tu rutina diaria. Crea un ambiente de spa en la comodidad de tu hogar y logra una maravillosa experiencia sensorial.\" \/>\n<meta name=\"robots\" content=\"index, follow, max-snippet:-1, max-image-preview:large, max-video-preview:-1\" \/>\n<link rel=\"canonical\" href=\"https:\/\/www.nicecaribe.com\/es\/seleccione-su-aroma\/\" \/>\n<meta property=\"og:locale\" content=\"es_ES\" \/>\n<meta property=\"og:type\" content=\"article\" \/>\n<meta property=\"og:title\" content=\"Seleccione Su Aroma - Nice Caribe | Wellness Distributors\" \/>\n<meta property=\"og:description\" content=\"Amplia variedad de fragancias, aceites esenciales naturales y productos terap\u00e9uticos de pr\u00e1ctico uso en tu rutina diaria. Crea un ambiente de spa en la comodidad de tu hogar y logra una maravillosa experiencia sensorial.\" \/>\n<meta property=\"og:url\" content=\"https:\/\/www.nicecaribe.com\/es\/seleccione-su-aroma\/\" \/>\n<meta property=\"og:site_name\" content=\"Nice Caribe | Wellness Distributors\" \/>\n<meta property=\"article:publisher\" content=\"https:\/\/www.facebook.com\/nicecaribesrl\" \/>\n<meta property=\"article:modified_time\" content=\"2024-07-27T07:27:10+00:00\" \/>\n<meta name=\"twitter:card\" content=\"summary_large_image\" \/>\n<meta name=\"twitter:label1\" content=\"Tiempo de lectura\" \/>\n\t<meta name=\"twitter:data1\" content=\"3 minutos\" \/>\n<script type=\"application\/ld+json\" class=\"yoast-schema-graph\">{\"@context\":\"https:\\\/\\\/schema.org\",\"@graph\":[{\"@type\":\"WebPage\",\"@id\":\"https:\\\/\\\/www.nicecaribe.com\\\/en\\\/seleccione-su-aroma\\\/\",\"url\":\"https:\\\/\\\/www.nicecaribe.com\\\/en\\\/seleccione-su-aroma\\\/\",\"name\":\"Seleccione Su Aroma - Nice Caribe | Wellness Distributors\",\"isPartOf\":{\"@id\":\"https:\\\/\\\/www.nicecaribe.com\\\/es\\\/#website\"},\"datePublished\":\"2021-12-08T18:54:32+00:00\",\"dateModified\":\"2024-07-27T07:27:10+00:00\",\"description\":\"Amplia variedad de fragancias, aceites esenciales naturales y productos terap\u00e9uticos de pr\u00e1ctico uso en tu rutina diaria. Crea un ambiente de spa en la comodidad de tu hogar y logra una maravillosa experiencia sensorial.\",\"breadcrumb\":{\"@id\":\"https:\\\/\\\/www.nicecaribe.com\\\/en\\\/seleccione-su-aroma\\\/#breadcrumb\"},\"inLanguage\":\"es\",\"potentialAction\":[{\"@type\":\"ReadAction\",\"target\":[\"https:\\\/\\\/www.nicecaribe.com\\\/en\\\/seleccione-su-aroma\\\/\"]}]},{\"@type\":\"BreadcrumbList\",\"@id\":\"https:\\\/\\\/www.nicecaribe.com\\\/en\\\/seleccione-su-aroma\\\/#breadcrumb\",\"itemListElement\":[{\"@type\":\"ListItem\",\"position\":1,\"name\":\"Home\",\"item\":\"https:\\\/\\\/www.nicecaribe.com\\\/en\\\/\"},{\"@type\":\"ListItem\",\"position\":2,\"name\":\"Seleccione Su Aroma\"}]},{\"@type\":\"WebSite\",\"@id\":\"https:\\\/\\\/www.nicecaribe.com\\\/es\\\/#website\",\"url\":\"https:\\\/\\\/www.nicecaribe.com\\\/es\\\/\",\"name\":\"Nice Caribe | Wellness Distributors\",\"description\":\"Productos para el bienestar integral, elaborados con aceites esenciales de grado terap\u00e9utico y f\u00e1cil incorporaci\u00f3n en tu diario vivir.\",\"publisher\":{\"@id\":\"https:\\\/\\\/www.nicecaribe.com\\\/es\\\/#organization\"},\"potentialAction\":[{\"@type\":\"SearchAction\",\"target\":{\"@type\":\"EntryPoint\",\"urlTemplate\":\"https:\\\/\\\/www.nicecaribe.com\\\/es\\\/?s={search_term_string}\"},\"query-input\":{\"@type\":\"PropertyValueSpecification\",\"valueRequired\":true,\"valueName\":\"search_term_string\"}}],\"inLanguage\":\"es\"},{\"@type\":\"Organization\",\"@id\":\"https:\\\/\\\/www.nicecaribe.com\\\/es\\\/#organization\",\"name\":\"Nice Caribe | Wellness Distributors\",\"url\":\"https:\\\/\\\/www.nicecaribe.com\\\/es\\\/\",\"logo\":{\"@type\":\"ImageObject\",\"inLanguage\":\"es\",\"@id\":\"https:\\\/\\\/www.nicecaribe.com\\\/es\\\/#\\\/schema\\\/logo\\\/image\\\/\",\"url\":\"https:\\\/\\\/www.nicecaribe.com\\\/wp-content\\\/uploads\\\/2024\\\/11\\\/footer-logo-new.png\",\"contentUrl\":\"https:\\\/\\\/www.nicecaribe.com\\\/wp-content\\\/uploads\\\/2024\\\/11\\\/footer-logo-new.png\",\"width\":206,\"height\":41,\"caption\":\"Nice Caribe | Wellness Distributors\"},\"image\":{\"@id\":\"https:\\\/\\\/www.nicecaribe.com\\\/es\\\/#\\\/schema\\\/logo\\\/image\\\/\"},\"sameAs\":[\"https:\\\/\\\/www.facebook.com\\\/nicecaribesrl\",\"https:\\\/\\\/www.instagram.com\\\/nicecariberd\\\/\",\"https:\\\/\\\/www.youtube.com\\\/@nicecaribe\",\"https:\\\/\\\/www.linkedin.com\\\/company\\\/nicecaribe\"]}]}<\/script>\n<!-- \/ Yoast SEO plugin. -->","yoast_head_json":{"title":"Seleccione Su Aroma - Nice Caribe | Wellness Distributors","description":"Amplia variedad de fragancias, aceites esenciales naturales y productos terap\u00e9uticos de pr\u00e1ctico uso en tu rutina diaria. Crea un ambiente de spa en la comodidad de tu hogar y logra una maravillosa experiencia sensorial.","robots":{"index":"index","follow":"follow","max-snippet":"max-snippet:-1","max-image-preview":"max-image-preview:large","max-video-preview":"max-video-preview:-1"},"canonical":"https:\/\/www.nicecaribe.com\/es\/seleccione-su-aroma\/","og_locale":"es_ES","og_type":"article","og_title":"Seleccione Su Aroma - Nice Caribe | Wellness Distributors","og_description":"Amplia variedad de fragancias, aceites esenciales naturales y productos terap\u00e9uticos de pr\u00e1ctico uso en tu rutina diaria. Crea un ambiente de spa en la comodidad de tu hogar y logra una maravillosa experiencia sensorial.","og_url":"https:\/\/www.nicecaribe.com\/es\/seleccione-su-aroma\/","og_site_name":"Nice Caribe | Wellness Distributors","article_publisher":"https:\/\/www.facebook.com\/nicecaribesrl","article_modified_time":"2024-07-27T07:27:10+00:00","twitter_card":"summary_large_image","twitter_misc":{"Tiempo de lectura":"3 minutos"},"schema":{"@context":"https:\/\/schema.org","@graph":[{"@type":"WebPage","@id":"https:\/\/www.nicecaribe.com\/en\/seleccione-su-aroma\/","url":"https:\/\/www.nicecaribe.com\/en\/seleccione-su-aroma\/","name":"Seleccione Su Aroma - Nice Caribe | Wellness Distributors","isPartOf":{"@id":"https:\/\/www.nicecaribe.com\/es\/#website"},"datePublished":"2021-12-08T18:54:32+00:00","dateModified":"2024-07-27T07:27:10+00:00","description":"Amplia variedad de fragancias, aceites esenciales naturales y productos terap\u00e9uticos de pr\u00e1ctico uso en tu rutina diaria. Crea un ambiente de spa en la comodidad de tu hogar y logra una maravillosa experiencia sensorial.","breadcrumb":{"@id":"https:\/\/www.nicecaribe.com\/en\/seleccione-su-aroma\/#breadcrumb"},"inLanguage":"es","potentialAction":[{"@type":"ReadAction","target":["https:\/\/www.nicecaribe.com\/en\/seleccione-su-aroma\/"]}]},{"@type":"BreadcrumbList","@id":"https:\/\/www.nicecaribe.com\/en\/seleccione-su-aroma\/#breadcrumb","itemListElement":[{"@type":"ListItem","position":1,"name":"Home","item":"https:\/\/www.nicecaribe.com\/en\/"},{"@type":"ListItem","position":2,"name":"Seleccione Su Aroma"}]},{"@type":"WebSite","@id":"https:\/\/www.nicecaribe.com\/es\/#website","url":"https:\/\/www.nicecaribe.com\/es\/","name":"Nice Caribe | Wellness Distributors","description":"Productos para el bienestar integral, elaborados con aceites esenciales de grado terap\u00e9utico y f\u00e1cil incorporaci\u00f3n en tu diario vivir.","publisher":{"@id":"https:\/\/www.nicecaribe.com\/es\/#organization"},"potentialAction":[{"@type":"SearchAction","target":{"@type":"EntryPoint","urlTemplate":"https:\/\/www.nicecaribe.com\/es\/?s={search_term_string}"},"query-input":{"@type":"PropertyValueSpecification","valueRequired":true,"valueName":"search_term_string"}}],"inLanguage":"es"},{"@type":"Organization","@id":"https:\/\/www.nicecaribe.com\/es\/#organization","name":"Nice Caribe | Wellness Distributors","url":"https:\/\/www.nicecaribe.com\/es\/","logo":{"@type":"ImageObject","inLanguage":"es","@id":"https:\/\/www.nicecaribe.com\/es\/#\/schema\/logo\/image\/","url":"https:\/\/www.nicecaribe.com\/wp-content\/uploads\/2024\/11\/footer-logo-new.png","contentUrl":"https:\/\/www.nicecaribe.com\/wp-content\/uploads\/2024\/11\/footer-logo-new.png","width":206,"height":41,"caption":"Nice Caribe | Wellness Distributors"},"image":{"@id":"https:\/\/www.nicecaribe.com\/es\/#\/schema\/logo\/image\/"},"sameAs":["https:\/\/www.facebook.com\/nicecaribesrl","https:\/\/www.instagram.com\/nicecariberd\/","https:\/\/www.youtube.com\/@nicecaribe","https:\/\/www.linkedin.com\/company\/nicecaribe"]}]}},"jetpack_sharing_enabled":true,"_links":{"self":[{"href":"https:\/\/www.nicecaribe.com\/es\/wp-json\/wp\/v2\/pages\/7756","targetHints":{"allow":["GET"]}}],"collection":[{"href":"https:\/\/www.nicecaribe.com\/es\/wp-json\/wp\/v2\/pages"}],"about":[{"href":"https:\/\/www.nicecaribe.com\/es\/wp-json\/wp\/v2\/types\/page"}],"author":[{"embeddable":true,"href":"https:\/\/www.nicecaribe.com\/es\/wp-json\/wp\/v2\/users\/2"}],"replies":[{"embeddable":true,"href":"https:\/\/www.nicecaribe.com\/es\/wp-json\/wp\/v2\/comments?post=7756"}],"version-history":[{"count":16,"href":"https:\/\/www.nicecaribe.com\/es\/wp-json\/wp\/v2\/pages\/7756\/revisions"}],"predecessor-version":[{"id":10065,"href":"https:\/\/www.nicecaribe.com\/es\/wp-json\/wp\/v2\/pages\/7756\/revisions\/10065"}],"wp:attachment":[{"href":"https:\/\/www.nicecaribe.com\/es\/wp-json\/wp\/v2\/media?parent=7756"}],"curies":[{"name":"wp","href":"https:\/\/api.w.org\/{rel}","templated":true}]}}