{"id":9844,"date":"2024-06-23T20:18:16","date_gmt":"2024-06-24T00:18:16","guid":{"rendered":"https:\/\/www.nicecaribe.com\/?page_id=9844"},"modified":"2024-06-23T20:18:16","modified_gmt":"2024-06-24T00:18:16","slug":"maintenance","status":"publish","type":"page","link":"https:\/\/www.nicecaribe.com\/es\/maintenance\/","title":{"rendered":"Maintenance"},"content":{"rendered":"<div id=\"sp-page\" class=\"spBgcoverscroll sp-content-5\" style=\"background-color: rgb(255, 255, 255); background-image: linear-gradient(0deg, rgba(0, 0, 0, 0.65), rgba(0, 0, 0, 0.65)), url('https:\/\/www.nicecaribe.com\/wp-content\/uploads\/2024\/06\/reemplazo-de-foto-en-nosotros-scaled.jpg') !important; font-family: Raleway, sans-serif; font-weight: 400;\">\n<section id=\"sp-ks8a8s\" data-mobile-visibility=\"#sp-ks8a8s|false\" data-tablet-visibility=\"#sp-ks8a8s|false\" data-desktop-visibility=\"#sp-ks8a8s|false\" data-mobile-css=\"\" data-tablet-css=\"\" class=\"sp-el-section \" style=\"width: 490px; max-width: 100%; padding: 10px 10px 10px 80px; border-radius: 10px;\">\n<div id=\"sp-vw3kvy\" data-mobile-visibility=\"#sp-vw3kvy|false\" data-tablet-visibility=\"#sp-vw3kvy|false\" data-desktop-visibility=\"#sp-vw3kvy|false\" data-mobile-css=\"\" data-tablet-css=\"\" class=\"sp-el-row sm:sp-flex sp-w-full  sp-m-auto sp-justify-between\" style=\"padding: 0px; width: auto; max-width: 1000px;\">\n<div id=\"sp-ovbx1s\" data-mobile-visibility=\"#sp-ovbx1s|false\" data-tablet-visibility=\"#sp-ovbx1s|false\" data-desktop-visibility=\"#sp-ovbx1s|false\" data-mobile-css=\"\" data-tablet-css=\"\" class=\"sp-el-col  sp-w-full\" style=\"width: calc(100% + 0px);\">\n<style type=\"text\/css\">\n      #sp-ovbx1s .sp-col-top .seedprod-shape-fill {fill: undefined;} #sp-ovbx1s .sp-col-top svg {width: undefined%;height: undefinedpx;transform: translateX(-50%);} #sp-ovbx1s .sp-col-bottom .seedprod-shape-fill {fill: undefined;} #sp-ovbx1s .sp-col-bottom svg {width: undefined%;height: undefinedpx;transform: translateX(-50%);}\n    <\/style>\n<div class=\"sp-col-shape sp-col-top\" style=\"z-index: 0;\">\n<div><\/div>\n<\/div>\n<div class=\"sp-col-shape sp-col-bottom\" style=\"z-index: 0;\">\n<div><\/div>\n<\/div>\n<div id=\"sp-niijfv\" data-mobile-css=\"#sp-niijfv|height:40px;\" data-tablet-css=\"#sp-niijfv|height:10px;\" class=\"sp-spacer\" style=\"height: 12px;\"><\/div>\n<figure id=\"sp-xp7nhn\" data-mobile-css=\"#sp-xp7nhn|text-align:center;\" data-tablet-css=\"#sp-xp7nhn|text-align:center;\" class=\"sp-image-wrapper sp-el-block\" style=\"margin: 0px; text-align: left;\">\n<div><span><img loading=\"lazy\" decoding=\"async\" src=\"https:\/\/www.nicecaribe.com\/wp-content\/uploads\/2024\/06\/NICE-CARIBE-Blanco.png\" alt=\"\" width=\"826\" height=\"123\" data-mobile-visibility=\".sp-image-block-xp7nhn|false\" data-tablet-visibility=\".sp-image-block-xp7nhn|false\" data-desktop-visibility=\".sp-image-block-xp7nhn|false\" class=\"sp-image-block-xp7nhn\" style=\"width: 300px;\" srcset=\" https:\/\/www.nicecaribe.com\/wp-content\/uploads\/2024\/06\/NICE-CARIBE-Blanco-150x123.png 150w, https:\/\/www.nicecaribe.com\/wp-content\/uploads\/2024\/06\/NICE-CARIBE-Blanco-300x45.png 300w, https:\/\/www.nicecaribe.com\/wp-content\/uploads\/2024\/06\/NICE-CARIBE-Blanco-18x3.png 18w, https:\/\/www.nicecaribe.com\/wp-content\/uploads\/2024\/06\/NICE-CARIBE-Blanco.png 826w\"><\/span><\/div>\n<\/figure>\n<div id=\"sp-jknss8\" data-mobile-css=\"#sp-jknss8|height:40px;\" data-tablet-css=\"#sp-jknss8|height:10px;\" class=\"sp-spacer\" style=\"height: 39px;\"><\/div>\n<p><span href=\"\" target=\"\" rel=\"\" class=\"sp-header-block-link\" style=\"text-decoration: none;\"><\/p>\n<h1 id=\"sp-y0sc75\" data-mobile-css=\".sp-headline-block-y0sc75, #sp-y0sc75, #y0sc75|font-size:32px;text-align:center;\" data-tablet-css=\".sp-headline-block-y0sc75, #sp-y0sc75, #y0sc75|text-align:center;\" data-mobile-visibility=\".sp-headline-block-y0sc75|false\" data-tablet-visibility=\".sp-headline-block-y0sc75|false\" data-desktop-visibility=\".sp-headline-block-y0sc75|false\" class=\"sp-css-target sp-el-block sp-headline-block-y0sc75 sp-type-header\" style=\"font-size: 38px; text-align: left; margin: 0px;\"><strong>En Mantenimiento<\/strong><\/h1>\n<p><\/span><\/p>\n<div id=\"sp-p7ef8k\" data-mobile-css=\".sp-text-wrapper-p7ef8k, #sp-p7ef8k, #p7ef8k|text-align:center;\" data-tablet-css=\".sp-text-wrapper-p7ef8k, #sp-p7ef8k, #p7ef8k|text-align:left;\" data-mobile-visibility=\".sp-text-wrapper-p7ef8k|false\" data-tablet-visibility=\".sp-text-wrapper-p7ef8k|false\" data-desktop-visibility=\".sp-text-wrapper-p7ef8k|false\" class=\"sp-css-target sp-text-wrapper sp-el-block sp-text-wrapper-p7ef8k\" style=\"font-size: 18px; margin: 0px; text-align: left;\">\n<p>Nuestra p\u00e1gina web se encuentra actualmente en mantenimiento.<\/p>\n<p>&nbsp;<\/p>\n<p>Agradecemos tu paciencia y comprensi\u00f3n. Si necesitas asistencia inmediata, por favor cont\u00e1ctanos a trav\u00e9s de:<\/p>\n<\/div>\n<div id=\"sp-button-parent-q09cvl\" data-mobile-css=\"#sp-button-parent-q09cvl|text-align:center;\" data-tablet-css=\"#sp-button-parent-q09cvl|text-align:center;\" class=\"sp-button-wrapper sp-el-block\" style=\"margin: 0px; text-align: left;\"><a href=\"mailto:info@nicecaribe.com\" id=\"sp-q09cvl\" data-mobile-css=\"\" data-tablet-css=\"\" data-mobile-visibility=\".sp-button-q09cvl|false\" data-tablet-visibility=\".sp-button-q09cvl|false\" data-desktop-visibility=\".sp-button-q09cvl|false\" target=\"\" rel=\"noopener\" class=\"sp-button sp-css-target sp-text-center sp-inline-block sp-leading-none sp-button-q09cvl\" style=\"font-size: 18px; font-weight: 400; font-style: normal; background: transparent; color: rgb(255, 255, 255); width: auto; padding: 12px 16px; border-radius: 4px;\"><i class=\"sp-mr-2 fas fa-envelope\"><\/i><span style=\"font-family: Roboto;\"><strong>info@nicecaribe.com<\/strong><\/span><\/a><\/div>\n<div id=\"sp-d4et4f\" data-mobile-css=\"#sp-d4et4f|height:40px;\" data-tablet-css=\"#sp-d4et4f|height:10px;\" class=\"sp-spacer\" style=\"height: 20px;\"><\/div>\n<div id=\"sp-qkrns1\" data-mobile-css=\"#sp-qkrns1|height:40px;\" data-tablet-css=\"#sp-qkrns1|height:10px;\" class=\"sp-spacer\" style=\"height: 25px;\"><\/div>\n<\/div>\n<\/div>\n<\/section>\n<\/div>\n","protected":false},"excerpt":{"rendered":"<p>En Mantenimiento Nuestra p\u00e1gina web se encuentra actualmente en mantenimiento. &nbsp; Agradecemos tu paciencia y comprensi\u00f3n. Si necesitas asistencia inmediata, por favor cont\u00e1ctanos a trav\u00e9s de: info@nicecaribe.com<\/p>\n","protected":false},"author":2,"featured_media":0,"parent":0,"menu_order":0,"comment_status":"closed","ping_status":"closed","template":"","meta":{"_coblocks_attr":"","_coblocks_dimensions":"","_coblocks_responsive_height":"","_coblocks_accordion_ie_support":"","om_disable_all_campaigns":false,"footnotes":""},"class_list":["post-9844","page","type-page","status-publish","hentry"],"yoast_head":"<!-- This site is optimized with the Yoast SEO plugin v27.5 - https:\/\/yoast.com\/product\/yoast-seo-wordpress\/ -->\n<title>Maintenance - Nice Caribe | Wellness Distributors<\/title>\n<meta name=\"robots\" content=\"index, follow, max-snippet:-1, max-image-preview:large, max-video-preview:-1\" \/>\n<link rel=\"canonical\" href=\"https:\/\/www.nicecaribe.com\/es\/maintenance\/\" \/>\n<meta property=\"og:locale\" content=\"es_ES\" \/>\n<meta property=\"og:type\" content=\"article\" \/>\n<meta property=\"og:title\" content=\"Maintenance - Nice Caribe | Wellness Distributors\" \/>\n<meta property=\"og:description\" content=\"En Mantenimiento Nuestra p\u00e1gina web se encuentra actualmente en mantenimiento. &nbsp; Agradecemos tu paciencia y comprensi\u00f3n. Si necesitas asistencia inmediata, por favor cont\u00e1ctanos a trav\u00e9s de: info@nicecaribe.com\" \/>\n<meta property=\"og:url\" content=\"https:\/\/www.nicecaribe.com\/es\/maintenance\/\" \/>\n<meta property=\"og:site_name\" content=\"Nice Caribe | Wellness Distributors\" \/>\n<meta property=\"article:publisher\" content=\"https:\/\/www.facebook.com\/nicecaribesrl\" \/>\n<meta property=\"og:image\" content=\"https:\/\/www.nicecaribe.com\/wp-content\/uploads\/2024\/06\/NICE-CARIBE-Blanco.png\" \/>\n<meta name=\"twitter:card\" content=\"summary_large_image\" \/>\n<script type=\"application\/ld+json\" class=\"yoast-schema-graph\">{\"@context\":\"https:\\\/\\\/schema.org\",\"@graph\":[{\"@type\":\"WebPage\",\"@id\":\"https:\\\/\\\/www.nicecaribe.com\\\/maintenance\\\/\",\"url\":\"https:\\\/\\\/www.nicecaribe.com\\\/maintenance\\\/\",\"name\":\"Maintenance - Nice Caribe | Wellness Distributors\",\"isPartOf\":{\"@id\":\"https:\\\/\\\/www.nicecaribe.com\\\/es\\\/#website\"},\"primaryImageOfPage\":{\"@id\":\"https:\\\/\\\/www.nicecaribe.com\\\/maintenance\\\/#primaryimage\"},\"image\":{\"@id\":\"https:\\\/\\\/www.nicecaribe.com\\\/maintenance\\\/#primaryimage\"},\"thumbnailUrl\":\"https:\\\/\\\/www.nicecaribe.com\\\/wp-content\\\/uploads\\\/2024\\\/06\\\/NICE-CARIBE-Blanco.png\",\"datePublished\":\"2024-06-24T00:18:16+00:00\",\"breadcrumb\":{\"@id\":\"https:\\\/\\\/www.nicecaribe.com\\\/maintenance\\\/#breadcrumb\"},\"inLanguage\":\"es\",\"potentialAction\":[{\"@type\":\"ReadAction\",\"target\":[\"https:\\\/\\\/www.nicecaribe.com\\\/maintenance\\\/\"]}]},{\"@type\":\"ImageObject\",\"inLanguage\":\"es\",\"@id\":\"https:\\\/\\\/www.nicecaribe.com\\\/maintenance\\\/#primaryimage\",\"url\":\"https:\\\/\\\/www.nicecaribe.com\\\/wp-content\\\/uploads\\\/2024\\\/06\\\/NICE-CARIBE-Blanco.png\",\"contentUrl\":\"https:\\\/\\\/www.nicecaribe.com\\\/wp-content\\\/uploads\\\/2024\\\/06\\\/NICE-CARIBE-Blanco.png\"},{\"@type\":\"BreadcrumbList\",\"@id\":\"https:\\\/\\\/www.nicecaribe.com\\\/maintenance\\\/#breadcrumb\",\"itemListElement\":[{\"@type\":\"ListItem\",\"position\":1,\"name\":\"Home\",\"item\":\"https:\\\/\\\/www.nicecaribe.com\\\/en\\\/\"},{\"@type\":\"ListItem\",\"position\":2,\"name\":\"Maintenance\"}]},{\"@type\":\"WebSite\",\"@id\":\"https:\\\/\\\/www.nicecaribe.com\\\/es\\\/#website\",\"url\":\"https:\\\/\\\/www.nicecaribe.com\\\/es\\\/\",\"name\":\"Nice Caribe | Wellness Distributors\",\"description\":\"Productos para el bienestar integral, elaborados con aceites esenciales de grado terap\u00e9utico y f\u00e1cil incorporaci\u00f3n en tu diario vivir.\",\"publisher\":{\"@id\":\"https:\\\/\\\/www.nicecaribe.com\\\/es\\\/#organization\"},\"potentialAction\":[{\"@type\":\"SearchAction\",\"target\":{\"@type\":\"EntryPoint\",\"urlTemplate\":\"https:\\\/\\\/www.nicecaribe.com\\\/es\\\/?s={search_term_string}\"},\"query-input\":{\"@type\":\"PropertyValueSpecification\",\"valueRequired\":true,\"valueName\":\"search_term_string\"}}],\"inLanguage\":\"es\"},{\"@type\":\"Organization\",\"@id\":\"https:\\\/\\\/www.nicecaribe.com\\\/es\\\/#organization\",\"name\":\"Nice Caribe | Wellness Distributors\",\"url\":\"https:\\\/\\\/www.nicecaribe.com\\\/es\\\/\",\"logo\":{\"@type\":\"ImageObject\",\"inLanguage\":\"es\",\"@id\":\"https:\\\/\\\/www.nicecaribe.com\\\/es\\\/#\\\/schema\\\/logo\\\/image\\\/\",\"url\":\"https:\\\/\\\/www.nicecaribe.com\\\/wp-content\\\/uploads\\\/2024\\\/11\\\/footer-logo-new.png\",\"contentUrl\":\"https:\\\/\\\/www.nicecaribe.com\\\/wp-content\\\/uploads\\\/2024\\\/11\\\/footer-logo-new.png\",\"width\":206,\"height\":41,\"caption\":\"Nice Caribe | Wellness Distributors\"},\"image\":{\"@id\":\"https:\\\/\\\/www.nicecaribe.com\\\/es\\\/#\\\/schema\\\/logo\\\/image\\\/\"},\"sameAs\":[\"https:\\\/\\\/www.facebook.com\\\/nicecaribesrl\",\"https:\\\/\\\/www.instagram.com\\\/nicecariberd\\\/\",\"https:\\\/\\\/www.youtube.com\\\/@nicecaribe\",\"https:\\\/\\\/www.linkedin.com\\\/company\\\/nicecaribe\"]}]}<\/script>\n<!-- \/ Yoast SEO plugin. -->","yoast_head_json":{"title":"Maintenance - Nice Caribe | Wellness Distributors","robots":{"index":"index","follow":"follow","max-snippet":"max-snippet:-1","max-image-preview":"max-image-preview:large","max-video-preview":"max-video-preview:-1"},"canonical":"https:\/\/www.nicecaribe.com\/es\/maintenance\/","og_locale":"es_ES","og_type":"article","og_title":"Maintenance - Nice Caribe | Wellness Distributors","og_description":"En Mantenimiento Nuestra p\u00e1gina web se encuentra actualmente en mantenimiento. &nbsp; Agradecemos tu paciencia y comprensi\u00f3n. Si necesitas asistencia inmediata, por favor cont\u00e1ctanos a trav\u00e9s de: info@nicecaribe.com","og_url":"https:\/\/www.nicecaribe.com\/es\/maintenance\/","og_site_name":"Nice Caribe | Wellness Distributors","article_publisher":"https:\/\/www.facebook.com\/nicecaribesrl","og_image":[{"url":"https:\/\/www.nicecaribe.com\/wp-content\/uploads\/2024\/06\/NICE-CARIBE-Blanco.png","type":"","width":"","height":""}],"twitter_card":"summary_large_image","schema":{"@context":"https:\/\/schema.org","@graph":[{"@type":"WebPage","@id":"https:\/\/www.nicecaribe.com\/maintenance\/","url":"https:\/\/www.nicecaribe.com\/maintenance\/","name":"Maintenance - Nice Caribe | Wellness Distributors","isPartOf":{"@id":"https:\/\/www.nicecaribe.com\/es\/#website"},"primaryImageOfPage":{"@id":"https:\/\/www.nicecaribe.com\/maintenance\/#primaryimage"},"image":{"@id":"https:\/\/www.nicecaribe.com\/maintenance\/#primaryimage"},"thumbnailUrl":"https:\/\/www.nicecaribe.com\/wp-content\/uploads\/2024\/06\/NICE-CARIBE-Blanco.png","datePublished":"2024-06-24T00:18:16+00:00","breadcrumb":{"@id":"https:\/\/www.nicecaribe.com\/maintenance\/#breadcrumb"},"inLanguage":"es","potentialAction":[{"@type":"ReadAction","target":["https:\/\/www.nicecaribe.com\/maintenance\/"]}]},{"@type":"ImageObject","inLanguage":"es","@id":"https:\/\/www.nicecaribe.com\/maintenance\/#primaryimage","url":"https:\/\/www.nicecaribe.com\/wp-content\/uploads\/2024\/06\/NICE-CARIBE-Blanco.png","contentUrl":"https:\/\/www.nicecaribe.com\/wp-content\/uploads\/2024\/06\/NICE-CARIBE-Blanco.png"},{"@type":"BreadcrumbList","@id":"https:\/\/www.nicecaribe.com\/maintenance\/#breadcrumb","itemListElement":[{"@type":"ListItem","position":1,"name":"Home","item":"https:\/\/www.nicecaribe.com\/en\/"},{"@type":"ListItem","position":2,"name":"Maintenance"}]},{"@type":"WebSite","@id":"https:\/\/www.nicecaribe.com\/es\/#website","url":"https:\/\/www.nicecaribe.com\/es\/","name":"Nice Caribe | Wellness Distributors","description":"Productos para el bienestar integral, elaborados con aceites esenciales de grado terap\u00e9utico y f\u00e1cil incorporaci\u00f3n en tu diario vivir.","publisher":{"@id":"https:\/\/www.nicecaribe.com\/es\/#organization"},"potentialAction":[{"@type":"SearchAction","target":{"@type":"EntryPoint","urlTemplate":"https:\/\/www.nicecaribe.com\/es\/?s={search_term_string}"},"query-input":{"@type":"PropertyValueSpecification","valueRequired":true,"valueName":"search_term_string"}}],"inLanguage":"es"},{"@type":"Organization","@id":"https:\/\/www.nicecaribe.com\/es\/#organization","name":"Nice Caribe | Wellness Distributors","url":"https:\/\/www.nicecaribe.com\/es\/","logo":{"@type":"ImageObject","inLanguage":"es","@id":"https:\/\/www.nicecaribe.com\/es\/#\/schema\/logo\/image\/","url":"https:\/\/www.nicecaribe.com\/wp-content\/uploads\/2024\/11\/footer-logo-new.png","contentUrl":"https:\/\/www.nicecaribe.com\/wp-content\/uploads\/2024\/11\/footer-logo-new.png","width":206,"height":41,"caption":"Nice Caribe | Wellness Distributors"},"image":{"@id":"https:\/\/www.nicecaribe.com\/es\/#\/schema\/logo\/image\/"},"sameAs":["https:\/\/www.facebook.com\/nicecaribesrl","https:\/\/www.instagram.com\/nicecariberd\/","https:\/\/www.youtube.com\/@nicecaribe","https:\/\/www.linkedin.com\/company\/nicecaribe"]}]}},"jetpack_sharing_enabled":true,"_links":{"self":[{"href":"https:\/\/www.nicecaribe.com\/es\/wp-json\/wp\/v2\/pages\/9844","targetHints":{"allow":["GET"]}}],"collection":[{"href":"https:\/\/www.nicecaribe.com\/es\/wp-json\/wp\/v2\/pages"}],"about":[{"href":"https:\/\/www.nicecaribe.com\/es\/wp-json\/wp\/v2\/types\/page"}],"author":[{"embeddable":true,"href":"https:\/\/www.nicecaribe.com\/es\/wp-json\/wp\/v2\/users\/2"}],"replies":[{"embeddable":true,"href":"https:\/\/www.nicecaribe.com\/es\/wp-json\/wp\/v2\/comments?post=9844"}],"version-history":[{"count":4,"href":"https:\/\/www.nicecaribe.com\/es\/wp-json\/wp\/v2\/pages\/9844\/revisions"}],"predecessor-version":[{"id":9849,"href":"https:\/\/www.nicecaribe.com\/es\/wp-json\/wp\/v2\/pages\/9844\/revisions\/9849"}],"wp:attachment":[{"href":"https:\/\/www.nicecaribe.com\/es\/wp-json\/wp\/v2\/media?parent=9844"}],"curies":[{"name":"wp","href":"https:\/\/api.w.org\/{rel}","templated":true}]}}