{"id":10097,"date":"2024-08-06T23:23:40","date_gmt":"2024-08-07T03:23:40","guid":{"rendered":"https:\/\/www.nicecaribe.com\/?post_type=product&#038;p=10097"},"modified":"2024-08-06T23:42:27","modified_gmt":"2024-08-07T03:42:27","slug":"almohadilla-de-cuello-con-forro-lavable","status":"publish","type":"product","link":"https:\/\/www.nicecaribe.com\/es\/product\/almohadilla-de-cuello-con-forro-lavable\/","title":{"rendered":"Almohadilla de Cuello con Forro Lavable"},"content":{"rendered":"","protected":false},"excerpt":{"rendered":"","protected":false},"featured_media":10098,"comment_status":"open","ping_status":"closed","template":"","meta":{"_coblocks_attr":"","_coblocks_dimensions":"","_coblocks_responsive_height":"","_coblocks_accordion_ie_support":"","om_disable_all_campaigns":false},"product_brand":[],"product_cat":[104,134],"product_tag":[],"class_list":{"0":"post-10097","1":"product","2":"type-product","3":"status-publish","4":"has-post-thumbnail","6":"product_cat-accesorios","7":"product_cat-almohadas-terapeuticas","9":"first","10":"instock","11":"shipping-taxable","12":"purchasable","13":"product-type-simple"},"yoast_head":"<!-- This site is optimized with the Yoast SEO plugin v27.4 - https:\/\/yoast.com\/product\/yoast-seo-wordpress\/ -->\n<title>Almohadilla de Cuello con Forro Lavable - Nice Caribe | Wellness Distributors<\/title>\n<meta name=\"robots\" content=\"index, follow, max-snippet:-1, max-image-preview:large, max-video-preview:-1\" \/>\n<link rel=\"canonical\" href=\"https:\/\/www.nicecaribe.com\/es\/product\/almohadilla-de-cuello-con-forro-lavable\/\" \/>\n<meta property=\"og:locale\" content=\"es_ES\" \/>\n<meta property=\"og:type\" content=\"article\" \/>\n<meta property=\"og:title\" content=\"Almohadilla de Cuello con Forro Lavable - Nice Caribe | Wellness Distributors\" \/>\n<meta property=\"og:url\" content=\"https:\/\/www.nicecaribe.com\/es\/product\/almohadilla-de-cuello-con-forro-lavable\/\" \/>\n<meta property=\"og:site_name\" content=\"Nice Caribe | Wellness Distributors\" \/>\n<meta property=\"article:publisher\" content=\"https:\/\/www.facebook.com\/nicecaribesrl\" \/>\n<meta property=\"article:modified_time\" content=\"2024-08-07T03:42:27+00:00\" \/>\n<meta property=\"og:image\" content=\"https:\/\/www.nicecaribe.com\/wp-content\/uploads\/2024\/08\/Cuello-podesua.jpg\" \/>\n\t<meta property=\"og:image:width\" content=\"1408\" \/>\n\t<meta property=\"og:image:height\" content=\"1408\" \/>\n\t<meta property=\"og:image:type\" content=\"image\/jpeg\" \/>\n<meta name=\"twitter:card\" content=\"summary_large_image\" \/>\n<meta name=\"twitter:label1\" content=\"Tiempo de lectura\" \/>\n\t<meta name=\"twitter:data1\" content=\"1 minuto\" \/>\n<script type=\"application\/ld+json\" class=\"yoast-schema-graph\">{\"@context\":\"https:\\\/\\\/schema.org\",\"@graph\":[{\"@type\":\"WebPage\",\"@id\":\"https:\\\/\\\/www.nicecaribe.com\\\/product\\\/almohadilla-de-cuello-con-forro-lavable\\\/\",\"url\":\"https:\\\/\\\/www.nicecaribe.com\\\/product\\\/almohadilla-de-cuello-con-forro-lavable\\\/\",\"name\":\"Almohadilla de Cuello con Forro Lavable - Nice Caribe | Wellness Distributors\",\"isPartOf\":{\"@id\":\"https:\\\/\\\/www.nicecaribe.com\\\/es\\\/#website\"},\"primaryImageOfPage\":{\"@id\":\"https:\\\/\\\/www.nicecaribe.com\\\/product\\\/almohadilla-de-cuello-con-forro-lavable\\\/#primaryimage\"},\"image\":{\"@id\":\"https:\\\/\\\/www.nicecaribe.com\\\/product\\\/almohadilla-de-cuello-con-forro-lavable\\\/#primaryimage\"},\"thumbnailUrl\":\"https:\\\/\\\/www.nicecaribe.com\\\/wp-content\\\/uploads\\\/2024\\\/08\\\/Cuello-podesua.jpg\",\"datePublished\":\"2024-08-07T03:23:40+00:00\",\"dateModified\":\"2024-08-07T03:42:27+00:00\",\"breadcrumb\":{\"@id\":\"https:\\\/\\\/www.nicecaribe.com\\\/product\\\/almohadilla-de-cuello-con-forro-lavable\\\/#breadcrumb\"},\"inLanguage\":\"es\",\"potentialAction\":[{\"@type\":\"ReadAction\",\"target\":[\"https:\\\/\\\/www.nicecaribe.com\\\/product\\\/almohadilla-de-cuello-con-forro-lavable\\\/\"]}]},{\"@type\":\"ImageObject\",\"inLanguage\":\"es\",\"@id\":\"https:\\\/\\\/www.nicecaribe.com\\\/product\\\/almohadilla-de-cuello-con-forro-lavable\\\/#primaryimage\",\"url\":\"https:\\\/\\\/www.nicecaribe.com\\\/wp-content\\\/uploads\\\/2024\\\/08\\\/Cuello-podesua.jpg\",\"contentUrl\":\"https:\\\/\\\/www.nicecaribe.com\\\/wp-content\\\/uploads\\\/2024\\\/08\\\/Cuello-podesua.jpg\",\"width\":1408,\"height\":1408},{\"@type\":\"BreadcrumbList\",\"@id\":\"https:\\\/\\\/www.nicecaribe.com\\\/product\\\/almohadilla-de-cuello-con-forro-lavable\\\/#breadcrumb\",\"itemListElement\":[{\"@type\":\"ListItem\",\"position\":1,\"name\":\"Home\",\"item\":\"https:\\\/\\\/www.nicecaribe.com\\\/en\\\/\"},{\"@type\":\"ListItem\",\"position\":2,\"name\":\"Cat\u00e1logo\",\"item\":\"https:\\\/\\\/www.nicecaribe.com\\\/es\\\/catalogo\\\/\"},{\"@type\":\"ListItem\",\"position\":3,\"name\":\"Almohadilla de Cuello con Forro Lavable\"}]},{\"@type\":\"WebSite\",\"@id\":\"https:\\\/\\\/www.nicecaribe.com\\\/es\\\/#website\",\"url\":\"https:\\\/\\\/www.nicecaribe.com\\\/es\\\/\",\"name\":\"Nice Caribe | Wellness Distributors\",\"description\":\"Productos para el bienestar integral, elaborados con aceites esenciales de grado terap\u00e9utico y f\u00e1cil incorporaci\u00f3n en tu diario vivir.\",\"publisher\":{\"@id\":\"https:\\\/\\\/www.nicecaribe.com\\\/es\\\/#organization\"},\"potentialAction\":[{\"@type\":\"SearchAction\",\"target\":{\"@type\":\"EntryPoint\",\"urlTemplate\":\"https:\\\/\\\/www.nicecaribe.com\\\/es\\\/?s={search_term_string}\"},\"query-input\":{\"@type\":\"PropertyValueSpecification\",\"valueRequired\":true,\"valueName\":\"search_term_string\"}}],\"inLanguage\":\"es\"},{\"@type\":\"Organization\",\"@id\":\"https:\\\/\\\/www.nicecaribe.com\\\/es\\\/#organization\",\"name\":\"Nice Caribe | Wellness Distributors\",\"url\":\"https:\\\/\\\/www.nicecaribe.com\\\/es\\\/\",\"logo\":{\"@type\":\"ImageObject\",\"inLanguage\":\"es\",\"@id\":\"https:\\\/\\\/www.nicecaribe.com\\\/es\\\/#\\\/schema\\\/logo\\\/image\\\/\",\"url\":\"https:\\\/\\\/www.nicecaribe.com\\\/wp-content\\\/uploads\\\/2024\\\/11\\\/footer-logo-new.png\",\"contentUrl\":\"https:\\\/\\\/www.nicecaribe.com\\\/wp-content\\\/uploads\\\/2024\\\/11\\\/footer-logo-new.png\",\"width\":206,\"height\":41,\"caption\":\"Nice Caribe | Wellness Distributors\"},\"image\":{\"@id\":\"https:\\\/\\\/www.nicecaribe.com\\\/es\\\/#\\\/schema\\\/logo\\\/image\\\/\"},\"sameAs\":[\"https:\\\/\\\/www.facebook.com\\\/nicecaribesrl\",\"https:\\\/\\\/www.instagram.com\\\/nicecariberd\\\/\",\"https:\\\/\\\/www.youtube.com\\\/@nicecaribe\",\"https:\\\/\\\/www.linkedin.com\\\/company\\\/nicecaribe\"]}]}<\/script>\n<!-- \/ Yoast SEO plugin. -->","yoast_head_json":{"title":"Almohadilla de Cuello con Forro Lavable - Nice Caribe | Wellness Distributors","robots":{"index":"index","follow":"follow","max-snippet":"max-snippet:-1","max-image-preview":"max-image-preview:large","max-video-preview":"max-video-preview:-1"},"canonical":"https:\/\/www.nicecaribe.com\/es\/product\/almohadilla-de-cuello-con-forro-lavable\/","og_locale":"es_ES","og_type":"article","og_title":"Almohadilla de Cuello con Forro Lavable - Nice Caribe | Wellness Distributors","og_url":"https:\/\/www.nicecaribe.com\/es\/product\/almohadilla-de-cuello-con-forro-lavable\/","og_site_name":"Nice Caribe | Wellness Distributors","article_publisher":"https:\/\/www.facebook.com\/nicecaribesrl","article_modified_time":"2024-08-07T03:42:27+00:00","og_image":[{"width":1408,"height":1408,"url":"https:\/\/www.nicecaribe.com\/wp-content\/uploads\/2024\/08\/Cuello-podesua.jpg","type":"image\/jpeg"}],"twitter_card":"summary_large_image","twitter_misc":{"Tiempo de lectura":"1 minuto"},"schema":{"@context":"https:\/\/schema.org","@graph":[{"@type":"WebPage","@id":"https:\/\/www.nicecaribe.com\/product\/almohadilla-de-cuello-con-forro-lavable\/","url":"https:\/\/www.nicecaribe.com\/product\/almohadilla-de-cuello-con-forro-lavable\/","name":"Almohadilla de Cuello con Forro Lavable - Nice Caribe | Wellness Distributors","isPartOf":{"@id":"https:\/\/www.nicecaribe.com\/es\/#website"},"primaryImageOfPage":{"@id":"https:\/\/www.nicecaribe.com\/product\/almohadilla-de-cuello-con-forro-lavable\/#primaryimage"},"image":{"@id":"https:\/\/www.nicecaribe.com\/product\/almohadilla-de-cuello-con-forro-lavable\/#primaryimage"},"thumbnailUrl":"https:\/\/www.nicecaribe.com\/wp-content\/uploads\/2024\/08\/Cuello-podesua.jpg","datePublished":"2024-08-07T03:23:40+00:00","dateModified":"2024-08-07T03:42:27+00:00","breadcrumb":{"@id":"https:\/\/www.nicecaribe.com\/product\/almohadilla-de-cuello-con-forro-lavable\/#breadcrumb"},"inLanguage":"es","potentialAction":[{"@type":"ReadAction","target":["https:\/\/www.nicecaribe.com\/product\/almohadilla-de-cuello-con-forro-lavable\/"]}]},{"@type":"ImageObject","inLanguage":"es","@id":"https:\/\/www.nicecaribe.com\/product\/almohadilla-de-cuello-con-forro-lavable\/#primaryimage","url":"https:\/\/www.nicecaribe.com\/wp-content\/uploads\/2024\/08\/Cuello-podesua.jpg","contentUrl":"https:\/\/www.nicecaribe.com\/wp-content\/uploads\/2024\/08\/Cuello-podesua.jpg","width":1408,"height":1408},{"@type":"BreadcrumbList","@id":"https:\/\/www.nicecaribe.com\/product\/almohadilla-de-cuello-con-forro-lavable\/#breadcrumb","itemListElement":[{"@type":"ListItem","position":1,"name":"Home","item":"https:\/\/www.nicecaribe.com\/en\/"},{"@type":"ListItem","position":2,"name":"Cat\u00e1logo","item":"https:\/\/www.nicecaribe.com\/es\/catalogo\/"},{"@type":"ListItem","position":3,"name":"Almohadilla de Cuello con Forro Lavable"}]},{"@type":"WebSite","@id":"https:\/\/www.nicecaribe.com\/es\/#website","url":"https:\/\/www.nicecaribe.com\/es\/","name":"Nice Caribe | Wellness Distributors","description":"Productos para el bienestar integral, elaborados con aceites esenciales de grado terap\u00e9utico y f\u00e1cil incorporaci\u00f3n en tu diario vivir.","publisher":{"@id":"https:\/\/www.nicecaribe.com\/es\/#organization"},"potentialAction":[{"@type":"SearchAction","target":{"@type":"EntryPoint","urlTemplate":"https:\/\/www.nicecaribe.com\/es\/?s={search_term_string}"},"query-input":{"@type":"PropertyValueSpecification","valueRequired":true,"valueName":"search_term_string"}}],"inLanguage":"es"},{"@type":"Organization","@id":"https:\/\/www.nicecaribe.com\/es\/#organization","name":"Nice Caribe | Wellness Distributors","url":"https:\/\/www.nicecaribe.com\/es\/","logo":{"@type":"ImageObject","inLanguage":"es","@id":"https:\/\/www.nicecaribe.com\/es\/#\/schema\/logo\/image\/","url":"https:\/\/www.nicecaribe.com\/wp-content\/uploads\/2024\/11\/footer-logo-new.png","contentUrl":"https:\/\/www.nicecaribe.com\/wp-content\/uploads\/2024\/11\/footer-logo-new.png","width":206,"height":41,"caption":"Nice Caribe | Wellness Distributors"},"image":{"@id":"https:\/\/www.nicecaribe.com\/es\/#\/schema\/logo\/image\/"},"sameAs":["https:\/\/www.facebook.com\/nicecaribesrl","https:\/\/www.instagram.com\/nicecariberd\/","https:\/\/www.youtube.com\/@nicecaribe","https:\/\/www.linkedin.com\/company\/nicecaribe"]}]}},"jetpack_sharing_enabled":true,"_links":{"self":[{"href":"https:\/\/www.nicecaribe.com\/es\/wp-json\/wp\/v2\/product\/10097","targetHints":{"allow":["GET"]}}],"collection":[{"href":"https:\/\/www.nicecaribe.com\/es\/wp-json\/wp\/v2\/product"}],"about":[{"href":"https:\/\/www.nicecaribe.com\/es\/wp-json\/wp\/v2\/types\/product"}],"replies":[{"embeddable":true,"href":"https:\/\/www.nicecaribe.com\/es\/wp-json\/wp\/v2\/comments?post=10097"}],"wp:featuredmedia":[{"embeddable":true,"href":"https:\/\/www.nicecaribe.com\/es\/wp-json\/wp\/v2\/media\/10098"}],"wp:attachment":[{"href":"https:\/\/www.nicecaribe.com\/es\/wp-json\/wp\/v2\/media?parent=10097"}],"wp:term":[{"taxonomy":"product_brand","embeddable":true,"href":"https:\/\/www.nicecaribe.com\/es\/wp-json\/wp\/v2\/product_brand?post=10097"},{"taxonomy":"product_cat","embeddable":true,"href":"https:\/\/www.nicecaribe.com\/es\/wp-json\/wp\/v2\/product_cat?post=10097"},{"taxonomy":"product_tag","embeddable":true,"href":"https:\/\/www.nicecaribe.com\/es\/wp-json\/wp\/v2\/product_tag?post=10097"}],"curies":[{"name":"wp","href":"https:\/\/api.w.org\/{rel}","templated":true}]}}