{"id":8646,"date":"2021-12-30T18:04:46","date_gmt":"2021-12-30T18:04:46","guid":{"rendered":"https:\/\/www.nicecaribe.com\/product\/almohada-para-espalda-microfibra\/"},"modified":"2022-04-04T00:09:27","modified_gmt":"2022-04-04T00:09:27","slug":"almohada-para-espalda-microfibra","status":"publish","type":"product","link":"https:\/\/www.nicecaribe.com\/es\/product\/almohada-para-espalda-microfibra\/","title":{"rendered":"Almohada Para Espalda en Microfibra"},"content":{"rendered":"","protected":false},"excerpt":{"rendered":"<p>Ayuda a relajar y prevenir los dolores por tensi\u00f3n muscular de la espalda completa. Su contenido de elementos naturales a base de cereal y especias, ofrecen un agradable efecto terap\u00e9utico natural y eficaz. Adicionalmente, su dise\u00f1o permite hacer uso complementario utiliz\u00e1ndolo en cualquier \u00e1rea que se requiera el efecto terap\u00e9utico de calor.<\/p>\n","protected":false},"featured_media":9126,"comment_status":"open","ping_status":"closed","template":"","meta":{"_coblocks_attr":"","_coblocks_dimensions":"","_coblocks_responsive_height":"","_coblocks_accordion_ie_support":"","om_disable_all_campaigns":false},"product_brand":[],"product_cat":[104,134],"product_tag":[],"class_list":{"0":"post-8646","1":"product","2":"type-product","3":"status-publish","4":"has-post-thumbnail","6":"product_cat-accesorios","7":"product_cat-almohadas-terapeuticas","9":"first","10":"instock","11":"sold-individually","12":"purchasable","13":"product-type-simple"},"yoast_head":"<!-- This site is optimized with the Yoast SEO plugin v27.4 - https:\/\/yoast.com\/product\/yoast-seo-wordpress\/ -->\n<title>Almohada Para Espalda en Microfibra - Nice Caribe | Wellness Distributors<\/title>\n<meta name=\"robots\" content=\"index, follow, max-snippet:-1, max-image-preview:large, max-video-preview:-1\" \/>\n<link rel=\"canonical\" href=\"https:\/\/www.nicecaribe.com\/es\/product\/almohada-para-espalda-microfibra\/\" \/>\n<meta property=\"og:locale\" content=\"es_ES\" \/>\n<meta property=\"og:type\" content=\"article\" \/>\n<meta property=\"og:title\" content=\"Almohada Para Espalda en Microfibra - Nice Caribe | Wellness Distributors\" \/>\n<meta property=\"og:description\" content=\"Ayuda a relajar y prevenir los dolores por tensi\u00f3n muscular de la espalda completa. Su contenido de elementos naturales a base de cereal y especias, ofrecen un agradable efecto terap\u00e9utico natural y eficaz. Adicionalmente, su dise\u00f1o permite hacer uso complementario utiliz\u00e1ndolo en cualquier \u00e1rea que se requiera el efecto terap\u00e9utico de calor.\" \/>\n<meta property=\"og:url\" content=\"https:\/\/www.nicecaribe.com\/es\/product\/almohada-para-espalda-microfibra\/\" \/>\n<meta property=\"og:site_name\" content=\"Nice Caribe | Wellness Distributors\" \/>\n<meta property=\"article:publisher\" content=\"https:\/\/www.facebook.com\/nicecaribesrl\" \/>\n<meta property=\"article:modified_time\" content=\"2022-04-04T00:09:27+00:00\" \/>\n<meta property=\"og:image\" content=\"https:\/\/www.nicecaribe.com\/wp-content\/uploads\/2021\/12\/ALM-ESPALDA2.jpg\" \/>\n\t<meta property=\"og:image:width\" content=\"1024\" \/>\n\t<meta property=\"og:image:height\" content=\"1024\" \/>\n\t<meta property=\"og:image:type\" content=\"image\/jpeg\" \/>\n<meta name=\"twitter:card\" content=\"summary_large_image\" \/>\n<script type=\"application\/ld+json\" class=\"yoast-schema-graph\">{\"@context\":\"https:\\\/\\\/schema.org\",\"@graph\":[{\"@type\":\"WebPage\",\"@id\":\"https:\\\/\\\/www.nicecaribe.com\\\/product\\\/almohada-para-espalda-microfibra\\\/\",\"url\":\"https:\\\/\\\/www.nicecaribe.com\\\/product\\\/almohada-para-espalda-microfibra\\\/\",\"name\":\"Almohada Para Espalda en Microfibra - Nice Caribe | Wellness Distributors\",\"isPartOf\":{\"@id\":\"https:\\\/\\\/www.nicecaribe.com\\\/es\\\/#website\"},\"primaryImageOfPage\":{\"@id\":\"https:\\\/\\\/www.nicecaribe.com\\\/product\\\/almohada-para-espalda-microfibra\\\/#primaryimage\"},\"image\":{\"@id\":\"https:\\\/\\\/www.nicecaribe.com\\\/product\\\/almohada-para-espalda-microfibra\\\/#primaryimage\"},\"thumbnailUrl\":\"https:\\\/\\\/www.nicecaribe.com\\\/wp-content\\\/uploads\\\/2021\\\/12\\\/ALM-ESPALDA2.jpg\",\"datePublished\":\"2021-12-30T18:04:46+00:00\",\"dateModified\":\"2022-04-04T00:09:27+00:00\",\"breadcrumb\":{\"@id\":\"https:\\\/\\\/www.nicecaribe.com\\\/product\\\/almohada-para-espalda-microfibra\\\/#breadcrumb\"},\"inLanguage\":\"es\",\"potentialAction\":[{\"@type\":\"ReadAction\",\"target\":[\"https:\\\/\\\/www.nicecaribe.com\\\/product\\\/almohada-para-espalda-microfibra\\\/\"]}]},{\"@type\":\"ImageObject\",\"inLanguage\":\"es\",\"@id\":\"https:\\\/\\\/www.nicecaribe.com\\\/product\\\/almohada-para-espalda-microfibra\\\/#primaryimage\",\"url\":\"https:\\\/\\\/www.nicecaribe.com\\\/wp-content\\\/uploads\\\/2021\\\/12\\\/ALM-ESPALDA2.jpg\",\"contentUrl\":\"https:\\\/\\\/www.nicecaribe.com\\\/wp-content\\\/uploads\\\/2021\\\/12\\\/ALM-ESPALDA2.jpg\",\"width\":1024,\"height\":1024},{\"@type\":\"BreadcrumbList\",\"@id\":\"https:\\\/\\\/www.nicecaribe.com\\\/product\\\/almohada-para-espalda-microfibra\\\/#breadcrumb\",\"itemListElement\":[{\"@type\":\"ListItem\",\"position\":1,\"name\":\"Home\",\"item\":\"https:\\\/\\\/www.nicecaribe.com\\\/en\\\/\"},{\"@type\":\"ListItem\",\"position\":2,\"name\":\"Cat\u00e1logo\",\"item\":\"https:\\\/\\\/www.nicecaribe.com\\\/es\\\/catalogo\\\/\"},{\"@type\":\"ListItem\",\"position\":3,\"name\":\"Almohada Para Espalda en Microfibra\"}]},{\"@type\":\"WebSite\",\"@id\":\"https:\\\/\\\/www.nicecaribe.com\\\/es\\\/#website\",\"url\":\"https:\\\/\\\/www.nicecaribe.com\\\/es\\\/\",\"name\":\"Nice Caribe | Wellness Distributors\",\"description\":\"Productos para el bienestar integral, elaborados con aceites esenciales de grado terap\u00e9utico y f\u00e1cil incorporaci\u00f3n en tu diario vivir.\",\"publisher\":{\"@id\":\"https:\\\/\\\/www.nicecaribe.com\\\/es\\\/#organization\"},\"potentialAction\":[{\"@type\":\"SearchAction\",\"target\":{\"@type\":\"EntryPoint\",\"urlTemplate\":\"https:\\\/\\\/www.nicecaribe.com\\\/es\\\/?s={search_term_string}\"},\"query-input\":{\"@type\":\"PropertyValueSpecification\",\"valueRequired\":true,\"valueName\":\"search_term_string\"}}],\"inLanguage\":\"es\"},{\"@type\":\"Organization\",\"@id\":\"https:\\\/\\\/www.nicecaribe.com\\\/es\\\/#organization\",\"name\":\"Nice Caribe | Wellness Distributors\",\"url\":\"https:\\\/\\\/www.nicecaribe.com\\\/es\\\/\",\"logo\":{\"@type\":\"ImageObject\",\"inLanguage\":\"es\",\"@id\":\"https:\\\/\\\/www.nicecaribe.com\\\/es\\\/#\\\/schema\\\/logo\\\/image\\\/\",\"url\":\"https:\\\/\\\/www.nicecaribe.com\\\/wp-content\\\/uploads\\\/2024\\\/11\\\/footer-logo-new.png\",\"contentUrl\":\"https:\\\/\\\/www.nicecaribe.com\\\/wp-content\\\/uploads\\\/2024\\\/11\\\/footer-logo-new.png\",\"width\":206,\"height\":41,\"caption\":\"Nice Caribe | Wellness Distributors\"},\"image\":{\"@id\":\"https:\\\/\\\/www.nicecaribe.com\\\/es\\\/#\\\/schema\\\/logo\\\/image\\\/\"},\"sameAs\":[\"https:\\\/\\\/www.facebook.com\\\/nicecaribesrl\",\"https:\\\/\\\/www.instagram.com\\\/nicecariberd\\\/\",\"https:\\\/\\\/www.youtube.com\\\/@nicecaribe\",\"https:\\\/\\\/www.linkedin.com\\\/company\\\/nicecaribe\"]}]}<\/script>\n<!-- \/ Yoast SEO plugin. -->","yoast_head_json":{"title":"Almohada Para Espalda en Microfibra - Nice Caribe | Wellness Distributors","robots":{"index":"index","follow":"follow","max-snippet":"max-snippet:-1","max-image-preview":"max-image-preview:large","max-video-preview":"max-video-preview:-1"},"canonical":"https:\/\/www.nicecaribe.com\/es\/product\/almohada-para-espalda-microfibra\/","og_locale":"es_ES","og_type":"article","og_title":"Almohada Para Espalda en Microfibra - Nice Caribe | Wellness Distributors","og_description":"Ayuda a relajar y prevenir los dolores por tensi\u00f3n muscular de la espalda completa. Su contenido de elementos naturales a base de cereal y especias, ofrecen un agradable efecto terap\u00e9utico natural y eficaz. Adicionalmente, su dise\u00f1o permite hacer uso complementario utiliz\u00e1ndolo en cualquier \u00e1rea que se requiera el efecto terap\u00e9utico de calor.","og_url":"https:\/\/www.nicecaribe.com\/es\/product\/almohada-para-espalda-microfibra\/","og_site_name":"Nice Caribe | Wellness Distributors","article_publisher":"https:\/\/www.facebook.com\/nicecaribesrl","article_modified_time":"2022-04-04T00:09:27+00:00","og_image":[{"width":1024,"height":1024,"url":"https:\/\/www.nicecaribe.com\/wp-content\/uploads\/2021\/12\/ALM-ESPALDA2.jpg","type":"image\/jpeg"}],"twitter_card":"summary_large_image","schema":{"@context":"https:\/\/schema.org","@graph":[{"@type":"WebPage","@id":"https:\/\/www.nicecaribe.com\/product\/almohada-para-espalda-microfibra\/","url":"https:\/\/www.nicecaribe.com\/product\/almohada-para-espalda-microfibra\/","name":"Almohada Para Espalda en Microfibra - Nice Caribe | Wellness Distributors","isPartOf":{"@id":"https:\/\/www.nicecaribe.com\/es\/#website"},"primaryImageOfPage":{"@id":"https:\/\/www.nicecaribe.com\/product\/almohada-para-espalda-microfibra\/#primaryimage"},"image":{"@id":"https:\/\/www.nicecaribe.com\/product\/almohada-para-espalda-microfibra\/#primaryimage"},"thumbnailUrl":"https:\/\/www.nicecaribe.com\/wp-content\/uploads\/2021\/12\/ALM-ESPALDA2.jpg","datePublished":"2021-12-30T18:04:46+00:00","dateModified":"2022-04-04T00:09:27+00:00","breadcrumb":{"@id":"https:\/\/www.nicecaribe.com\/product\/almohada-para-espalda-microfibra\/#breadcrumb"},"inLanguage":"es","potentialAction":[{"@type":"ReadAction","target":["https:\/\/www.nicecaribe.com\/product\/almohada-para-espalda-microfibra\/"]}]},{"@type":"ImageObject","inLanguage":"es","@id":"https:\/\/www.nicecaribe.com\/product\/almohada-para-espalda-microfibra\/#primaryimage","url":"https:\/\/www.nicecaribe.com\/wp-content\/uploads\/2021\/12\/ALM-ESPALDA2.jpg","contentUrl":"https:\/\/www.nicecaribe.com\/wp-content\/uploads\/2021\/12\/ALM-ESPALDA2.jpg","width":1024,"height":1024},{"@type":"BreadcrumbList","@id":"https:\/\/www.nicecaribe.com\/product\/almohada-para-espalda-microfibra\/#breadcrumb","itemListElement":[{"@type":"ListItem","position":1,"name":"Home","item":"https:\/\/www.nicecaribe.com\/en\/"},{"@type":"ListItem","position":2,"name":"Cat\u00e1logo","item":"https:\/\/www.nicecaribe.com\/es\/catalogo\/"},{"@type":"ListItem","position":3,"name":"Almohada Para Espalda en Microfibra"}]},{"@type":"WebSite","@id":"https:\/\/www.nicecaribe.com\/es\/#website","url":"https:\/\/www.nicecaribe.com\/es\/","name":"Nice Caribe | Wellness Distributors","description":"Productos para el bienestar integral, elaborados con aceites esenciales de grado terap\u00e9utico y f\u00e1cil incorporaci\u00f3n en tu diario vivir.","publisher":{"@id":"https:\/\/www.nicecaribe.com\/es\/#organization"},"potentialAction":[{"@type":"SearchAction","target":{"@type":"EntryPoint","urlTemplate":"https:\/\/www.nicecaribe.com\/es\/?s={search_term_string}"},"query-input":{"@type":"PropertyValueSpecification","valueRequired":true,"valueName":"search_term_string"}}],"inLanguage":"es"},{"@type":"Organization","@id":"https:\/\/www.nicecaribe.com\/es\/#organization","name":"Nice Caribe | Wellness Distributors","url":"https:\/\/www.nicecaribe.com\/es\/","logo":{"@type":"ImageObject","inLanguage":"es","@id":"https:\/\/www.nicecaribe.com\/es\/#\/schema\/logo\/image\/","url":"https:\/\/www.nicecaribe.com\/wp-content\/uploads\/2024\/11\/footer-logo-new.png","contentUrl":"https:\/\/www.nicecaribe.com\/wp-content\/uploads\/2024\/11\/footer-logo-new.png","width":206,"height":41,"caption":"Nice Caribe | Wellness Distributors"},"image":{"@id":"https:\/\/www.nicecaribe.com\/es\/#\/schema\/logo\/image\/"},"sameAs":["https:\/\/www.facebook.com\/nicecaribesrl","https:\/\/www.instagram.com\/nicecariberd\/","https:\/\/www.youtube.com\/@nicecaribe","https:\/\/www.linkedin.com\/company\/nicecaribe"]}]}},"jetpack_sharing_enabled":true,"_links":{"self":[{"href":"https:\/\/www.nicecaribe.com\/es\/wp-json\/wp\/v2\/product\/8646","targetHints":{"allow":["GET"]}}],"collection":[{"href":"https:\/\/www.nicecaribe.com\/es\/wp-json\/wp\/v2\/product"}],"about":[{"href":"https:\/\/www.nicecaribe.com\/es\/wp-json\/wp\/v2\/types\/product"}],"replies":[{"embeddable":true,"href":"https:\/\/www.nicecaribe.com\/es\/wp-json\/wp\/v2\/comments?post=8646"}],"wp:featuredmedia":[{"embeddable":true,"href":"https:\/\/www.nicecaribe.com\/es\/wp-json\/wp\/v2\/media\/9126"}],"wp:attachment":[{"href":"https:\/\/www.nicecaribe.com\/es\/wp-json\/wp\/v2\/media?parent=8646"}],"wp:term":[{"taxonomy":"product_brand","embeddable":true,"href":"https:\/\/www.nicecaribe.com\/es\/wp-json\/wp\/v2\/product_brand?post=8646"},{"taxonomy":"product_cat","embeddable":true,"href":"https:\/\/www.nicecaribe.com\/es\/wp-json\/wp\/v2\/product_cat?post=8646"},{"taxonomy":"product_tag","embeddable":true,"href":"https:\/\/www.nicecaribe.com\/es\/wp-json\/wp\/v2\/product_tag?post=8646"}],"curies":[{"name":"wp","href":"https:\/\/api.w.org\/{rel}","templated":true}]}}